{"id":2189,"date":"2019-08-16T02:45:01","date_gmt":"2019-08-16T02:45:01","guid":{"rendered":"https:\/\/ciscomeraki.systems\/kontakta-oss\/"},"modified":"2019-08-17T11:39:07","modified_gmt":"2019-08-17T11:39:07","slug":"kontakta-oss","status":"publish","type":"page","link":"https:\/\/ciscomeraki.systems\/en\/kontakta-oss\/","title":{"rendered":"Kontakta"},"content":{"rendered":"<div class=\"wpb-content-wrapper\"><div class=\"vc_row wpb_row top-row m-b-xl porto-inner-container wpb_custom_034b39d9bc6c6b310d69e39f0ccf274f\"><div class=\"porto-wrap-container container\"><div class=\"row\"><div class=\"vc_column_container col-md-6\"><div class=\"wpb_wrapper vc_column-inner\"><div class=\"vc_empty_space\"   style=\"height: 52px\"><span class=\"vc_empty_space_inner\"><\/span><\/div>\n<div class=\"wpcf7 no-js\" id=\"wpcf7-f2396-o1\" lang=\"en\" dir=\"ltr\" data-wpcf7-id=\"2396\">\n<div class=\"screen-reader-response\"><p role=\"status\" aria-live=\"polite\" aria-atomic=\"true\"><\/p> <ul><\/ul><\/div>\n<form action=\"\/en\/wp-json\/wp\/v2\/pages\/2189#wpcf7-f2396-o1\" method=\"post\" class=\"wpcf7-form init\" aria-label=\"Contact form\" novalidate=\"novalidate\" data-status=\"init\">\n<fieldset class=\"hidden-fields-container\"><input type=\"hidden\" name=\"_wpcf7\" value=\"2396\" \/><input type=\"hidden\" name=\"_wpcf7_version\" value=\"6.1.5\" \/><input type=\"hidden\" name=\"_wpcf7_locale\" value=\"en\" \/><input type=\"hidden\" name=\"_wpcf7_unit_tag\" value=\"wpcf7-f2396-o1\" \/><input type=\"hidden\" name=\"_wpcf7_container_post\" value=\"0\" \/><input type=\"hidden\" name=\"_wpcf7_posted_data_hash\" value=\"\" \/><input type=\"hidden\" name=\"_wpcf7_recaptcha_response\" value=\"\" \/>\n<\/fieldset>\n<label> Ditt namn (Kr\u00e4vs)\n    <span class=\"wpcf7-form-control-wrap\" data-name=\"your-name\"><input size=\"40\" maxlength=\"400\" class=\"wpcf7-form-control wpcf7-text wpcf7-validates-as-required\" aria-required=\"true\" aria-invalid=\"false\" value=\"\" type=\"text\" name=\"your-name\" \/><\/span> <\/label>\n\n<label> Din email (Kr\u00e4vs)\n    <span class=\"wpcf7-form-control-wrap\" data-name=\"your-email\"><input size=\"40\" maxlength=\"400\" class=\"wpcf7-form-control wpcf7-email wpcf7-validates-as-required wpcf7-text wpcf7-validates-as-email\" aria-required=\"true\" aria-invalid=\"false\" value=\"\" type=\"email\" name=\"your-email\" \/><\/span> <\/label>\n\n<label> \u00c4mne\n    <span class=\"wpcf7-form-control-wrap\" data-name=\"your-subject\"><input size=\"40\" maxlength=\"400\" class=\"wpcf7-form-control wpcf7-text\" aria-invalid=\"false\" value=\"\" type=\"text\" name=\"your-subject\" \/><\/span> <\/label>\n\n<label> Ditt meddelande\n    <span class=\"wpcf7-form-control-wrap\" data-name=\"your-message\"><textarea cols=\"40\" rows=\"10\" maxlength=\"2000\" class=\"wpcf7-form-control wpcf7-textarea\" aria-invalid=\"false\" name=\"your-message\"><\/textarea><\/span> <\/label>\n\n<input class=\"wpcf7-form-control wpcf7-submit has-spinner\" type=\"submit\" value=\"KONTAKTA OSS\" \/><div class=\"wpcf7-response-output\" aria-hidden=\"true\"><\/div>\n<\/form>\n<\/div>\n<\/div><\/div><div class=\"vc_column_container col-md-6\"><div class=\"wpb_wrapper vc_column-inner\"><div class=\"vc_empty_space\"   style=\"height: 52px\"><span class=\"vc_empty_space_inner\"><\/span><\/div><h4  class=\"vc_custom_heading vc_do_custom_heading m-t wpb_custom_aa365bd5046e8294520b4e73732b9d15 align-left heading-primary\" >Ta <strong>kontakt<\/strong><\/h4>\r\n\t<div class=\"wpb_text_column wpb_content_element wpb_custom_7c91d232724f73626cc933bd95b25ff0\" >\r\n\t\t<div class=\"wpb_wrapper\">\r\n\t\t\t<p>Tveka inte att kontakta David!<br \/>\nAlla s\u00e4ljrelaterade fr\u00e5gor \u00e4r goda nyheter f\u00f6r oss och v\u00e4nligen rita en snabb layout \u00f6ver ditt n\u00e4tverk och olika kontor!<\/p>\n\r\n\t\t<\/div>\r\n\t<\/div>\r\n<div class=\"porto-separator  \"><hr class=\"separator-line  wpb_content_element align_center\"><\/div><h4  class=\"vc_custom_heading vc_do_custom_heading wpb_custom_aa365bd5046e8294520b4e73732b9d15 align-left heading-primary\" ><strong>Kontoret<\/strong><\/h4>[bsf-info-box icon=&#8221;Defaults-map-marker&#8221; icon_size=&#8221;14&#8243; icon_color=&#8221;#ffffff&#8221; icon_style=&#8221;circle&#8221; icon_color_bg=&#8221;#0088cc&#8221; title=&#8221;<strong>Adress:<\/strong> Storgatan 16B, 39232 KALMAR, SWEDEN&#8221; title_font_size=&#8221;desktop:14px;&#8221; title_font_color=&#8221;#777777&#8243;][\/bsf-info-box][bsf-info-box icon=&#8221;Defaults-phone&#8221; icon_size=&#8221;14&#8243; icon_color=&#8221;#ffffff&#8221; icon_style=&#8221;circle&#8221; icon_color_bg=&#8221;#0088cc&#8221; title=&#8221;<strong>Telefon:<\/strong> 004648088887&#8243; el_class=&#8221;m-t-n&#8221; title_font_size=&#8221;desktop:14px;&#8221; title_font_color=&#8221;#777777&#8243;][\/bsf-info-box][bsf-info-box icon=&#8221;Defaults-envelope&#8221; icon_size=&#8221;14&#8243; icon_color=&#8221;#ffffff&#8221; icon_style=&#8221;circle&#8221; icon_color_bg=&#8221;#0088cc&#8221; title=&#8221;<strong>Email:<\/strong> contact@ciscomeraki.systems&#8221; el_class=&#8221;m-t-n&#8221; title_font_size=&#8221;desktop:14px;&#8221; title_font_color=&#8221;#777777&#8243;][\/bsf-info-box]<div class=\"porto-separator  \"><hr class=\"separator-line  wpb_content_element align_center\"><\/div><h4  class=\"vc_custom_heading vc_do_custom_heading wpb_custom_aa365bd5046e8294520b4e73732b9d15 align-left heading-primary\" >\u00d6ppet <strong>tider<\/strong><\/h4>[bsf-info-box icon=&#8221;Defaults-clock-o&#8221; icon_size=&#8221;14&#8243; title=&#8221;Monday \u2013 Friday 10:00 to 17:00&#8243; title_font_size=&#8221;desktop:14px;&#8221; title_font_color=&#8221;#777777&#8243;][\/bsf-info-box][bsf-info-box icon=&#8221;Defaults-clock-o&#8221; icon_size=&#8221;14&#8243; title=&#8221;Saturday \u2013 11:00 to 14:00&#8243; el_class=&#8221;m-t-n&#8221; title_font_size=&#8221;desktop:14px;&#8221; title_font_color=&#8221;#777777&#8243;][\/bsf-info-box][bsf-info-box icon=&#8221;Defaults-clock-o&#8221; icon_size=&#8221;14&#8243; title=&#8221;Sunday \u2013 Closed&#8221; el_class=&#8221;m-t-n&#8221; title_font_size=&#8221;desktop:14px;&#8221; title_font_color=&#8221;#777777&#8243;][\/bsf-info-box]<\/div><\/div><div class=\"vc_column_container col-md-12\"><div class=\"wpb_wrapper vc_column-inner\"><\/div><\/div><\/div><\/div><\/div>\n<\/div>","protected":false},"excerpt":{"rendered":"Ditt namn (Kr\u00e4vs) Din email (Kr\u00e4vs) \u00c4mne Ditt meddelande Ta kontakt Tveka inte att kontakta David! Alla s\u00e4ljrelaterade fr\u00e5gor \u00e4r goda nyheter f\u00f6r oss och v\u00e4nligen rita en snabb layout \u00f6ver ditt n\u00e4tverk och olika kontor! Kontoret[bsf-info-box icon=\"Defaults-map-marker\" icon_size=\"14\" icon_color=\"#ffffff\" icon_style=\"circle\" icon_color_bg=\"#0088cc\" title=\"Adress: Storgatan 16B, 39232 KALMAR, SWEDEN\" title_font_size=\"desktop:14px;\" title_font_color=\"#777777\"][\/bsf-info-box][bsf-info-box icon=\"Defaults-phone\" icon_size=\"14\" icon_color=\"#ffffff\" icon_style=\"circle\" icon_color_bg=\"#0088cc\" [...]","protected":false},"author":1,"featured_media":0,"parent":0,"menu_order":0,"comment_status":"closed","ping_status":"closed","template":"","meta":{"footnotes":""},"class_list":["post-2189","page","type-page","status-publish","hentry"],"yoast_head":"<!-- This site is optimized with the Yoast SEO plugin v27.3 - https:\/\/yoast.com\/product\/yoast-seo-wordpress\/ -->\n<title>Kontakta - CISCO MERAKI<\/title>\n<meta name=\"robots\" content=\"index, follow, max-snippet:-1, max-image-preview:large, max-video-preview:-1\" \/>\n<link rel=\"canonical\" href=\"https:\/\/ciscomeraki.systems\/en\/kontakta-oss\/\" \/>\n<meta property=\"og:locale\" content=\"en_US\" \/>\n<meta property=\"og:type\" content=\"article\" \/>\n<meta property=\"og:title\" content=\"Kontakta - CISCO MERAKI\" \/>\n<meta property=\"og:url\" content=\"https:\/\/ciscomeraki.systems\/en\/kontakta-oss\/\" \/>\n<meta property=\"og:site_name\" content=\"CISCO MERAKI\" \/>\n<meta property=\"article:publisher\" content=\"https:\/\/www.facebook.com\/ciscomeraki.systems\/\" \/>\n<meta property=\"article:modified_time\" content=\"2019-08-17T11:39:07+00:00\" \/>\n<meta name=\"twitter:card\" content=\"summary_large_image\" \/>\n<meta name=\"twitter:label1\" content=\"Est. reading time\" \/>\n\t<meta name=\"twitter:data1\" content=\"1 minute\" \/>\n<script type=\"application\/ld+json\" class=\"yoast-schema-graph\">{\"@context\":\"https:\\\/\\\/schema.org\",\"@graph\":[{\"@type\":\"WebPage\",\"@id\":\"https:\\\/\\\/ciscomeraki.systems\\\/kontakta-oss\\\/\",\"url\":\"https:\\\/\\\/ciscomeraki.systems\\\/kontakta-oss\\\/\",\"name\":\"Kontakta - CISCO MERAKI\",\"isPartOf\":{\"@id\":\"https:\\\/\\\/ciscomeraki.systems\\\/#website\"},\"datePublished\":\"2019-08-16T02:45:01+00:00\",\"dateModified\":\"2019-08-17T11:39:07+00:00\",\"breadcrumb\":{\"@id\":\"https:\\\/\\\/ciscomeraki.systems\\\/kontakta-oss\\\/#breadcrumb\"},\"inLanguage\":\"en\",\"potentialAction\":[{\"@type\":\"ReadAction\",\"target\":[\"https:\\\/\\\/ciscomeraki.systems\\\/kontakta-oss\\\/\"]}]},{\"@type\":\"BreadcrumbList\",\"@id\":\"https:\\\/\\\/ciscomeraki.systems\\\/kontakta-oss\\\/#breadcrumb\",\"itemListElement\":[{\"@type\":\"ListItem\",\"position\":1,\"name\":\"Home\",\"item\":\"https:\\\/\\\/ciscomeraki.systems\\\/\"},{\"@type\":\"ListItem\",\"position\":2,\"name\":\"Kontakta\"}]},{\"@type\":\"WebSite\",\"@id\":\"https:\\\/\\\/ciscomeraki.systems\\\/#website\",\"url\":\"https:\\\/\\\/ciscomeraki.systems\\\/\",\"name\":\"Cisco Meraki Systems\",\"description\":\"\",\"potentialAction\":[{\"@type\":\"SearchAction\",\"target\":{\"@type\":\"EntryPoint\",\"urlTemplate\":\"https:\\\/\\\/ciscomeraki.systems\\\/?s={search_term_string}\"},\"query-input\":{\"@type\":\"PropertyValueSpecification\",\"valueRequired\":true,\"valueName\":\"search_term_string\"}}],\"inLanguage\":\"en\"}]}<\/script>\n<!-- \/ Yoast SEO plugin. -->","yoast_head_json":{"title":"Kontakta - CISCO MERAKI","robots":{"index":"index","follow":"follow","max-snippet":"max-snippet:-1","max-image-preview":"max-image-preview:large","max-video-preview":"max-video-preview:-1"},"canonical":"https:\/\/ciscomeraki.systems\/en\/kontakta-oss\/","og_locale":"en_US","og_type":"article","og_title":"Kontakta - CISCO MERAKI","og_url":"https:\/\/ciscomeraki.systems\/en\/kontakta-oss\/","og_site_name":"CISCO MERAKI","article_publisher":"https:\/\/www.facebook.com\/ciscomeraki.systems\/","article_modified_time":"2019-08-17T11:39:07+00:00","twitter_card":"summary_large_image","twitter_misc":{"Est. reading time":"1 minute"},"schema":{"@context":"https:\/\/schema.org","@graph":[{"@type":"WebPage","@id":"https:\/\/ciscomeraki.systems\/kontakta-oss\/","url":"https:\/\/ciscomeraki.systems\/kontakta-oss\/","name":"Kontakta - CISCO MERAKI","isPartOf":{"@id":"https:\/\/ciscomeraki.systems\/#website"},"datePublished":"2019-08-16T02:45:01+00:00","dateModified":"2019-08-17T11:39:07+00:00","breadcrumb":{"@id":"https:\/\/ciscomeraki.systems\/kontakta-oss\/#breadcrumb"},"inLanguage":"en","potentialAction":[{"@type":"ReadAction","target":["https:\/\/ciscomeraki.systems\/kontakta-oss\/"]}]},{"@type":"BreadcrumbList","@id":"https:\/\/ciscomeraki.systems\/kontakta-oss\/#breadcrumb","itemListElement":[{"@type":"ListItem","position":1,"name":"Home","item":"https:\/\/ciscomeraki.systems\/"},{"@type":"ListItem","position":2,"name":"Kontakta"}]},{"@type":"WebSite","@id":"https:\/\/ciscomeraki.systems\/#website","url":"https:\/\/ciscomeraki.systems\/","name":"Cisco Meraki Systems","description":"","potentialAction":[{"@type":"SearchAction","target":{"@type":"EntryPoint","urlTemplate":"https:\/\/ciscomeraki.systems\/?s={search_term_string}"},"query-input":{"@type":"PropertyValueSpecification","valueRequired":true,"valueName":"search_term_string"}}],"inLanguage":"en"}]}},"jetpack_sharing_enabled":true,"_links":{"self":[{"href":"https:\/\/ciscomeraki.systems\/en\/wp-json\/wp\/v2\/pages\/2189","targetHints":{"allow":["GET"]}}],"collection":[{"href":"https:\/\/ciscomeraki.systems\/en\/wp-json\/wp\/v2\/pages"}],"about":[{"href":"https:\/\/ciscomeraki.systems\/en\/wp-json\/wp\/v2\/types\/page"}],"author":[{"embeddable":true,"href":"https:\/\/ciscomeraki.systems\/en\/wp-json\/wp\/v2\/users\/1"}],"replies":[{"embeddable":true,"href":"https:\/\/ciscomeraki.systems\/en\/wp-json\/wp\/v2\/comments?post=2189"}],"version-history":[{"count":12,"href":"https:\/\/ciscomeraki.systems\/en\/wp-json\/wp\/v2\/pages\/2189\/revisions"}],"predecessor-version":[{"id":2398,"href":"https:\/\/ciscomeraki.systems\/en\/wp-json\/wp\/v2\/pages\/2189\/revisions\/2398"}],"wp:attachment":[{"href":"https:\/\/ciscomeraki.systems\/en\/wp-json\/wp\/v2\/media?parent=2189"}],"curies":[{"name":"wp","href":"https:\/\/api.w.org\/{rel}","templated":true}]}}