{"id":2227,"date":"2019-04-24T08:42:25","date_gmt":"2019-08-16T18:50:11","guid":{"rendered":"https:\/\/ciscomeraki.systems\/okategoriserad\/multigigabit-802-3-vid-poe-injektor\/"},"modified":"2026-03-06T19:43:03","modified_gmt":"2026-03-06T19:43:03","slug":"multigigabit-802-3at-poe-injektor","status":"publish","type":"product","link":"https:\/\/ciscomeraki.systems\/en\/shop\/cisco-sv\/power-sv\/multigigabit-802-3at-poe-injektor\/","title":{"rendered":"Multigigabit 802.3 vid PoE-injektor"},"content":{"rendered":"<div id=\"main\" class=\"clearfix\" role=\"main\">\n<div id=\"content\" class=\"column _80\">\n<section class=\"long-info\">\n<section class=\"bottom-info clearfix\">\n<h2>Funktioner &amp; f\u00f6rdelar<\/h2>\n<div class=\"text-columns two\">\n<h4>Enkel installation<\/h4>\n<p>Anv\u00e4nd Power over Ethernet f\u00f6r att leverera str\u00f6m (och eventuellt data) till Cisco Meraki 802.3 p\u00e5 kompatibla enheter. Ethernet-kabel \u00e4r billigt och l\u00e4tt att installera. Anslut bara n\u00e4tadaptern till sidan av Cisco Meraki PoE-injektorn och Anslut sedan Ethernet-kabeln till PoE-porten och dirigera den kabeln till din 802.3 at-kompatibla enhet. Om du vill l\u00e4gga till en tr\u00e5dbunden dataanslutning ansluter du data-Ethernetkabeln till LAN-porten p\u00e5 Meraki PoE-injektorn.<\/p>\n<\/div>\n<h2 class=\"tech-spec-h2\">Tekniska specifikationer<\/h2>\n<div class=\"text-columns two\">\n<h4>F\u00f6renlig med<\/h4>\n<ul>\n<li>MR53<\/li>\n<li>MR53E<\/li>\n<li>MR84<\/li>\n<\/ul>\n<h4>Makt<\/h4>\n<ul>\n<li>Insp\u00e4nning: 100 till 240 VAC<\/li>\n<li>Ing\u00e5ngsstr\u00f6m: 1.5 A maximum<\/li>\n<li>Ing\u00e5ngsfrekvens f\u00f6r v\u00e4xelstr\u00f6m: 50-60 Hz<\/li>\n<li>Maximal uteffekt: 30 W<\/li>\n<li>Driven enhet kan vara upp till 100m bort fr\u00e5n Power injektor<\/li>\n<\/ul>\n<h4>Data<\/h4>\n<ul>\n<li>Kompatibel med 10\/100\/1000Mbps Ethernet och multigigabit Ethernet upp till 10 Gbit\/s, full duplex<\/li>\n<\/ul>\n<h4>Milj\u00f6<\/h4>\n<ul>\n<li>Driftstemperatur: 14 till 113 \u00b0 f (-10 till 45 \u00b0 c)<\/li>\n<li>F\u00f6rvaringstemperatur:-40 till 158 \u00b0 f (-40 till 70 \u00b0 c)<\/li>\n<li>Luftfuktighet vid drift: 5 till 90<\/li>\n<\/ul>\n<h4>Ytterligare funktioner<\/h4>\n<ul>\n<li>Kortslutningsskydd<\/li>\n<\/ul>\n<h4>Fysiska dimensioner<\/h4>\n<ul>\n<li>6,5 &#8220;\u00d7 3,5&#8221; \u00d7 1,7 &#8220;(166 mm \u00d7 87,9 mm \u00d7 43 mm)<\/li>\n<li>Vikt: 0,91 lb (410 g)<\/li>\n<\/ul>\n<h4>Montering<\/h4>\n<ul>\n<li>F\u00e4sten till v\u00e4ggar (ankare och skruvar ing\u00e5r ej)<\/li>\n<\/ul>\n<h4>Kompatibilitet<\/h4>\n<ul>\n<li>Uppfyller 802.3 vid standard<\/li>\n<li>Bak\u00e5tkompatibilitet med 802.3 AF MR-seriens \u00e5tkomstpunkter<\/li>\n<li>F\u00f6r MR53, MR53E, MR84<\/li>\n<\/ul>\n<h4>LED-indikatorer<\/h4>\n<ul>\n<li>Ineffekt<\/li>\n<li>Fel<\/li>\n<li>Detect\/ansluten till giltig 802.3 vid belastning<\/li>\n<\/ul>\n<h4>Best\u00e4llnings information<\/h4>\n<ul>\n<li>MA-INJ-5-oss Meraki Multigigabit 802.3 at Power over Ethernet injektor (US Plug)<\/li>\n<li>MA-INJ-5-EU Meraki Multigigabit 802.3 at Power over Ethernet injektor (EU Plug)<\/li>\n<li>MA-INJ-5-Storbritannien Meraki Multigigabit 802.3 at Power over Ethernet injektor (Storbritannien Plug)<\/li>\n<li>MA-INJ-5-AU Meraki Multigigabit 802.3 at Power over Ethernet injektor (AU-plugg)<\/li>\n<\/ul>\n<\/div>\n<\/section>\n<\/section>\n<\/div>\n<\/div>\n","protected":false},"excerpt":{"rendered":"<p>Han Cisco Meraki Multigigabit PoE injektor till\u00e5ter leverans av b\u00e5de data och kraft till en Meraki accesspunkt \u00f6ver en enda Ethernet-kabel, vilket m\u00f6jligg\u00f6r distribution av enheter exakt d\u00e4r de beh\u00f6vs f\u00f6r att ge den b\u00e4sta tr\u00e5dl\u00f6sa t\u00e4ckningen och vid mycket l\u00e4gre installation Kostnad. Denna PoE-injektor \u00e4r s\u00e4rskilt utformad f\u00f6r att uppfylla elbehovet hos Cisco Meraki 802.3 at-kompatibla multigigabit-enheter. Kontrollera \u00e5tkomstpunktens specifikationer f\u00f6r att s\u00e4kerst\u00e4lla kompatibilitet.<\/p>\n","protected":false},"featured_media":1932,"comment_status":"open","ping_status":"closed","template":"","meta":[],"product_brand":[],"product_cat":[177],"product_tag":[216,213],"class_list":{"0":"post-2227","1":"product","2":"type-product","3":"status-publish","4":"has-post-thumbnail","6":"product_cat-power-sv","7":"product_tag-kraft","8":"product_tag-poe-sv","10":"first","11":"instock","12":"taxable","13":"shipping-taxable","14":"purchasable","15":"product-type-simple"},"yoast_head":"<!-- This site is optimized with the Yoast SEO plugin v27.4 - https:\/\/yoast.com\/product\/yoast-seo-wordpress\/ -->\n<title>Multigigabit 802.3 vid PoE-injektor - CISCO MERAKI<\/title>\n<meta name=\"robots\" content=\"index, follow, max-snippet:-1, max-image-preview:large, max-video-preview:-1\" \/>\n<link rel=\"canonical\" href=\"https:\/\/ciscomeraki.systems\/en\/shop\/cisco-sv\/power-sv\/multigigabit-802-3at-poe-injektor\/\" \/>\n<meta property=\"og:locale\" content=\"en_US\" \/>\n<meta property=\"og:type\" content=\"article\" \/>\n<meta property=\"og:title\" content=\"Multigigabit 802.3 vid PoE-injektor - CISCO MERAKI\" \/>\n<meta property=\"og:description\" content=\"Han Cisco Meraki Multigigabit PoE injektor till\u00e5ter leverans av b\u00e5de data och kraft till en Meraki accesspunkt \u00f6ver en enda Ethernet-kabel, vilket m\u00f6jligg\u00f6r distribution av enheter exakt d\u00e4r de beh\u00f6vs f\u00f6r att ge den b\u00e4sta tr\u00e5dl\u00f6sa t\u00e4ckningen och vid mycket l\u00e4gre installation Kostnad. Denna PoE-injektor \u00e4r s\u00e4rskilt utformad f\u00f6r att uppfylla elbehovet hos Cisco Meraki 802.3 at-kompatibla multigigabit-enheter. Kontrollera \u00e5tkomstpunktens specifikationer f\u00f6r att s\u00e4kerst\u00e4lla kompatibilitet.\" \/>\n<meta property=\"og:url\" content=\"https:\/\/ciscomeraki.systems\/en\/shop\/cisco-sv\/power-sv\/multigigabit-802-3at-poe-injektor\/\" \/>\n<meta property=\"og:site_name\" content=\"CISCO MERAKI\" \/>\n<meta property=\"article:publisher\" content=\"https:\/\/www.facebook.com\/ciscomeraki.systems\/\" \/>\n<meta property=\"article:modified_time\" content=\"2026-03-06T19:43:03+00:00\" \/>\n<meta property=\"og:image\" content=\"https:\/\/ciscomeraki.systems\/wp-content\/uploads\/2019\/04\/Multigigabit-PoE-Injector.jpg\" \/>\n\t<meta property=\"og:image:width\" content=\"600\" \/>\n\t<meta property=\"og:image:height\" content=\"450\" \/>\n\t<meta property=\"og:image:type\" content=\"image\/jpeg\" \/>\n<meta name=\"twitter:card\" content=\"summary_large_image\" \/>\n<meta name=\"twitter:label1\" content=\"Est. reading time\" \/>\n\t<meta name=\"twitter:data1\" content=\"1 minute\" \/>\n<script type=\"application\/ld+json\" class=\"yoast-schema-graph\">{\"@context\":\"https:\\\/\\\/schema.org\",\"@graph\":[{\"@type\":\"WebPage\",\"@id\":\"https:\\\/\\\/ciscomeraki.systems\\\/shop\\\/cisco-sv\\\/power-sv\\\/multigigabit-802-3at-poe-injektor\\\/\",\"url\":\"https:\\\/\\\/ciscomeraki.systems\\\/shop\\\/cisco-sv\\\/power-sv\\\/multigigabit-802-3at-poe-injektor\\\/\",\"name\":\"Multigigabit 802.3 vid PoE-injektor - CISCO MERAKI\",\"isPartOf\":{\"@id\":\"https:\\\/\\\/ciscomeraki.systems\\\/#website\"},\"primaryImageOfPage\":{\"@id\":\"https:\\\/\\\/ciscomeraki.systems\\\/shop\\\/cisco-sv\\\/power-sv\\\/multigigabit-802-3at-poe-injektor\\\/#primaryimage\"},\"image\":{\"@id\":\"https:\\\/\\\/ciscomeraki.systems\\\/shop\\\/cisco-sv\\\/power-sv\\\/multigigabit-802-3at-poe-injektor\\\/#primaryimage\"},\"thumbnailUrl\":\"https:\\\/\\\/ciscomeraki.systems\\\/wp-content\\\/uploads\\\/2019\\\/04\\\/Multigigabit-PoE-Injector.jpg\",\"datePublished\":\"2019-08-16T18:50:11+00:00\",\"dateModified\":\"2026-03-06T19:43:03+00:00\",\"breadcrumb\":{\"@id\":\"https:\\\/\\\/ciscomeraki.systems\\\/shop\\\/cisco-sv\\\/power-sv\\\/multigigabit-802-3at-poe-injektor\\\/#breadcrumb\"},\"inLanguage\":\"en\",\"potentialAction\":[{\"@type\":\"ReadAction\",\"target\":[\"https:\\\/\\\/ciscomeraki.systems\\\/shop\\\/cisco-sv\\\/power-sv\\\/multigigabit-802-3at-poe-injektor\\\/\"]}]},{\"@type\":\"ImageObject\",\"inLanguage\":\"en\",\"@id\":\"https:\\\/\\\/ciscomeraki.systems\\\/shop\\\/cisco-sv\\\/power-sv\\\/multigigabit-802-3at-poe-injektor\\\/#primaryimage\",\"url\":\"https:\\\/\\\/ciscomeraki.systems\\\/wp-content\\\/uploads\\\/2019\\\/04\\\/Multigigabit-PoE-Injector.jpg\",\"contentUrl\":\"https:\\\/\\\/ciscomeraki.systems\\\/wp-content\\\/uploads\\\/2019\\\/04\\\/Multigigabit-PoE-Injector.jpg\",\"width\":600,\"height\":450},{\"@type\":\"BreadcrumbList\",\"@id\":\"https:\\\/\\\/ciscomeraki.systems\\\/shop\\\/cisco-sv\\\/power-sv\\\/multigigabit-802-3at-poe-injektor\\\/#breadcrumb\",\"itemListElement\":[{\"@type\":\"ListItem\",\"position\":1,\"name\":\"Home\",\"item\":\"https:\\\/\\\/ciscomeraki.systems\\\/\"},{\"@type\":\"ListItem\",\"position\":2,\"name\":\"Shop\",\"item\":\"https:\\\/\\\/ciscomeraki.systems\\\/shop\\\/\"},{\"@type\":\"ListItem\",\"position\":3,\"name\":\"Multigigabit 802.3 vid PoE-injektor\"}]},{\"@type\":\"WebSite\",\"@id\":\"https:\\\/\\\/ciscomeraki.systems\\\/#website\",\"url\":\"https:\\\/\\\/ciscomeraki.systems\\\/\",\"name\":\"Cisco Meraki Systems\",\"description\":\"\",\"potentialAction\":[{\"@type\":\"SearchAction\",\"target\":{\"@type\":\"EntryPoint\",\"urlTemplate\":\"https:\\\/\\\/ciscomeraki.systems\\\/?s={search_term_string}\"},\"query-input\":{\"@type\":\"PropertyValueSpecification\",\"valueRequired\":true,\"valueName\":\"search_term_string\"}}],\"inLanguage\":\"en\"}]}<\/script>\n<!-- \/ Yoast SEO plugin. -->","yoast_head_json":{"title":"Multigigabit 802.3 vid PoE-injektor - CISCO MERAKI","robots":{"index":"index","follow":"follow","max-snippet":"max-snippet:-1","max-image-preview":"max-image-preview:large","max-video-preview":"max-video-preview:-1"},"canonical":"https:\/\/ciscomeraki.systems\/en\/shop\/cisco-sv\/power-sv\/multigigabit-802-3at-poe-injektor\/","og_locale":"en_US","og_type":"article","og_title":"Multigigabit 802.3 vid PoE-injektor - CISCO MERAKI","og_description":"Han Cisco Meraki Multigigabit PoE injektor till\u00e5ter leverans av b\u00e5de data och kraft till en Meraki accesspunkt \u00f6ver en enda Ethernet-kabel, vilket m\u00f6jligg\u00f6r distribution av enheter exakt d\u00e4r de beh\u00f6vs f\u00f6r att ge den b\u00e4sta tr\u00e5dl\u00f6sa t\u00e4ckningen och vid mycket l\u00e4gre installation Kostnad. Denna PoE-injektor \u00e4r s\u00e4rskilt utformad f\u00f6r att uppfylla elbehovet hos Cisco Meraki 802.3 at-kompatibla multigigabit-enheter. Kontrollera \u00e5tkomstpunktens specifikationer f\u00f6r att s\u00e4kerst\u00e4lla kompatibilitet.","og_url":"https:\/\/ciscomeraki.systems\/en\/shop\/cisco-sv\/power-sv\/multigigabit-802-3at-poe-injektor\/","og_site_name":"CISCO MERAKI","article_publisher":"https:\/\/www.facebook.com\/ciscomeraki.systems\/","article_modified_time":"2026-03-06T19:43:03+00:00","og_image":[{"width":600,"height":450,"url":"https:\/\/ciscomeraki.systems\/wp-content\/uploads\/2019\/04\/Multigigabit-PoE-Injector.jpg","type":"image\/jpeg"}],"twitter_card":"summary_large_image","twitter_misc":{"Est. reading time":"1 minute"},"schema":{"@context":"https:\/\/schema.org","@graph":[{"@type":"WebPage","@id":"https:\/\/ciscomeraki.systems\/shop\/cisco-sv\/power-sv\/multigigabit-802-3at-poe-injektor\/","url":"https:\/\/ciscomeraki.systems\/shop\/cisco-sv\/power-sv\/multigigabit-802-3at-poe-injektor\/","name":"Multigigabit 802.3 vid PoE-injektor - CISCO MERAKI","isPartOf":{"@id":"https:\/\/ciscomeraki.systems\/#website"},"primaryImageOfPage":{"@id":"https:\/\/ciscomeraki.systems\/shop\/cisco-sv\/power-sv\/multigigabit-802-3at-poe-injektor\/#primaryimage"},"image":{"@id":"https:\/\/ciscomeraki.systems\/shop\/cisco-sv\/power-sv\/multigigabit-802-3at-poe-injektor\/#primaryimage"},"thumbnailUrl":"https:\/\/ciscomeraki.systems\/wp-content\/uploads\/2019\/04\/Multigigabit-PoE-Injector.jpg","datePublished":"2019-08-16T18:50:11+00:00","dateModified":"2026-03-06T19:43:03+00:00","breadcrumb":{"@id":"https:\/\/ciscomeraki.systems\/shop\/cisco-sv\/power-sv\/multigigabit-802-3at-poe-injektor\/#breadcrumb"},"inLanguage":"en","potentialAction":[{"@type":"ReadAction","target":["https:\/\/ciscomeraki.systems\/shop\/cisco-sv\/power-sv\/multigigabit-802-3at-poe-injektor\/"]}]},{"@type":"ImageObject","inLanguage":"en","@id":"https:\/\/ciscomeraki.systems\/shop\/cisco-sv\/power-sv\/multigigabit-802-3at-poe-injektor\/#primaryimage","url":"https:\/\/ciscomeraki.systems\/wp-content\/uploads\/2019\/04\/Multigigabit-PoE-Injector.jpg","contentUrl":"https:\/\/ciscomeraki.systems\/wp-content\/uploads\/2019\/04\/Multigigabit-PoE-Injector.jpg","width":600,"height":450},{"@type":"BreadcrumbList","@id":"https:\/\/ciscomeraki.systems\/shop\/cisco-sv\/power-sv\/multigigabit-802-3at-poe-injektor\/#breadcrumb","itemListElement":[{"@type":"ListItem","position":1,"name":"Home","item":"https:\/\/ciscomeraki.systems\/"},{"@type":"ListItem","position":2,"name":"Shop","item":"https:\/\/ciscomeraki.systems\/shop\/"},{"@type":"ListItem","position":3,"name":"Multigigabit 802.3 vid PoE-injektor"}]},{"@type":"WebSite","@id":"https:\/\/ciscomeraki.systems\/#website","url":"https:\/\/ciscomeraki.systems\/","name":"Cisco Meraki Systems","description":"","potentialAction":[{"@type":"SearchAction","target":{"@type":"EntryPoint","urlTemplate":"https:\/\/ciscomeraki.systems\/?s={search_term_string}"},"query-input":{"@type":"PropertyValueSpecification","valueRequired":true,"valueName":"search_term_string"}}],"inLanguage":"en"}]}},"jetpack_sharing_enabled":true,"_links":{"self":[{"href":"https:\/\/ciscomeraki.systems\/en\/wp-json\/wp\/v2\/product\/2227","targetHints":{"allow":["GET"]}}],"collection":[{"href":"https:\/\/ciscomeraki.systems\/en\/wp-json\/wp\/v2\/product"}],"about":[{"href":"https:\/\/ciscomeraki.systems\/en\/wp-json\/wp\/v2\/types\/product"}],"replies":[{"embeddable":true,"href":"https:\/\/ciscomeraki.systems\/en\/wp-json\/wp\/v2\/comments?post=2227"}],"wp:featuredmedia":[{"embeddable":true,"href":"https:\/\/ciscomeraki.systems\/en\/wp-json\/wp\/v2\/media\/1932"}],"wp:attachment":[{"href":"https:\/\/ciscomeraki.systems\/en\/wp-json\/wp\/v2\/media?parent=2227"}],"wp:term":[{"taxonomy":"product_brand","embeddable":true,"href":"https:\/\/ciscomeraki.systems\/en\/wp-json\/wp\/v2\/product_brand?post=2227"},{"taxonomy":"product_cat","embeddable":true,"href":"https:\/\/ciscomeraki.systems\/en\/wp-json\/wp\/v2\/product_cat?post=2227"},{"taxonomy":"product_tag","embeddable":true,"href":"https:\/\/ciscomeraki.systems\/en\/wp-json\/wp\/v2\/product_tag?post=2227"}],"curies":[{"name":"wp","href":"https:\/\/api.w.org\/{rel}","templated":true}]}}