{"id":2230,"date":"2019-04-24T07:30:39","date_gmt":"2019-08-16T18:55:20","guid":{"rendered":"https:\/\/ciscomeraki.systems\/okategoriserad\/cisco-stadium-antenn\/"},"modified":"2026-03-06T19:43:04","modified_gmt":"2026-03-06T19:43:04","slug":"cisco-stadium-antenn","status":"publish","type":"product","link":"https:\/\/ciscomeraki.systems\/en\/shop\/cisco-sv\/antennas-sv\/cisco-stadium-antenn\/","title":{"rendered":"Cisco Stadium antenn"},"content":{"rendered":"<h2>Funktioner &amp; f\u00f6rdelar<\/h2>\n<div class=\"text-columns two\">\n<h4>Idealisk f\u00f6r h\u00f6g densitet<\/h4>\n<p>Designad f\u00f6r stadion, Arena och stora evenemangslokaler.<\/p>\n<h4>Flexibla distributioner<\/h4>\n<p>IP67 klassad f\u00f6r h\u00e5rda utomhus-eller industriella inomhusklimat.<\/p>\n<h4>H\u00f6g prestanda<\/h4>\n<p>4&#215;4 Dual-band MIMO antenn<\/p>\n<h2 class=\"p_H_Head1\">Tekniska specifikationer<\/h2>\n<p class=\"pTableAnchor\"><a name=\"pgfId-95891\"><\/a><\/p>\n<div align=\"left\">\n<table border=\"1\">\n<tbody>\n<tr>\n<th>\n<p class=\"pB1_Body1\"><a name=\"pgfId-97828\"><\/a>Antenntyp<\/p>\n<\/th>\n<th colspan=\"2\" rowspan=\"1\" scope=\"col\">\n<div class=\"pCH1_CellHead1\"><a name=\"pgfId-97830\"><\/a>Dual-band polarisering olika patch array<\/div>\n<\/th>\n<\/tr>\n<tr>\n<td>\n<p class=\"pB1_Body1\"><a name=\"pgfId-97834\"><\/a>Frekvensomr\u00e5den f\u00f6r drift<\/p>\n<\/td>\n<td>\n<p class=\"pB1_Body1\"><a name=\"pgfId-97836\"><\/a>2.4-2.5 GHz<\/p>\n<\/td>\n<td>\n<p class=\"pB1_Body1\"><a name=\"pgfId-97838\"><\/a>5.15-5.925 GHz<\/p>\n<\/td>\n<\/tr>\n<tr>\n<td>\n<p class=\"pB1_Body1\"><a name=\"pgfId-97840\"><\/a>Nominell ing\u00e5ngs impedans<\/p>\n<\/td>\n<td>\n<p class=\"pB1_Body1\"><a name=\"pgfId-97842\"><\/a>50 ohm<\/p>\n<\/td>\n<td>\n<p class=\"pB1_Body1\"><a name=\"pgfId-97844\"><\/a>50 ohm<\/p>\n<\/td>\n<\/tr>\n<tr>\n<td>\n<p class=\"pB1_Body1\"><a name=\"pgfId-97846\"><\/a>VSWR<\/p>\n<\/td>\n<td>\n<p class=\"pB1_Body1\"><a name=\"pgfId-97848\"><\/a>1.6:1<\/p>\n<\/td>\n<td>\n<p class=\"pB1_Body1\"><a name=\"pgfId-97850\"><\/a>1.5:1 (\u00f6ver 5,7 GHz till 5,9 GHz)<\/p>\n<p class=\"pB1_Body1\"><a name=\"pgfId-97851\"><\/a>2:1 (fr\u00e5n 5,15 GHz till 5,7 GHz)<\/p>\n<\/td>\n<\/tr>\n<tr>\n<td>\n<p class=\"pB1_Body1\"><a name=\"pgfId-97853\"><\/a>Peak Gain<\/p>\n<\/td>\n<td>\n<p class=\"pB1_Body1\"><a name=\"pgfId-97855\"><\/a>13 dBi<\/p>\n<\/td>\n<td>\n<p class=\"pB1_Body1\"><a name=\"pgfId-97857\"><\/a>13 dBi<\/p>\n<\/td>\n<\/tr>\n<tr>\n<td>\n<p class=\"pB1_Body1\"><a name=\"pgfId-97859\"><\/a>Polarisering (hamnar A &amp; C)<\/p>\n<\/td>\n<td>\n<p class=\"pB1_Body1\"><a name=\"pgfId-97861\"><\/a>Vertikala<\/p>\n<\/td>\n<td>\n<p class=\"pB1_Body1\"><a name=\"pgfId-97863\"><\/a>Vertikala<\/p>\n<\/td>\n<\/tr>\n<tr>\n<td>\n<p class=\"pB1_Body1\"><a name=\"pgfId-97865\"><\/a>Polarisering (hamnar B &amp; D)<\/p>\n<\/td>\n<td>\n<p class=\"pB1_Body1\"><a name=\"pgfId-97867\"><\/a>Horisontella<\/p>\n<\/td>\n<td>\n<p class=\"pB1_Body1\"><a name=\"pgfId-97869\"><\/a>Horisontella<\/p>\n<\/td>\n<\/tr>\n<tr>\n<td>\n<p class=\"pB1_Body1\"><a name=\"pgfId-97871\"><\/a>Nominellt h\u00f6jd plan 3-dB Beamwidth<\/p>\n<\/td>\n<td>\n<p class=\"pB1_Body1\"><a name=\"pgfId-97873\"><\/a>33 grader<\/p>\n<\/td>\n<td>\n<p class=\"pB1_Body1\"><a name=\"pgfId-97875\"><\/a>27 grader<\/p>\n<\/td>\n<\/tr>\n<tr>\n<td>\n<p class=\"pB1_Body1\"><a name=\"pgfId-97877\"><\/a>Nominellt Azimuth plan 3-dB Beamwidth<\/p>\n<\/td>\n<td>\n<p class=\"pB1_Body1\"><a name=\"pgfId-97879\"><\/a>31 grader<\/p>\n<\/td>\n<td>\n<p class=\"pB1_Body1\"><a name=\"pgfId-97881\"><\/a>31 grader<\/p>\n<\/td>\n<\/tr>\n<tr>\n<td>\n<p class=\"pB1_Body1\"><a name=\"pgfId-97883\"><\/a>V-pol h\u00f6gsta niv\u00e5 av Sidelobe<\/p>\n<\/td>\n<td>\n<p class=\"pB1_Body1\"><a name=\"pgfId-97885\"><\/a>-15 dBc<\/p>\n<\/td>\n<td>\n<p class=\"pB1_Body1\"><a name=\"pgfId-97887\"><\/a>-12 dBc<\/p>\n<\/td>\n<\/tr>\n<tr>\n<td>\n<p class=\"pB1_Body1\"><a name=\"pgfId-97889\"><\/a>H-pol h\u00f6gsta niv\u00e5 av Sidelobe<\/p>\n<\/td>\n<td>\n<p class=\"pB1_Body1\"><a name=\"pgfId-97891\"><\/a>-10 dBc<\/p>\n<\/td>\n<td>\n<p class=\"pB1_Body1\"><a name=\"pgfId-97893\"><\/a>-12 dBc<\/p>\n<\/td>\n<\/tr>\n<tr>\n<td>\n<p class=\"pB1_Body1\"><a name=\"pgfId-97895\"><\/a>Fram-till-back-f\u00f6rh\u00e5llande<\/p>\n<\/td>\n<td>\n<p class=\"pB1_Body1\"><a name=\"pgfId-97897\"><\/a>&gt; 30 dB<\/p>\n<\/td>\n<td>\n<p class=\"pB1_Body1\"><a name=\"pgfId-97899\"><\/a>&gt; 30 dB<\/p>\n<\/td>\n<\/tr>\n<tr>\n<td>\n<p class=\"pB1_Body1\"><a name=\"pgfId-97901\"><\/a>Typ av anslutning<\/p>\n<\/td>\n<td colspan=\"2\" rowspan=\"1\">\n<p class=\"pB1_Body1\"><a name=\"pgfId-97903\"><\/a>N-kvinnligt skott<\/p>\n<\/td>\n<\/tr>\n<tr>\n<td>\n<p class=\"pB1_Body1\"><a name=\"pgfId-97907\"><\/a>L\u00e4ngd<\/p>\n<\/td>\n<td colspan=\"2\" rowspan=\"1\">\n<p class=\"pB1_Body1\"><a name=\"pgfId-97909\"><\/a>14,5 i. (36,8 cm)<\/p>\n<\/td>\n<\/tr>\n<tr>\n<td>\n<p class=\"pB1_Body1\"><a name=\"pgfId-97913\"><\/a>Bredd<\/p>\n<\/td>\n<td colspan=\"2\" rowspan=\"1\">\n<p class=\"pB1_Body1\"><a name=\"pgfId-97915\"><\/a>20 i. (50,7 cm)<\/p>\n<\/td>\n<\/tr>\n<tr>\n<td>\n<p class=\"pB1_Body1\"><a name=\"pgfId-97919\"><\/a>H\u00f6jd<\/p>\n<\/td>\n<td colspan=\"2\" rowspan=\"1\">\n<p class=\"pB1_Body1\"><a name=\"pgfId-97921\"><\/a>0,8 i. (2,11 cm)<\/p>\n<\/td>\n<\/tr>\n<tr>\n<td>\n<p class=\"pB1_Body1\"><a name=\"pgfId-97925\"><\/a>Vikt<\/p>\n<\/td>\n<td colspan=\"2\" rowspan=\"1\">\n<p class=\"pB1_Body1\"><a name=\"pgfId-97927\"><\/a>81,1 oz. (2,3 kg)<\/p>\n<\/td>\n<\/tr>\n<tr>\n<td>\n<p class=\"pB1_Body1\"><a name=\"pgfId-97931\"><\/a>Vatten\/fr\u00e4mmande kropp intr\u00e4ngning<\/p>\n<\/td>\n<td colspan=\"2\" rowspan=\"1\">\n<p class=\"pB1_Body1\"><a name=\"pgfId-97933\"><\/a>IP67<\/p>\n<\/td>\n<\/tr>\n<tr>\n<td>\n<p class=\"pB1_Body1\"><a name=\"pgfId-97937\"><\/a>Drift vind<\/p>\n<\/td>\n<td colspan=\"2\" rowspan=\"1\">\n<p class=\"pB1_Body1\"><a name=\"pgfId-97939\"><\/a>100 MPH<\/p>\n<\/td>\n<\/tr>\n<tr>\n<td>\n<p class=\"pB1_Body1\"><a name=\"pgfId-97949\"><\/a>Temperaturomr\u00e5de f\u00f6r drift<\/p>\n<\/td>\n<td colspan=\"2\" rowspan=\"1\">\n<p class=\"pB1_Body1\"><a name=\"pgfId-97951\"><\/a>-40 \u00b0 c till 85 \u00b0 C<\/p>\n<\/td>\n<\/tr>\n<\/tbody>\n<\/table>\n<\/div>\n<\/div>\n","protected":false},"excerpt":{"rendered":"<p>Cisco Four-port Dual-band polarisering-m\u00e5ngsidig array antenn (AIR-ANT2513P4M-N =) st\u00f6ds f\u00f6r anv\u00e4ndning med Cisco Meraki MR84 AP. Denna antenn \u00e4r designad f\u00f6r stadion, Arena, och stora evenemang plats och ger en smal 30 \u00b0 t\u00e4ckning band.<\/p>\n","protected":false},"featured_media":1929,"comment_status":"open","ping_status":"closed","template":"","meta":[],"product_brand":[],"product_cat":[170],"product_tag":[194],"class_list":{"0":"post-2230","1":"product","2":"type-product","3":"status-publish","4":"has-post-thumbnail","6":"product_cat-antennas-sv","7":"product_tag-antenn","9":"first","10":"instock","11":"taxable","12":"shipping-taxable","13":"purchasable","14":"product-type-simple"},"yoast_head":"<!-- This site is optimized with the Yoast SEO plugin v27.3 - https:\/\/yoast.com\/product\/yoast-seo-wordpress\/ -->\n<title>Cisco Stadium antenn - CISCO MERAKI<\/title>\n<meta name=\"robots\" content=\"index, follow, max-snippet:-1, max-image-preview:large, max-video-preview:-1\" \/>\n<link rel=\"canonical\" href=\"https:\/\/ciscomeraki.systems\/en\/shop\/cisco-sv\/antennas-sv\/cisco-stadium-antenn\/\" \/>\n<meta property=\"og:locale\" content=\"en_US\" \/>\n<meta property=\"og:type\" content=\"article\" \/>\n<meta property=\"og:title\" content=\"Cisco Stadium antenn - CISCO MERAKI\" \/>\n<meta property=\"og:description\" content=\"Cisco Four-port Dual-band polarisering-m\u00e5ngsidig array antenn (AIR-ANT2513P4M-N =) st\u00f6ds f\u00f6r anv\u00e4ndning med Cisco Meraki MR84 AP. Denna antenn \u00e4r designad f\u00f6r stadion, Arena, och stora evenemang plats och ger en smal 30 \u00b0 t\u00e4ckning band.\" \/>\n<meta property=\"og:url\" content=\"https:\/\/ciscomeraki.systems\/en\/shop\/cisco-sv\/antennas-sv\/cisco-stadium-antenn\/\" \/>\n<meta property=\"og:site_name\" content=\"CISCO MERAKI\" \/>\n<meta property=\"article:publisher\" content=\"https:\/\/www.facebook.com\/ciscomeraki.systems\/\" \/>\n<meta property=\"article:modified_time\" content=\"2026-03-06T19:43:04+00:00\" \/>\n<meta property=\"og:image\" content=\"https:\/\/ciscomeraki.systems\/wp-content\/uploads\/2019\/04\/stadium-antenna.jpg\" \/>\n\t<meta property=\"og:image:width\" content=\"867\" \/>\n\t<meta property=\"og:image:height\" content=\"501\" \/>\n\t<meta property=\"og:image:type\" content=\"image\/jpeg\" \/>\n<meta name=\"twitter:card\" content=\"summary_large_image\" \/>\n<meta name=\"twitter:label1\" content=\"Est. reading time\" \/>\n\t<meta name=\"twitter:data1\" content=\"1 minute\" \/>\n<script type=\"application\/ld+json\" class=\"yoast-schema-graph\">{\"@context\":\"https:\\\/\\\/schema.org\",\"@graph\":[{\"@type\":\"WebPage\",\"@id\":\"https:\\\/\\\/ciscomeraki.systems\\\/shop\\\/cisco-sv\\\/antennas-sv\\\/cisco-stadium-antenn\\\/\",\"url\":\"https:\\\/\\\/ciscomeraki.systems\\\/shop\\\/cisco-sv\\\/antennas-sv\\\/cisco-stadium-antenn\\\/\",\"name\":\"Cisco Stadium antenn - CISCO MERAKI\",\"isPartOf\":{\"@id\":\"https:\\\/\\\/ciscomeraki.systems\\\/#website\"},\"primaryImageOfPage\":{\"@id\":\"https:\\\/\\\/ciscomeraki.systems\\\/shop\\\/cisco-sv\\\/antennas-sv\\\/cisco-stadium-antenn\\\/#primaryimage\"},\"image\":{\"@id\":\"https:\\\/\\\/ciscomeraki.systems\\\/shop\\\/cisco-sv\\\/antennas-sv\\\/cisco-stadium-antenn\\\/#primaryimage\"},\"thumbnailUrl\":\"https:\\\/\\\/ciscomeraki.systems\\\/wp-content\\\/uploads\\\/2019\\\/04\\\/stadium-antenna.jpg\",\"datePublished\":\"2019-08-16T18:55:20+00:00\",\"dateModified\":\"2026-03-06T19:43:04+00:00\",\"breadcrumb\":{\"@id\":\"https:\\\/\\\/ciscomeraki.systems\\\/shop\\\/cisco-sv\\\/antennas-sv\\\/cisco-stadium-antenn\\\/#breadcrumb\"},\"inLanguage\":\"en\",\"potentialAction\":[{\"@type\":\"ReadAction\",\"target\":[\"https:\\\/\\\/ciscomeraki.systems\\\/shop\\\/cisco-sv\\\/antennas-sv\\\/cisco-stadium-antenn\\\/\"]}]},{\"@type\":\"ImageObject\",\"inLanguage\":\"en\",\"@id\":\"https:\\\/\\\/ciscomeraki.systems\\\/shop\\\/cisco-sv\\\/antennas-sv\\\/cisco-stadium-antenn\\\/#primaryimage\",\"url\":\"https:\\\/\\\/ciscomeraki.systems\\\/wp-content\\\/uploads\\\/2019\\\/04\\\/stadium-antenna.jpg\",\"contentUrl\":\"https:\\\/\\\/ciscomeraki.systems\\\/wp-content\\\/uploads\\\/2019\\\/04\\\/stadium-antenna.jpg\",\"width\":867,\"height\":501},{\"@type\":\"BreadcrumbList\",\"@id\":\"https:\\\/\\\/ciscomeraki.systems\\\/shop\\\/cisco-sv\\\/antennas-sv\\\/cisco-stadium-antenn\\\/#breadcrumb\",\"itemListElement\":[{\"@type\":\"ListItem\",\"position\":1,\"name\":\"Home\",\"item\":\"https:\\\/\\\/ciscomeraki.systems\\\/\"},{\"@type\":\"ListItem\",\"position\":2,\"name\":\"Shop\",\"item\":\"https:\\\/\\\/ciscomeraki.systems\\\/shop\\\/\"},{\"@type\":\"ListItem\",\"position\":3,\"name\":\"Cisco Stadium antenn\"}]},{\"@type\":\"WebSite\",\"@id\":\"https:\\\/\\\/ciscomeraki.systems\\\/#website\",\"url\":\"https:\\\/\\\/ciscomeraki.systems\\\/\",\"name\":\"Cisco Meraki Systems\",\"description\":\"\",\"potentialAction\":[{\"@type\":\"SearchAction\",\"target\":{\"@type\":\"EntryPoint\",\"urlTemplate\":\"https:\\\/\\\/ciscomeraki.systems\\\/?s={search_term_string}\"},\"query-input\":{\"@type\":\"PropertyValueSpecification\",\"valueRequired\":true,\"valueName\":\"search_term_string\"}}],\"inLanguage\":\"en\"}]}<\/script>\n<!-- \/ Yoast SEO plugin. -->","yoast_head_json":{"title":"Cisco Stadium antenn - CISCO MERAKI","robots":{"index":"index","follow":"follow","max-snippet":"max-snippet:-1","max-image-preview":"max-image-preview:large","max-video-preview":"max-video-preview:-1"},"canonical":"https:\/\/ciscomeraki.systems\/en\/shop\/cisco-sv\/antennas-sv\/cisco-stadium-antenn\/","og_locale":"en_US","og_type":"article","og_title":"Cisco Stadium antenn - CISCO MERAKI","og_description":"Cisco Four-port Dual-band polarisering-m\u00e5ngsidig array antenn (AIR-ANT2513P4M-N =) st\u00f6ds f\u00f6r anv\u00e4ndning med Cisco Meraki MR84 AP. Denna antenn \u00e4r designad f\u00f6r stadion, Arena, och stora evenemang plats och ger en smal 30 \u00b0 t\u00e4ckning band.","og_url":"https:\/\/ciscomeraki.systems\/en\/shop\/cisco-sv\/antennas-sv\/cisco-stadium-antenn\/","og_site_name":"CISCO MERAKI","article_publisher":"https:\/\/www.facebook.com\/ciscomeraki.systems\/","article_modified_time":"2026-03-06T19:43:04+00:00","og_image":[{"width":867,"height":501,"url":"https:\/\/ciscomeraki.systems\/wp-content\/uploads\/2019\/04\/stadium-antenna.jpg","type":"image\/jpeg"}],"twitter_card":"summary_large_image","twitter_misc":{"Est. reading time":"1 minute"},"schema":{"@context":"https:\/\/schema.org","@graph":[{"@type":"WebPage","@id":"https:\/\/ciscomeraki.systems\/shop\/cisco-sv\/antennas-sv\/cisco-stadium-antenn\/","url":"https:\/\/ciscomeraki.systems\/shop\/cisco-sv\/antennas-sv\/cisco-stadium-antenn\/","name":"Cisco Stadium antenn - CISCO MERAKI","isPartOf":{"@id":"https:\/\/ciscomeraki.systems\/#website"},"primaryImageOfPage":{"@id":"https:\/\/ciscomeraki.systems\/shop\/cisco-sv\/antennas-sv\/cisco-stadium-antenn\/#primaryimage"},"image":{"@id":"https:\/\/ciscomeraki.systems\/shop\/cisco-sv\/antennas-sv\/cisco-stadium-antenn\/#primaryimage"},"thumbnailUrl":"https:\/\/ciscomeraki.systems\/wp-content\/uploads\/2019\/04\/stadium-antenna.jpg","datePublished":"2019-08-16T18:55:20+00:00","dateModified":"2026-03-06T19:43:04+00:00","breadcrumb":{"@id":"https:\/\/ciscomeraki.systems\/shop\/cisco-sv\/antennas-sv\/cisco-stadium-antenn\/#breadcrumb"},"inLanguage":"en","potentialAction":[{"@type":"ReadAction","target":["https:\/\/ciscomeraki.systems\/shop\/cisco-sv\/antennas-sv\/cisco-stadium-antenn\/"]}]},{"@type":"ImageObject","inLanguage":"en","@id":"https:\/\/ciscomeraki.systems\/shop\/cisco-sv\/antennas-sv\/cisco-stadium-antenn\/#primaryimage","url":"https:\/\/ciscomeraki.systems\/wp-content\/uploads\/2019\/04\/stadium-antenna.jpg","contentUrl":"https:\/\/ciscomeraki.systems\/wp-content\/uploads\/2019\/04\/stadium-antenna.jpg","width":867,"height":501},{"@type":"BreadcrumbList","@id":"https:\/\/ciscomeraki.systems\/shop\/cisco-sv\/antennas-sv\/cisco-stadium-antenn\/#breadcrumb","itemListElement":[{"@type":"ListItem","position":1,"name":"Home","item":"https:\/\/ciscomeraki.systems\/"},{"@type":"ListItem","position":2,"name":"Shop","item":"https:\/\/ciscomeraki.systems\/shop\/"},{"@type":"ListItem","position":3,"name":"Cisco Stadium antenn"}]},{"@type":"WebSite","@id":"https:\/\/ciscomeraki.systems\/#website","url":"https:\/\/ciscomeraki.systems\/","name":"Cisco Meraki Systems","description":"","potentialAction":[{"@type":"SearchAction","target":{"@type":"EntryPoint","urlTemplate":"https:\/\/ciscomeraki.systems\/?s={search_term_string}"},"query-input":{"@type":"PropertyValueSpecification","valueRequired":true,"valueName":"search_term_string"}}],"inLanguage":"en"}]}},"jetpack_sharing_enabled":true,"_links":{"self":[{"href":"https:\/\/ciscomeraki.systems\/en\/wp-json\/wp\/v2\/product\/2230","targetHints":{"allow":["GET"]}}],"collection":[{"href":"https:\/\/ciscomeraki.systems\/en\/wp-json\/wp\/v2\/product"}],"about":[{"href":"https:\/\/ciscomeraki.systems\/en\/wp-json\/wp\/v2\/types\/product"}],"replies":[{"embeddable":true,"href":"https:\/\/ciscomeraki.systems\/en\/wp-json\/wp\/v2\/comments?post=2230"}],"wp:featuredmedia":[{"embeddable":true,"href":"https:\/\/ciscomeraki.systems\/en\/wp-json\/wp\/v2\/media\/1929"}],"wp:attachment":[{"href":"https:\/\/ciscomeraki.systems\/en\/wp-json\/wp\/v2\/media?parent=2230"}],"wp:term":[{"taxonomy":"product_brand","embeddable":true,"href":"https:\/\/ciscomeraki.systems\/en\/wp-json\/wp\/v2\/product_brand?post=2230"},{"taxonomy":"product_cat","embeddable":true,"href":"https:\/\/ciscomeraki.systems\/en\/wp-json\/wp\/v2\/product_cat?post=2230"},{"taxonomy":"product_tag","embeddable":true,"href":"https:\/\/ciscomeraki.systems\/en\/wp-json\/wp\/v2\/product_tag?post=2230"}],"curies":[{"name":"wp","href":"https:\/\/api.w.org\/{rel}","templated":true}]}}