{"id":2231,"date":"2019-04-24T07:27:57","date_gmt":"2019-08-16T18:57:09","guid":{"rendered":"https:\/\/ciscomeraki.systems\/okategoriserad\/dual-band-sector-antenn-9-12-dbi-gain\/"},"modified":"2026-03-06T19:43:12","modified_gmt":"2026-03-06T19:43:12","slug":"dual-band-sector-antenn-9-12-dbi-forstarkning","status":"publish","type":"product","link":"https:\/\/ciscomeraki.systems\/en\/shop\/cisco-sv\/antennas-sv\/dual-band-sector-antenn-9-12-dbi-forstarkning\/","title":{"rendered":"Dual-band Sector antenn (9\/12 dBi Gain)"},"content":{"rendered":"<h2>Funktioner &amp; f\u00f6rdelar<\/h2>\n<div class=\"text-columns two\">\n<h4>Ut\u00f6kat intervall<\/h4>\n<p>Riktnings antennerna fokuserar tr\u00e5dl\u00f6sa signaler i en viss riktning genom att skapa ett co-polariserings m\u00f6nster. Vanligtvis kan du ut\u00f6ka r\u00e4ckvidden f\u00f6r en radio med upp till 2,5 x i en viss riktning.<\/p>\n<h4>L\u00e4tt att montera<\/h4>\n<p>Antennen levereras med allt du beh\u00f6ver f\u00f6r en stolpe eller v\u00e4ggf\u00e4ste, och \u00e4r l\u00e4mplig f\u00f6r inomhus eller utomhusbruk. 2 kablar med N-typ kontakter \u00e4r integrerade med antennen.<\/p>\n<h4>F\u00f6rb\u00e4ttrad anslutning<\/h4>\n<p>Cisco merakis antenn tillbeh\u00f6r f\u00f6rb\u00e4ttrar r\u00e4ckvidden och anslutbarheten f\u00f6r ett Cisco Meraki-n\u00e4tverk genom att fokusera och \u00f6ka signalstyrkan mellan MR74s och MR84s.<\/p>\n<\/div>\n<h2 class=\"tech-spec-h2\">Tekniska specifikationer<\/h2>\n<div class=\"text-columns two\">\n<h4>Elektriska<\/h4>\n<ul>\n<li>Antenntyp: panel<\/li>\n<li>Frekvensomf\u00e5ng: 2,400-2,500 GHz, 5,150 \u2013 5,875 GHz<\/li>\n<li>Vinst: 9\/12 dBi<\/li>\n<li>Polarisering: linj\u00e4r, vertikal\/horisontell<\/li>\n<li>Halv effekt lobvinkel\/horisontell: 86 \u00b0\/65 \u00b0<\/li>\n<li>Halv effekt lobvinkel\/vertikal: 34 \u00b0\/18 \u00b0<\/li>\n<\/ul>\n<h4>Fysisk &amp; milj\u00f6<\/h4>\n<ul>\n<li>M\u00e5tt: 9,1 &#8220;\u00d7 5,5&#8221; \u00d7 1,9 &#8220;(230 mm \u00d7 140 mm \u00d7 48 mm)<\/li>\n<li>Vikt: 1,4 lbs (630 g)<\/li>\n<li>Material: UV-best\u00e4ndig plast<\/li>\n<li>Temperatur:-40 \u00b0 F till 158 \u00b0 F (-40 \u00b0 C till 70 \u00b0 C)<\/li>\n<li>Luftfuktighet: 5 till 95 icke-kondenserande<\/li>\n<li>Anslutning: 2 \u00d7 N-typ<\/li>\n<\/ul>\n<h4>Montering<\/h4>\n<ul>\n<li>Monteringsbeslag och-kablar medf\u00f6ljer<\/li>\n<li>Monteras p\u00e5 v\u00e4ggar, stolpar eller AP direkt<\/li>\n<\/ul>\n<h4>Kablar<\/h4>\n<ul>\n<li>12-tums kablar med tv\u00e5 N-typ kontakter ing\u00e5r<\/li>\n<\/ul>\n<h4>Reglerande<\/h4>\n<ul>\n<li>Certifierad f\u00f6r anv\u00e4ndning med MR74 och MR84<\/li>\n<\/ul>\n<h4>Garanti<\/h4>\n<ul>\n<li>1 \u00e5rs maskinvarugaranti ing\u00e5r<\/li>\n<\/ul>\n<div class=\"inline\">\n<h4>Vertikal port-1<\/h4>\n<p><img decoding=\"async\" src=\"https:\/\/meraki.cisco.com\/img\/products\/wireless\/antennas-power\/sector-vert1.jpg\" alt=\"Vertikal port-1\" width=\"219\" \/><\/p>\n<h4>Horisontell port-1<\/h4>\n<p><img decoding=\"async\" src=\"https:\/\/meraki.cisco.com\/img\/products\/wireless\/antennas-power\/sector-horiz1.jpg\" alt=\"Horisontell port-1\" width=\"219\" \/><\/p>\n<h4>Vertikal port-2<\/h4>\n<p><img decoding=\"async\" src=\"https:\/\/meraki.cisco.com\/img\/products\/wireless\/antennas-power\/sector-vert2.jpg\" alt=\"Vertikal port-2\" width=\"219\" \/><\/p>\n<h4>Horisontell port-2<\/h4>\n<p><img decoding=\"async\" src=\"https:\/\/meraki.cisco.com\/img\/products\/wireless\/antennas-power\/sector-horiz2.jpg\" alt=\"Horisontell port-2\" width=\"219\" \/><\/p>\n<h4>Vertikal Port-3<\/h4>\n<p><img decoding=\"async\" src=\"https:\/\/meraki.cisco.com\/img\/products\/wireless\/antennas-power\/sector-vert3.jpg\" alt=\"Vertikal Port-3\" width=\"219\" \/><\/p>\n<h4>Horisontell Port-3<\/h4>\n<p><img decoding=\"async\" src=\"https:\/\/meraki.cisco.com\/img\/products\/wireless\/antennas-power\/sector-horiz3.jpg\" alt=\"Horisontell Port-3\" width=\"219\" \/><\/p>\n<h4>Vertikal Port-4<\/h4>\n<p><img decoding=\"async\" src=\"https:\/\/meraki.cisco.com\/img\/products\/wireless\/antennas-power\/sector-vert4.jpg\" alt=\"Vertikal Port-4\" width=\"219\" \/><\/p>\n<h4>Horisontell Port-4<\/h4>\n<p><img decoding=\"async\" src=\"https:\/\/meraki.cisco.com\/img\/products\/wireless\/antennas-power\/sector-horiz4.jpg\" alt=\"Horisontell Port-4\" width=\"219\" \/><\/p>\n<\/div>\n<\/div>\n","protected":false},"excerpt":{"rendered":"<p>Designad f\u00f6r anv\u00e4ndning med Cisco Meraki MR84 APs. Sektorn antennen kan f\u00f6rl\u00e4nga utbudet av en Cisco Meraki MR84 enhet genom att fokusera den tr\u00e5dl\u00f6sa signalen i en viss riktning; Det b\u00e4sta s\u00e4ttet att etablera ett medium avst\u00e5nd punkt-till-punkt eller peka p\u00e5 Multi-punkt tr\u00e5dl\u00f6s l\u00e4nk.<\/p>\n","protected":false},"featured_media":1928,"comment_status":"open","ping_status":"closed","template":"","meta":[],"product_brand":[],"product_cat":[170],"product_tag":[194],"class_list":{"0":"post-2231","1":"product","2":"type-product","3":"status-publish","4":"has-post-thumbnail","6":"product_cat-antennas-sv","7":"product_tag-antenn","9":"first","10":"instock","11":"taxable","12":"shipping-taxable","13":"purchasable","14":"product-type-simple"},"yoast_head":"<!-- This site is optimized with the Yoast SEO plugin v27.3 - https:\/\/yoast.com\/product\/yoast-seo-wordpress\/ -->\n<title>Dual-band Sector antenn (9\/12 dBi Gain) - CISCO MERAKI<\/title>\n<meta name=\"robots\" content=\"index, follow, max-snippet:-1, max-image-preview:large, max-video-preview:-1\" \/>\n<link rel=\"canonical\" href=\"https:\/\/ciscomeraki.systems\/en\/shop\/cisco-sv\/antennas-sv\/dual-band-sector-antenn-9-12-dbi-forstarkning\/\" \/>\n<meta property=\"og:locale\" content=\"en_US\" \/>\n<meta property=\"og:type\" content=\"article\" \/>\n<meta property=\"og:title\" content=\"Dual-band Sector antenn (9\/12 dBi Gain) - CISCO MERAKI\" \/>\n<meta property=\"og:description\" content=\"Designad f\u00f6r anv\u00e4ndning med Cisco Meraki MR84 APs. Sektorn antennen kan f\u00f6rl\u00e4nga utbudet av en Cisco Meraki MR84 enhet genom att fokusera den tr\u00e5dl\u00f6sa signalen i en viss riktning; Det b\u00e4sta s\u00e4ttet att etablera ett medium avst\u00e5nd punkt-till-punkt eller peka p\u00e5 Multi-punkt tr\u00e5dl\u00f6s l\u00e4nk.\" \/>\n<meta property=\"og:url\" content=\"https:\/\/ciscomeraki.systems\/en\/shop\/cisco-sv\/antennas-sv\/dual-band-sector-antenn-9-12-dbi-forstarkning\/\" \/>\n<meta property=\"og:site_name\" content=\"CISCO MERAKI\" \/>\n<meta property=\"article:publisher\" content=\"https:\/\/www.facebook.com\/ciscomeraki.systems\/\" \/>\n<meta property=\"article:modified_time\" content=\"2026-03-06T19:43:12+00:00\" \/>\n<meta property=\"og:image\" content=\"https:\/\/ciscomeraki.systems\/wp-content\/uploads\/2019\/04\/sector-antenna-2.jpg\" \/>\n\t<meta property=\"og:image:width\" content=\"526\" \/>\n\t<meta property=\"og:image:height\" content=\"304\" \/>\n\t<meta property=\"og:image:type\" content=\"image\/jpeg\" \/>\n<meta name=\"twitter:card\" content=\"summary_large_image\" \/>\n<meta name=\"twitter:label1\" content=\"Est. reading time\" \/>\n\t<meta name=\"twitter:data1\" content=\"1 minute\" \/>\n<script type=\"application\/ld+json\" class=\"yoast-schema-graph\">{\"@context\":\"https:\\\/\\\/schema.org\",\"@graph\":[{\"@type\":\"WebPage\",\"@id\":\"https:\\\/\\\/ciscomeraki.systems\\\/shop\\\/cisco-sv\\\/antennas-sv\\\/dual-band-sector-antenn-9-12-dbi-forstarkning\\\/\",\"url\":\"https:\\\/\\\/ciscomeraki.systems\\\/shop\\\/cisco-sv\\\/antennas-sv\\\/dual-band-sector-antenn-9-12-dbi-forstarkning\\\/\",\"name\":\"Dual-band Sector antenn (9\\\/12 dBi Gain) - CISCO MERAKI\",\"isPartOf\":{\"@id\":\"https:\\\/\\\/ciscomeraki.systems\\\/#website\"},\"primaryImageOfPage\":{\"@id\":\"https:\\\/\\\/ciscomeraki.systems\\\/shop\\\/cisco-sv\\\/antennas-sv\\\/dual-band-sector-antenn-9-12-dbi-forstarkning\\\/#primaryimage\"},\"image\":{\"@id\":\"https:\\\/\\\/ciscomeraki.systems\\\/shop\\\/cisco-sv\\\/antennas-sv\\\/dual-band-sector-antenn-9-12-dbi-forstarkning\\\/#primaryimage\"},\"thumbnailUrl\":\"https:\\\/\\\/ciscomeraki.systems\\\/wp-content\\\/uploads\\\/2019\\\/04\\\/sector-antenna-2.jpg\",\"datePublished\":\"2019-08-16T18:57:09+00:00\",\"dateModified\":\"2026-03-06T19:43:12+00:00\",\"breadcrumb\":{\"@id\":\"https:\\\/\\\/ciscomeraki.systems\\\/shop\\\/cisco-sv\\\/antennas-sv\\\/dual-band-sector-antenn-9-12-dbi-forstarkning\\\/#breadcrumb\"},\"inLanguage\":\"en\",\"potentialAction\":[{\"@type\":\"ReadAction\",\"target\":[\"https:\\\/\\\/ciscomeraki.systems\\\/shop\\\/cisco-sv\\\/antennas-sv\\\/dual-band-sector-antenn-9-12-dbi-forstarkning\\\/\"]}]},{\"@type\":\"ImageObject\",\"inLanguage\":\"en\",\"@id\":\"https:\\\/\\\/ciscomeraki.systems\\\/shop\\\/cisco-sv\\\/antennas-sv\\\/dual-band-sector-antenn-9-12-dbi-forstarkning\\\/#primaryimage\",\"url\":\"https:\\\/\\\/ciscomeraki.systems\\\/wp-content\\\/uploads\\\/2019\\\/04\\\/sector-antenna-2.jpg\",\"contentUrl\":\"https:\\\/\\\/ciscomeraki.systems\\\/wp-content\\\/uploads\\\/2019\\\/04\\\/sector-antenna-2.jpg\",\"width\":526,\"height\":304},{\"@type\":\"BreadcrumbList\",\"@id\":\"https:\\\/\\\/ciscomeraki.systems\\\/shop\\\/cisco-sv\\\/antennas-sv\\\/dual-band-sector-antenn-9-12-dbi-forstarkning\\\/#breadcrumb\",\"itemListElement\":[{\"@type\":\"ListItem\",\"position\":1,\"name\":\"Home\",\"item\":\"https:\\\/\\\/ciscomeraki.systems\\\/\"},{\"@type\":\"ListItem\",\"position\":2,\"name\":\"Shop\",\"item\":\"https:\\\/\\\/ciscomeraki.systems\\\/shop\\\/\"},{\"@type\":\"ListItem\",\"position\":3,\"name\":\"Dual-band Sector antenn (9\\\/12 dBi Gain)\"}]},{\"@type\":\"WebSite\",\"@id\":\"https:\\\/\\\/ciscomeraki.systems\\\/#website\",\"url\":\"https:\\\/\\\/ciscomeraki.systems\\\/\",\"name\":\"Cisco Meraki Systems\",\"description\":\"\",\"potentialAction\":[{\"@type\":\"SearchAction\",\"target\":{\"@type\":\"EntryPoint\",\"urlTemplate\":\"https:\\\/\\\/ciscomeraki.systems\\\/?s={search_term_string}\"},\"query-input\":{\"@type\":\"PropertyValueSpecification\",\"valueRequired\":true,\"valueName\":\"search_term_string\"}}],\"inLanguage\":\"en\"}]}<\/script>\n<!-- \/ Yoast SEO plugin. -->","yoast_head_json":{"title":"Dual-band Sector antenn (9\/12 dBi Gain) - CISCO MERAKI","robots":{"index":"index","follow":"follow","max-snippet":"max-snippet:-1","max-image-preview":"max-image-preview:large","max-video-preview":"max-video-preview:-1"},"canonical":"https:\/\/ciscomeraki.systems\/en\/shop\/cisco-sv\/antennas-sv\/dual-band-sector-antenn-9-12-dbi-forstarkning\/","og_locale":"en_US","og_type":"article","og_title":"Dual-band Sector antenn (9\/12 dBi Gain) - CISCO MERAKI","og_description":"Designad f\u00f6r anv\u00e4ndning med Cisco Meraki MR84 APs. Sektorn antennen kan f\u00f6rl\u00e4nga utbudet av en Cisco Meraki MR84 enhet genom att fokusera den tr\u00e5dl\u00f6sa signalen i en viss riktning; Det b\u00e4sta s\u00e4ttet att etablera ett medium avst\u00e5nd punkt-till-punkt eller peka p\u00e5 Multi-punkt tr\u00e5dl\u00f6s l\u00e4nk.","og_url":"https:\/\/ciscomeraki.systems\/en\/shop\/cisco-sv\/antennas-sv\/dual-band-sector-antenn-9-12-dbi-forstarkning\/","og_site_name":"CISCO MERAKI","article_publisher":"https:\/\/www.facebook.com\/ciscomeraki.systems\/","article_modified_time":"2026-03-06T19:43:12+00:00","og_image":[{"width":526,"height":304,"url":"https:\/\/ciscomeraki.systems\/wp-content\/uploads\/2019\/04\/sector-antenna-2.jpg","type":"image\/jpeg"}],"twitter_card":"summary_large_image","twitter_misc":{"Est. reading time":"1 minute"},"schema":{"@context":"https:\/\/schema.org","@graph":[{"@type":"WebPage","@id":"https:\/\/ciscomeraki.systems\/shop\/cisco-sv\/antennas-sv\/dual-band-sector-antenn-9-12-dbi-forstarkning\/","url":"https:\/\/ciscomeraki.systems\/shop\/cisco-sv\/antennas-sv\/dual-band-sector-antenn-9-12-dbi-forstarkning\/","name":"Dual-band Sector antenn (9\/12 dBi Gain) - CISCO MERAKI","isPartOf":{"@id":"https:\/\/ciscomeraki.systems\/#website"},"primaryImageOfPage":{"@id":"https:\/\/ciscomeraki.systems\/shop\/cisco-sv\/antennas-sv\/dual-band-sector-antenn-9-12-dbi-forstarkning\/#primaryimage"},"image":{"@id":"https:\/\/ciscomeraki.systems\/shop\/cisco-sv\/antennas-sv\/dual-band-sector-antenn-9-12-dbi-forstarkning\/#primaryimage"},"thumbnailUrl":"https:\/\/ciscomeraki.systems\/wp-content\/uploads\/2019\/04\/sector-antenna-2.jpg","datePublished":"2019-08-16T18:57:09+00:00","dateModified":"2026-03-06T19:43:12+00:00","breadcrumb":{"@id":"https:\/\/ciscomeraki.systems\/shop\/cisco-sv\/antennas-sv\/dual-band-sector-antenn-9-12-dbi-forstarkning\/#breadcrumb"},"inLanguage":"en","potentialAction":[{"@type":"ReadAction","target":["https:\/\/ciscomeraki.systems\/shop\/cisco-sv\/antennas-sv\/dual-band-sector-antenn-9-12-dbi-forstarkning\/"]}]},{"@type":"ImageObject","inLanguage":"en","@id":"https:\/\/ciscomeraki.systems\/shop\/cisco-sv\/antennas-sv\/dual-band-sector-antenn-9-12-dbi-forstarkning\/#primaryimage","url":"https:\/\/ciscomeraki.systems\/wp-content\/uploads\/2019\/04\/sector-antenna-2.jpg","contentUrl":"https:\/\/ciscomeraki.systems\/wp-content\/uploads\/2019\/04\/sector-antenna-2.jpg","width":526,"height":304},{"@type":"BreadcrumbList","@id":"https:\/\/ciscomeraki.systems\/shop\/cisco-sv\/antennas-sv\/dual-band-sector-antenn-9-12-dbi-forstarkning\/#breadcrumb","itemListElement":[{"@type":"ListItem","position":1,"name":"Home","item":"https:\/\/ciscomeraki.systems\/"},{"@type":"ListItem","position":2,"name":"Shop","item":"https:\/\/ciscomeraki.systems\/shop\/"},{"@type":"ListItem","position":3,"name":"Dual-band Sector antenn (9\/12 dBi Gain)"}]},{"@type":"WebSite","@id":"https:\/\/ciscomeraki.systems\/#website","url":"https:\/\/ciscomeraki.systems\/","name":"Cisco Meraki Systems","description":"","potentialAction":[{"@type":"SearchAction","target":{"@type":"EntryPoint","urlTemplate":"https:\/\/ciscomeraki.systems\/?s={search_term_string}"},"query-input":{"@type":"PropertyValueSpecification","valueRequired":true,"valueName":"search_term_string"}}],"inLanguage":"en"}]}},"jetpack_sharing_enabled":true,"_links":{"self":[{"href":"https:\/\/ciscomeraki.systems\/en\/wp-json\/wp\/v2\/product\/2231","targetHints":{"allow":["GET"]}}],"collection":[{"href":"https:\/\/ciscomeraki.systems\/en\/wp-json\/wp\/v2\/product"}],"about":[{"href":"https:\/\/ciscomeraki.systems\/en\/wp-json\/wp\/v2\/types\/product"}],"replies":[{"embeddable":true,"href":"https:\/\/ciscomeraki.systems\/en\/wp-json\/wp\/v2\/comments?post=2231"}],"wp:featuredmedia":[{"embeddable":true,"href":"https:\/\/ciscomeraki.systems\/en\/wp-json\/wp\/v2\/media\/1928"}],"wp:attachment":[{"href":"https:\/\/ciscomeraki.systems\/en\/wp-json\/wp\/v2\/media?parent=2231"}],"wp:term":[{"taxonomy":"product_brand","embeddable":true,"href":"https:\/\/ciscomeraki.systems\/en\/wp-json\/wp\/v2\/product_brand?post=2231"},{"taxonomy":"product_cat","embeddable":true,"href":"https:\/\/ciscomeraki.systems\/en\/wp-json\/wp\/v2\/product_cat?post=2231"},{"taxonomy":"product_tag","embeddable":true,"href":"https:\/\/ciscomeraki.systems\/en\/wp-json\/wp\/v2\/product_tag?post=2231"}],"curies":[{"name":"wp","href":"https:\/\/api.w.org\/{rel}","templated":true}]}}