{"id":2235,"date":"2019-04-24T07:01:50","date_gmt":"2019-08-16T19:04:38","guid":{"rendered":"https:\/\/ciscomeraki.systems\/okategoriserad\/dual-band-omni-antenner-4-7-dbi\/"},"modified":"2026-03-06T19:43:14","modified_gmt":"2026-03-06T19:43:14","slug":"dual-band-omni-antenner-4-7-dbi","status":"publish","type":"product","link":"https:\/\/ciscomeraki.systems\/en\/shop\/cisco-sv\/antennas-sv\/dual-band-omni-antenner-4-7-dbi\/","title":{"rendered":"Dual-band Omni antenner (4\/7 dBi)"},"content":{"rendered":"<div id=\"main\" class=\"clearfix\" role=\"main\">\n<div id=\"content\" class=\"column _80\">\n<section class=\"long-info\">\n<section class=\"bottom-info clearfix\">\n<h2>Funktioner &amp; f\u00f6rdelar<\/h2>\n<div class=\"text-columns two\">\n<h4>L\u00e4tt att montera<\/h4>\n<p>Antennen levereras med allt du beh\u00f6ver f\u00f6r att f\u00e4sta den p\u00e5 din Meraki AP, och \u00e4r l\u00e4mplig f\u00f6r inomhus eller utomhusbruk. Inga speciella adaptrar beh\u00f6vs.<\/p>\n<h4>F\u00f6rb\u00e4ttrad anslutning<\/h4>\n<p>Merakis antenn tillbeh\u00f6r f\u00f6rb\u00e4ttrar r\u00e4ckvidden och anslutbarheten i ett n\u00e4tverk genom att \u00f6ka signalstyrkan mellan repeatrar och klienter.<\/p>\n<\/div>\n<h2 class=\"tech-spec-h2\">Tekniska specifikationer<\/h2>\n<div class=\"text-columns two\">\n<h4>Elektriska<\/h4>\n<ul>\n<li>Antenntyp: rundstr\u00e5lande<\/li>\n<li>Frekvensomf\u00e5ng: (2 GHz): 2,400-2,500 GHz<\/li>\n<li>Frekvensomf\u00e5ng: (5 GHz): 5,150 \u2013 5,875 GHz<\/li>\n<li>F\u00f6rst\u00e4rkning: 4 dbi<\/li>\n<li>F\u00f6rst\u00e4rkning: 7 dbi<\/li>\n<li>Polarisering: vertikal (linj\u00e4r)<\/li>\n<li>Halv effekt bandbredd\/horisontell: 360 \u00b0<\/li>\n<li>Halv effekt bandbredd\/vertikal: 45 \u00b0<\/li>\n<\/ul>\n<h4>Fysisk &amp; milj\u00f6<\/h4>\n<ul>\n<li>M\u00e5tt: 1,0 &#8220;\u00d7 7,1&#8221; (25 mm \u00d7 180 mm)<\/li>\n<li>Vikt: 0,17 lbs (79 g)<\/li>\n<li>Material: ABS plast<\/li>\n<li>Temperatur:-40 \u00b0 F till 158 \u00b0 F (-40 \u00b0 C till 70 \u00b0 C)<\/li>\n<li>Anslutning: N-typ<\/li>\n<\/ul>\n<h4>Montering<\/h4>\n<ul>\n<li>Direkt till enheten (ingen kabel kr\u00e4vs)<\/li>\n<\/ul>\n<h4>F\u00f6rpackningens inneh\u00e5ll<\/h4>\n<ul>\n<li>Tv\u00e5 Cisco Meraki MA-ANT-20 antenner<\/li>\n<\/ul>\n<h4>Reglerande<\/h4>\n<ul>\n<li>Certifierad f\u00f6r anv\u00e4ndning med MR74<\/li>\n<\/ul>\n<h4>Garanti<\/h4>\n<ul>\n<li>1 \u00e5rs maskinvarugaranti ing\u00e5r<\/li>\n<\/ul>\n<div class=\"inline\">\n<h4>Vertikal port-1<\/h4>\n<p><img decoding=\"async\" src=\"https:\/\/meraki.cisco.com\/img\/products\/wireless\/antennas-power\/omnis-vert1.jpg\" alt=\"Vertikal port-1\" width=\"219\" \/><\/p>\n<h4>Horisontell port-1<\/h4>\n<p><img decoding=\"async\" src=\"https:\/\/meraki.cisco.com\/img\/products\/wireless\/antennas-power\/omnis-horiz1.jpg\" alt=\"Horisontell port-1\" width=\"219\" \/><\/p>\n<h4>Vertikal port-2<\/h4>\n<p><img decoding=\"async\" src=\"https:\/\/meraki.cisco.com\/img\/products\/wireless\/antennas-power\/omnis-vert2.jpg\" alt=\"Vertikal port-2\" width=\"219\" \/><\/p>\n<h4>Horisontell port-2<\/h4>\n<p><img decoding=\"async\" src=\"https:\/\/meraki.cisco.com\/img\/products\/wireless\/antennas-power\/omnis-horiz2.jpg\" alt=\"Horisontell port-2\" width=\"219\" \/><\/p>\n<\/div>\n<\/div>\n<\/section>\n<\/section>\n<\/div>\n<\/div>\n<div class=\"clearfix\"><\/div>\n<footer id=\"footer\" class=\"clearfix \">\n<div class=\"footer-content\">\n<div id=\"footer-top\" class=\"clearfix\">\n<ul>\n<li class=\"top foot-social-icon\">\n<ul>\n<li class=\"category\"><\/li>\n<\/ul>\n<\/li>\n<\/ul>\n<\/div>\n<\/div>\n<\/footer>\n","protected":false},"excerpt":{"rendered":"<p>Cisco Meraki antenn tillbeh\u00f6r f\u00f6rb\u00e4ttra r\u00e4ckvidden och anslutningen av ett n\u00e4tverk genom att \u00f6ka signalstyrkor mellan repeatrar och kunder.<\/p>\n<p class=\"accessories-price\">\n","protected":false},"featured_media":1924,"comment_status":"open","ping_status":"closed","template":"","meta":[],"product_brand":[],"product_cat":[170],"product_tag":[194],"class_list":{"0":"post-2235","1":"product","2":"type-product","3":"status-publish","4":"has-post-thumbnail","6":"product_cat-antennas-sv","7":"product_tag-antenn","9":"first","10":"instock","11":"taxable","12":"shipping-taxable","13":"purchasable","14":"product-type-simple"},"yoast_head":"<!-- This site is optimized with the Yoast SEO plugin v27.3 - https:\/\/yoast.com\/product\/yoast-seo-wordpress\/ -->\n<title>Dual-band Omni antenner (4\/7 dBi) - CISCO MERAKI<\/title>\n<meta name=\"robots\" content=\"index, follow, max-snippet:-1, max-image-preview:large, max-video-preview:-1\" \/>\n<link rel=\"canonical\" href=\"https:\/\/ciscomeraki.systems\/en\/shop\/cisco-sv\/antennas-sv\/dual-band-omni-antenner-4-7-dbi\/\" \/>\n<meta property=\"og:locale\" content=\"en_US\" \/>\n<meta property=\"og:type\" content=\"article\" \/>\n<meta property=\"og:title\" content=\"Dual-band Omni antenner (4\/7 dBi) - CISCO MERAKI\" \/>\n<meta property=\"og:description\" content=\"Cisco Meraki antenn tillbeh\u00f6r f\u00f6rb\u00e4ttra r\u00e4ckvidden och anslutningen av ett n\u00e4tverk genom att \u00f6ka signalstyrkor mellan repeatrar och kunder.\" \/>\n<meta property=\"og:url\" content=\"https:\/\/ciscomeraki.systems\/en\/shop\/cisco-sv\/antennas-sv\/dual-band-omni-antenner-4-7-dbi\/\" \/>\n<meta property=\"og:site_name\" content=\"CISCO MERAKI\" \/>\n<meta property=\"article:publisher\" content=\"https:\/\/www.facebook.com\/ciscomeraki.systems\/\" \/>\n<meta property=\"article:modified_time\" content=\"2026-03-06T19:43:14+00:00\" \/>\n<meta property=\"og:image\" content=\"https:\/\/ciscomeraki.systems\/wp-content\/uploads\/2019\/04\/21FD9P-sxoL._SX425_.jpg\" \/>\n\t<meta property=\"og:image:width\" content=\"425\" \/>\n\t<meta property=\"og:image:height\" content=\"304\" \/>\n\t<meta property=\"og:image:type\" content=\"image\/jpeg\" \/>\n<meta name=\"twitter:card\" content=\"summary_large_image\" \/>\n<meta name=\"twitter:label1\" content=\"Est. reading time\" \/>\n\t<meta name=\"twitter:data1\" content=\"1 minute\" \/>\n<script type=\"application\/ld+json\" class=\"yoast-schema-graph\">{\"@context\":\"https:\\\/\\\/schema.org\",\"@graph\":[{\"@type\":\"WebPage\",\"@id\":\"https:\\\/\\\/ciscomeraki.systems\\\/shop\\\/cisco-sv\\\/antennas-sv\\\/dual-band-omni-antenner-4-7-dbi\\\/\",\"url\":\"https:\\\/\\\/ciscomeraki.systems\\\/shop\\\/cisco-sv\\\/antennas-sv\\\/dual-band-omni-antenner-4-7-dbi\\\/\",\"name\":\"Dual-band Omni antenner (4\\\/7 dBi) - CISCO MERAKI\",\"isPartOf\":{\"@id\":\"https:\\\/\\\/ciscomeraki.systems\\\/#website\"},\"primaryImageOfPage\":{\"@id\":\"https:\\\/\\\/ciscomeraki.systems\\\/shop\\\/cisco-sv\\\/antennas-sv\\\/dual-band-omni-antenner-4-7-dbi\\\/#primaryimage\"},\"image\":{\"@id\":\"https:\\\/\\\/ciscomeraki.systems\\\/shop\\\/cisco-sv\\\/antennas-sv\\\/dual-band-omni-antenner-4-7-dbi\\\/#primaryimage\"},\"thumbnailUrl\":\"https:\\\/\\\/ciscomeraki.systems\\\/wp-content\\\/uploads\\\/2019\\\/04\\\/21FD9P-sxoL._SX425_.jpg\",\"datePublished\":\"2019-08-16T19:04:38+00:00\",\"dateModified\":\"2026-03-06T19:43:14+00:00\",\"breadcrumb\":{\"@id\":\"https:\\\/\\\/ciscomeraki.systems\\\/shop\\\/cisco-sv\\\/antennas-sv\\\/dual-band-omni-antenner-4-7-dbi\\\/#breadcrumb\"},\"inLanguage\":\"en\",\"potentialAction\":[{\"@type\":\"ReadAction\",\"target\":[\"https:\\\/\\\/ciscomeraki.systems\\\/shop\\\/cisco-sv\\\/antennas-sv\\\/dual-band-omni-antenner-4-7-dbi\\\/\"]}]},{\"@type\":\"ImageObject\",\"inLanguage\":\"en\",\"@id\":\"https:\\\/\\\/ciscomeraki.systems\\\/shop\\\/cisco-sv\\\/antennas-sv\\\/dual-band-omni-antenner-4-7-dbi\\\/#primaryimage\",\"url\":\"https:\\\/\\\/ciscomeraki.systems\\\/wp-content\\\/uploads\\\/2019\\\/04\\\/21FD9P-sxoL._SX425_.jpg\",\"contentUrl\":\"https:\\\/\\\/ciscomeraki.systems\\\/wp-content\\\/uploads\\\/2019\\\/04\\\/21FD9P-sxoL._SX425_.jpg\",\"width\":425,\"height\":304},{\"@type\":\"BreadcrumbList\",\"@id\":\"https:\\\/\\\/ciscomeraki.systems\\\/shop\\\/cisco-sv\\\/antennas-sv\\\/dual-band-omni-antenner-4-7-dbi\\\/#breadcrumb\",\"itemListElement\":[{\"@type\":\"ListItem\",\"position\":1,\"name\":\"Home\",\"item\":\"https:\\\/\\\/ciscomeraki.systems\\\/\"},{\"@type\":\"ListItem\",\"position\":2,\"name\":\"Shop\",\"item\":\"https:\\\/\\\/ciscomeraki.systems\\\/shop\\\/\"},{\"@type\":\"ListItem\",\"position\":3,\"name\":\"Dual-band Omni antenner (4\\\/7 dBi)\"}]},{\"@type\":\"WebSite\",\"@id\":\"https:\\\/\\\/ciscomeraki.systems\\\/#website\",\"url\":\"https:\\\/\\\/ciscomeraki.systems\\\/\",\"name\":\"Cisco Meraki Systems\",\"description\":\"\",\"potentialAction\":[{\"@type\":\"SearchAction\",\"target\":{\"@type\":\"EntryPoint\",\"urlTemplate\":\"https:\\\/\\\/ciscomeraki.systems\\\/?s={search_term_string}\"},\"query-input\":{\"@type\":\"PropertyValueSpecification\",\"valueRequired\":true,\"valueName\":\"search_term_string\"}}],\"inLanguage\":\"en\"}]}<\/script>\n<!-- \/ Yoast SEO plugin. -->","yoast_head_json":{"title":"Dual-band Omni antenner (4\/7 dBi) - CISCO MERAKI","robots":{"index":"index","follow":"follow","max-snippet":"max-snippet:-1","max-image-preview":"max-image-preview:large","max-video-preview":"max-video-preview:-1"},"canonical":"https:\/\/ciscomeraki.systems\/en\/shop\/cisco-sv\/antennas-sv\/dual-band-omni-antenner-4-7-dbi\/","og_locale":"en_US","og_type":"article","og_title":"Dual-band Omni antenner (4\/7 dBi) - CISCO MERAKI","og_description":"Cisco Meraki antenn tillbeh\u00f6r f\u00f6rb\u00e4ttra r\u00e4ckvidden och anslutningen av ett n\u00e4tverk genom att \u00f6ka signalstyrkor mellan repeatrar och kunder.","og_url":"https:\/\/ciscomeraki.systems\/en\/shop\/cisco-sv\/antennas-sv\/dual-band-omni-antenner-4-7-dbi\/","og_site_name":"CISCO MERAKI","article_publisher":"https:\/\/www.facebook.com\/ciscomeraki.systems\/","article_modified_time":"2026-03-06T19:43:14+00:00","og_image":[{"width":425,"height":304,"url":"https:\/\/ciscomeraki.systems\/wp-content\/uploads\/2019\/04\/21FD9P-sxoL._SX425_.jpg","type":"image\/jpeg"}],"twitter_card":"summary_large_image","twitter_misc":{"Est. reading time":"1 minute"},"schema":{"@context":"https:\/\/schema.org","@graph":[{"@type":"WebPage","@id":"https:\/\/ciscomeraki.systems\/shop\/cisco-sv\/antennas-sv\/dual-band-omni-antenner-4-7-dbi\/","url":"https:\/\/ciscomeraki.systems\/shop\/cisco-sv\/antennas-sv\/dual-band-omni-antenner-4-7-dbi\/","name":"Dual-band Omni antenner (4\/7 dBi) - CISCO MERAKI","isPartOf":{"@id":"https:\/\/ciscomeraki.systems\/#website"},"primaryImageOfPage":{"@id":"https:\/\/ciscomeraki.systems\/shop\/cisco-sv\/antennas-sv\/dual-band-omni-antenner-4-7-dbi\/#primaryimage"},"image":{"@id":"https:\/\/ciscomeraki.systems\/shop\/cisco-sv\/antennas-sv\/dual-band-omni-antenner-4-7-dbi\/#primaryimage"},"thumbnailUrl":"https:\/\/ciscomeraki.systems\/wp-content\/uploads\/2019\/04\/21FD9P-sxoL._SX425_.jpg","datePublished":"2019-08-16T19:04:38+00:00","dateModified":"2026-03-06T19:43:14+00:00","breadcrumb":{"@id":"https:\/\/ciscomeraki.systems\/shop\/cisco-sv\/antennas-sv\/dual-band-omni-antenner-4-7-dbi\/#breadcrumb"},"inLanguage":"en","potentialAction":[{"@type":"ReadAction","target":["https:\/\/ciscomeraki.systems\/shop\/cisco-sv\/antennas-sv\/dual-band-omni-antenner-4-7-dbi\/"]}]},{"@type":"ImageObject","inLanguage":"en","@id":"https:\/\/ciscomeraki.systems\/shop\/cisco-sv\/antennas-sv\/dual-band-omni-antenner-4-7-dbi\/#primaryimage","url":"https:\/\/ciscomeraki.systems\/wp-content\/uploads\/2019\/04\/21FD9P-sxoL._SX425_.jpg","contentUrl":"https:\/\/ciscomeraki.systems\/wp-content\/uploads\/2019\/04\/21FD9P-sxoL._SX425_.jpg","width":425,"height":304},{"@type":"BreadcrumbList","@id":"https:\/\/ciscomeraki.systems\/shop\/cisco-sv\/antennas-sv\/dual-band-omni-antenner-4-7-dbi\/#breadcrumb","itemListElement":[{"@type":"ListItem","position":1,"name":"Home","item":"https:\/\/ciscomeraki.systems\/"},{"@type":"ListItem","position":2,"name":"Shop","item":"https:\/\/ciscomeraki.systems\/shop\/"},{"@type":"ListItem","position":3,"name":"Dual-band Omni antenner (4\/7 dBi)"}]},{"@type":"WebSite","@id":"https:\/\/ciscomeraki.systems\/#website","url":"https:\/\/ciscomeraki.systems\/","name":"Cisco Meraki Systems","description":"","potentialAction":[{"@type":"SearchAction","target":{"@type":"EntryPoint","urlTemplate":"https:\/\/ciscomeraki.systems\/?s={search_term_string}"},"query-input":{"@type":"PropertyValueSpecification","valueRequired":true,"valueName":"search_term_string"}}],"inLanguage":"en"}]}},"jetpack_sharing_enabled":true,"_links":{"self":[{"href":"https:\/\/ciscomeraki.systems\/en\/wp-json\/wp\/v2\/product\/2235","targetHints":{"allow":["GET"]}}],"collection":[{"href":"https:\/\/ciscomeraki.systems\/en\/wp-json\/wp\/v2\/product"}],"about":[{"href":"https:\/\/ciscomeraki.systems\/en\/wp-json\/wp\/v2\/types\/product"}],"replies":[{"embeddable":true,"href":"https:\/\/ciscomeraki.systems\/en\/wp-json\/wp\/v2\/comments?post=2235"}],"wp:featuredmedia":[{"embeddable":true,"href":"https:\/\/ciscomeraki.systems\/en\/wp-json\/wp\/v2\/media\/1924"}],"wp:attachment":[{"href":"https:\/\/ciscomeraki.systems\/en\/wp-json\/wp\/v2\/media?parent=2235"}],"wp:term":[{"taxonomy":"product_brand","embeddable":true,"href":"https:\/\/ciscomeraki.systems\/en\/wp-json\/wp\/v2\/product_brand?post=2235"},{"taxonomy":"product_cat","embeddable":true,"href":"https:\/\/ciscomeraki.systems\/en\/wp-json\/wp\/v2\/product_cat?post=2235"},{"taxonomy":"product_tag","embeddable":true,"href":"https:\/\/ciscomeraki.systems\/en\/wp-json\/wp\/v2\/product_tag?post=2235"}],"curies":[{"name":"wp","href":"https:\/\/api.w.org\/{rel}","templated":true}]}}