{"id":2236,"date":"2019-04-24T06:53:56","date_gmt":"2019-08-16T19:06:19","guid":{"rendered":"https:\/\/ciscomeraki.systems\/okategoriserad\/smal-patchantenn\/"},"modified":"2026-03-06T19:43:14","modified_gmt":"2026-03-06T19:43:14","slug":"smal-lapp-antenn","status":"publish","type":"product","link":"https:\/\/ciscomeraki.systems\/en\/shop\/cisco-sv\/antennas-sv\/smal-lapp-antenn\/","title":{"rendered":"Smal Patchantenn"},"content":{"rendered":"<h2 class=\"\">Tekniska specifikationer<\/h2>\n<div class=\"text-columns two\">\n<h4>Elektriska<\/h4>\n<ul>\n<li>Antenntyp: smalt pl\u00e5ster<\/li>\n<li>Frekvensomf\u00e5ng: 2,400 \u2013 2,500, 5,150 \u2013 5,875 GHz<\/li>\n<li>F\u00f6rst\u00e4rkning (per antennelement): F5:11,2 (2.4)\/10.8 (5)<\/li>\n<li>F\u00f6rst\u00e4rkning (per antennelement): F6:11,2 (2,4)\/10,8 (5)<\/li>\n<li>Polarisering: linj\u00e4r, + 45 \u00b0<\/li>\n<li>Halv effekt lobvinkel\/horisontell: 30 \u00b0\/30 \u00b0<\/li>\n<li>Halv effekt lobvinkel\/vertikal: 30 \u00b0\/30 \u00b0<\/li>\n<\/ul>\n<h4>Kablar<\/h4>\n<ul>\n<li>G\u00e5nger AA-9303, 1M<\/li>\n<\/ul>\n<h4>Montering<\/h4>\n<ul>\n<li>Kompatibel med MA-MNT-ANT-1 eller MA-MNT-ANT-2 artikulera arm f\u00e4sten<\/li>\n<li>F\u00e4sten till v\u00e4ggar och stolpar<\/li>\n<\/ul>\n<h4>Fysisk och milj\u00f6<\/h4>\n<ul>\n<li>M\u00e5tt: (F5): 25,98 &#8220;\u00d7 20,87&#8221; \u00d7 5,12 &#8220;(660 mm \u00d7 530 mm \u00d7 130 mm)<\/li>\n<li>M\u00e5tt: (F6): 25,98 &#8220;\u00d7 20,87&#8221; \u00d7 5,12 &#8220;(660 mm \u00d7 530 mm \u00d7 130 mm)<\/li>\n<li>Vikt: (F5): 6,9 lbs (3,13 kg)<\/li>\n<li>Vikt: (F6): 7,1 lbs (3,22 kg)<\/li>\n<li>Material: PC-ABS<\/li>\n<li>Temperatur: 32 \u00b0 f till 104 \u00b0 f (0 \u00b0 c till 40 \u00b0 c)<\/li>\n<li>Luftfuktighet: 5-93<\/li>\n<li>Anslutning: RP-TNC<\/li>\n<\/ul>\n<h4>Garanti<\/h4>\n<ul>\n<li>1 \u00e5rs maskinvarugaranti ing\u00e5r<\/li>\n<\/ul>\n<h4>Best\u00e4llnings information<\/h4>\n<ul>\n<li>MA-ANT-3-F5\/6<\/li>\n<li>MA-MNT-ANT-1 (standard monterings arm)<\/li>\n<li>MA-MNT-ANT-2 (l\u00e5ng monterings arm)<\/li>\n<\/ul>\n<h4>Reglerande<\/h4>\n<ul>\n<li>Certifierad f\u00f6r anv\u00e4ndning med MR42E: MA-ANT-3-F5<\/li>\n<li>Certifierad f\u00f6r anv\u00e4ndning med MR53E: MA-ANT-3-F6<\/li>\n<\/ul>\n<\/div>\n","protected":false},"excerpt":{"rendered":"<p>Den smala patch antennen \u00e4r idealisk f\u00f6r h\u00f6ga tak (25 ft +) estetiska konsensus installationer i h\u00f6g densitet applikationer och d\u00e4r APs t\u00e4cker h\u00f6g densitet anv\u00e4ndare i sm\u00e5 zoner. N\u00e5gra exempel bruk fall \u00e4r i stora f\u00f6rel\u00e4sningssalar\/stadioner, s\u00e5v\u00e4l som h\u00e4ndelsen Venue centrerar. Denna antenn st\u00f6der merakis smarta antenn funktioner. Det pris som visas \u00e4r f\u00f6r en 5-kopplingens modell; den smala Patchantennen kan k\u00f6pas med 5 eller 6 kontakter.<\/p>\n","protected":false},"featured_media":1923,"comment_status":"open","ping_status":"closed","template":"","meta":[],"product_brand":[],"product_cat":[170],"product_tag":[194],"class_list":{"0":"post-2236","1":"product","2":"type-product","3":"status-publish","4":"has-post-thumbnail","6":"product_cat-antennas-sv","7":"product_tag-antenn","9":"first","10":"instock","11":"taxable","12":"shipping-taxable","13":"purchasable","14":"product-type-simple"},"yoast_head":"<!-- This site is optimized with the Yoast SEO plugin v27.3 - https:\/\/yoast.com\/product\/yoast-seo-wordpress\/ -->\n<title>Smal Patchantenn - CISCO MERAKI<\/title>\n<meta name=\"robots\" content=\"index, follow, max-snippet:-1, max-image-preview:large, max-video-preview:-1\" \/>\n<link rel=\"canonical\" href=\"https:\/\/ciscomeraki.systems\/en\/shop\/cisco-sv\/antennas-sv\/smal-lapp-antenn\/\" \/>\n<meta property=\"og:locale\" content=\"en_US\" \/>\n<meta property=\"og:type\" content=\"article\" \/>\n<meta property=\"og:title\" content=\"Smal Patchantenn - CISCO MERAKI\" \/>\n<meta property=\"og:description\" content=\"Den smala patch antennen \u00e4r idealisk f\u00f6r h\u00f6ga tak (25 ft +) estetiska konsensus installationer i h\u00f6g densitet applikationer och d\u00e4r APs t\u00e4cker h\u00f6g densitet anv\u00e4ndare i sm\u00e5 zoner. N\u00e5gra exempel bruk fall \u00e4r i stora f\u00f6rel\u00e4sningssalar\/stadioner, s\u00e5v\u00e4l som h\u00e4ndelsen Venue centrerar. Denna antenn st\u00f6der merakis smarta antenn funktioner. Det pris som visas \u00e4r f\u00f6r en 5-kopplingens modell; den smala Patchantennen kan k\u00f6pas med 5 eller 6 kontakter.\" \/>\n<meta property=\"og:url\" content=\"https:\/\/ciscomeraki.systems\/en\/shop\/cisco-sv\/antennas-sv\/smal-lapp-antenn\/\" \/>\n<meta property=\"og:site_name\" content=\"CISCO MERAKI\" \/>\n<meta property=\"article:publisher\" content=\"https:\/\/www.facebook.com\/ciscomeraki.systems\/\" \/>\n<meta property=\"article:modified_time\" content=\"2026-03-06T19:43:14+00:00\" \/>\n<meta property=\"og:image\" content=\"https:\/\/ciscomeraki.systems\/wp-content\/uploads\/2019\/04\/f5-narrow-patch.jpg\" \/>\n\t<meta property=\"og:image:width\" content=\"600\" \/>\n\t<meta property=\"og:image:height\" content=\"346\" \/>\n\t<meta property=\"og:image:type\" content=\"image\/jpeg\" \/>\n<meta name=\"twitter:card\" content=\"summary_large_image\" \/>\n<meta name=\"twitter:label1\" content=\"Est. reading time\" \/>\n\t<meta name=\"twitter:data1\" content=\"1 minute\" \/>\n<script type=\"application\/ld+json\" class=\"yoast-schema-graph\">{\"@context\":\"https:\\\/\\\/schema.org\",\"@graph\":[{\"@type\":\"WebPage\",\"@id\":\"https:\\\/\\\/ciscomeraki.systems\\\/shop\\\/cisco-sv\\\/antennas-sv\\\/smal-lapp-antenn\\\/\",\"url\":\"https:\\\/\\\/ciscomeraki.systems\\\/shop\\\/cisco-sv\\\/antennas-sv\\\/smal-lapp-antenn\\\/\",\"name\":\"Smal Patchantenn - CISCO MERAKI\",\"isPartOf\":{\"@id\":\"https:\\\/\\\/ciscomeraki.systems\\\/#website\"},\"primaryImageOfPage\":{\"@id\":\"https:\\\/\\\/ciscomeraki.systems\\\/shop\\\/cisco-sv\\\/antennas-sv\\\/smal-lapp-antenn\\\/#primaryimage\"},\"image\":{\"@id\":\"https:\\\/\\\/ciscomeraki.systems\\\/shop\\\/cisco-sv\\\/antennas-sv\\\/smal-lapp-antenn\\\/#primaryimage\"},\"thumbnailUrl\":\"https:\\\/\\\/ciscomeraki.systems\\\/wp-content\\\/uploads\\\/2019\\\/04\\\/f5-narrow-patch.jpg\",\"datePublished\":\"2019-08-16T19:06:19+00:00\",\"dateModified\":\"2026-03-06T19:43:14+00:00\",\"breadcrumb\":{\"@id\":\"https:\\\/\\\/ciscomeraki.systems\\\/shop\\\/cisco-sv\\\/antennas-sv\\\/smal-lapp-antenn\\\/#breadcrumb\"},\"inLanguage\":\"en\",\"potentialAction\":[{\"@type\":\"ReadAction\",\"target\":[\"https:\\\/\\\/ciscomeraki.systems\\\/shop\\\/cisco-sv\\\/antennas-sv\\\/smal-lapp-antenn\\\/\"]}]},{\"@type\":\"ImageObject\",\"inLanguage\":\"en\",\"@id\":\"https:\\\/\\\/ciscomeraki.systems\\\/shop\\\/cisco-sv\\\/antennas-sv\\\/smal-lapp-antenn\\\/#primaryimage\",\"url\":\"https:\\\/\\\/ciscomeraki.systems\\\/wp-content\\\/uploads\\\/2019\\\/04\\\/f5-narrow-patch.jpg\",\"contentUrl\":\"https:\\\/\\\/ciscomeraki.systems\\\/wp-content\\\/uploads\\\/2019\\\/04\\\/f5-narrow-patch.jpg\",\"width\":600,\"height\":346},{\"@type\":\"BreadcrumbList\",\"@id\":\"https:\\\/\\\/ciscomeraki.systems\\\/shop\\\/cisco-sv\\\/antennas-sv\\\/smal-lapp-antenn\\\/#breadcrumb\",\"itemListElement\":[{\"@type\":\"ListItem\",\"position\":1,\"name\":\"Home\",\"item\":\"https:\\\/\\\/ciscomeraki.systems\\\/\"},{\"@type\":\"ListItem\",\"position\":2,\"name\":\"Shop\",\"item\":\"https:\\\/\\\/ciscomeraki.systems\\\/shop\\\/\"},{\"@type\":\"ListItem\",\"position\":3,\"name\":\"Smal Patchantenn\"}]},{\"@type\":\"WebSite\",\"@id\":\"https:\\\/\\\/ciscomeraki.systems\\\/#website\",\"url\":\"https:\\\/\\\/ciscomeraki.systems\\\/\",\"name\":\"Cisco Meraki Systems\",\"description\":\"\",\"potentialAction\":[{\"@type\":\"SearchAction\",\"target\":{\"@type\":\"EntryPoint\",\"urlTemplate\":\"https:\\\/\\\/ciscomeraki.systems\\\/?s={search_term_string}\"},\"query-input\":{\"@type\":\"PropertyValueSpecification\",\"valueRequired\":true,\"valueName\":\"search_term_string\"}}],\"inLanguage\":\"en\"}]}<\/script>\n<!-- \/ Yoast SEO plugin. -->","yoast_head_json":{"title":"Smal Patchantenn - CISCO MERAKI","robots":{"index":"index","follow":"follow","max-snippet":"max-snippet:-1","max-image-preview":"max-image-preview:large","max-video-preview":"max-video-preview:-1"},"canonical":"https:\/\/ciscomeraki.systems\/en\/shop\/cisco-sv\/antennas-sv\/smal-lapp-antenn\/","og_locale":"en_US","og_type":"article","og_title":"Smal Patchantenn - CISCO MERAKI","og_description":"Den smala patch antennen \u00e4r idealisk f\u00f6r h\u00f6ga tak (25 ft +) estetiska konsensus installationer i h\u00f6g densitet applikationer och d\u00e4r APs t\u00e4cker h\u00f6g densitet anv\u00e4ndare i sm\u00e5 zoner. N\u00e5gra exempel bruk fall \u00e4r i stora f\u00f6rel\u00e4sningssalar\/stadioner, s\u00e5v\u00e4l som h\u00e4ndelsen Venue centrerar. Denna antenn st\u00f6der merakis smarta antenn funktioner. Det pris som visas \u00e4r f\u00f6r en 5-kopplingens modell; den smala Patchantennen kan k\u00f6pas med 5 eller 6 kontakter.","og_url":"https:\/\/ciscomeraki.systems\/en\/shop\/cisco-sv\/antennas-sv\/smal-lapp-antenn\/","og_site_name":"CISCO MERAKI","article_publisher":"https:\/\/www.facebook.com\/ciscomeraki.systems\/","article_modified_time":"2026-03-06T19:43:14+00:00","og_image":[{"width":600,"height":346,"url":"https:\/\/ciscomeraki.systems\/wp-content\/uploads\/2019\/04\/f5-narrow-patch.jpg","type":"image\/jpeg"}],"twitter_card":"summary_large_image","twitter_misc":{"Est. reading time":"1 minute"},"schema":{"@context":"https:\/\/schema.org","@graph":[{"@type":"WebPage","@id":"https:\/\/ciscomeraki.systems\/shop\/cisco-sv\/antennas-sv\/smal-lapp-antenn\/","url":"https:\/\/ciscomeraki.systems\/shop\/cisco-sv\/antennas-sv\/smal-lapp-antenn\/","name":"Smal Patchantenn - CISCO MERAKI","isPartOf":{"@id":"https:\/\/ciscomeraki.systems\/#website"},"primaryImageOfPage":{"@id":"https:\/\/ciscomeraki.systems\/shop\/cisco-sv\/antennas-sv\/smal-lapp-antenn\/#primaryimage"},"image":{"@id":"https:\/\/ciscomeraki.systems\/shop\/cisco-sv\/antennas-sv\/smal-lapp-antenn\/#primaryimage"},"thumbnailUrl":"https:\/\/ciscomeraki.systems\/wp-content\/uploads\/2019\/04\/f5-narrow-patch.jpg","datePublished":"2019-08-16T19:06:19+00:00","dateModified":"2026-03-06T19:43:14+00:00","breadcrumb":{"@id":"https:\/\/ciscomeraki.systems\/shop\/cisco-sv\/antennas-sv\/smal-lapp-antenn\/#breadcrumb"},"inLanguage":"en","potentialAction":[{"@type":"ReadAction","target":["https:\/\/ciscomeraki.systems\/shop\/cisco-sv\/antennas-sv\/smal-lapp-antenn\/"]}]},{"@type":"ImageObject","inLanguage":"en","@id":"https:\/\/ciscomeraki.systems\/shop\/cisco-sv\/antennas-sv\/smal-lapp-antenn\/#primaryimage","url":"https:\/\/ciscomeraki.systems\/wp-content\/uploads\/2019\/04\/f5-narrow-patch.jpg","contentUrl":"https:\/\/ciscomeraki.systems\/wp-content\/uploads\/2019\/04\/f5-narrow-patch.jpg","width":600,"height":346},{"@type":"BreadcrumbList","@id":"https:\/\/ciscomeraki.systems\/shop\/cisco-sv\/antennas-sv\/smal-lapp-antenn\/#breadcrumb","itemListElement":[{"@type":"ListItem","position":1,"name":"Home","item":"https:\/\/ciscomeraki.systems\/"},{"@type":"ListItem","position":2,"name":"Shop","item":"https:\/\/ciscomeraki.systems\/shop\/"},{"@type":"ListItem","position":3,"name":"Smal Patchantenn"}]},{"@type":"WebSite","@id":"https:\/\/ciscomeraki.systems\/#website","url":"https:\/\/ciscomeraki.systems\/","name":"Cisco Meraki Systems","description":"","potentialAction":[{"@type":"SearchAction","target":{"@type":"EntryPoint","urlTemplate":"https:\/\/ciscomeraki.systems\/?s={search_term_string}"},"query-input":{"@type":"PropertyValueSpecification","valueRequired":true,"valueName":"search_term_string"}}],"inLanguage":"en"}]}},"jetpack_sharing_enabled":true,"_links":{"self":[{"href":"https:\/\/ciscomeraki.systems\/en\/wp-json\/wp\/v2\/product\/2236","targetHints":{"allow":["GET"]}}],"collection":[{"href":"https:\/\/ciscomeraki.systems\/en\/wp-json\/wp\/v2\/product"}],"about":[{"href":"https:\/\/ciscomeraki.systems\/en\/wp-json\/wp\/v2\/types\/product"}],"replies":[{"embeddable":true,"href":"https:\/\/ciscomeraki.systems\/en\/wp-json\/wp\/v2\/comments?post=2236"}],"wp:featuredmedia":[{"embeddable":true,"href":"https:\/\/ciscomeraki.systems\/en\/wp-json\/wp\/v2\/media\/1923"}],"wp:attachment":[{"href":"https:\/\/ciscomeraki.systems\/en\/wp-json\/wp\/v2\/media?parent=2236"}],"wp:term":[{"taxonomy":"product_brand","embeddable":true,"href":"https:\/\/ciscomeraki.systems\/en\/wp-json\/wp\/v2\/product_brand?post=2236"},{"taxonomy":"product_cat","embeddable":true,"href":"https:\/\/ciscomeraki.systems\/en\/wp-json\/wp\/v2\/product_cat?post=2236"},{"taxonomy":"product_tag","embeddable":true,"href":"https:\/\/ciscomeraki.systems\/en\/wp-json\/wp\/v2\/product_tag?post=2236"}],"curies":[{"name":"wp","href":"https:\/\/api.w.org\/{rel}","templated":true}]}}