{"id":2237,"date":"2019-04-24T06:49:07","date_gmt":"2019-08-16T19:08:32","guid":{"rendered":"https:\/\/ciscomeraki.systems\/okategoriserad\/bred-patch-antenn\/"},"modified":"2026-03-06T19:43:14","modified_gmt":"2026-03-06T19:43:14","slug":"wide-patch-antenn","status":"publish","type":"product","link":"https:\/\/ciscomeraki.systems\/en\/shop\/cisco-sv\/antennas-sv\/wide-patch-antenn\/","title":{"rendered":"Bred patch-antenn"},"content":{"rendered":"<h2 class=\"\">Tekniska specifikationer<\/h2>\n<div class=\"text-columns two\">\n<h4>Elektriska<\/h4>\n<ul>\n<li>Antenntyp: bred patch<\/li>\n<li>Frekvensomf\u00e5ng: 2,400 \u2013 2,500, 5,150 \u2013 5,875 GHz<\/li>\n<li>F\u00f6rst\u00e4rkning (per antennelement): E5:7 dBi (2,4), 6,3 dBi (5)<\/li>\n<li>F\u00f6rst\u00e4rkning (per antennelement): E6:7 dBi (2,4), 6,3 dBi (5)<\/li>\n<li>Polarisering: linj\u00e4r, +\/-45 \u00b0<\/li>\n<li>Halv effekt lobvinkel\/horisontell: 60 \u00b0\/60 \u00b0<\/li>\n<li>Halv effekt lobvinkel\/vertikal: 60 \u00b0\/60 \u00b0<\/li>\n<\/ul>\n<h4>Kablar<\/h4>\n<ul>\n<li>AA-9303, 1M<\/li>\n<\/ul>\n<h4>Montering<\/h4>\n<ul>\n<li>Surface Mount mutter ing\u00e5r; kompatibel med MA-MNT-ANT-1 eller MA-MNT-ANT-2<\/li>\n<li>F\u00e4sten till v\u00e4ggar och stolpar<\/li>\n<\/ul>\n<h4>Fysiska och milj\u00f6m\u00e4ssiga<\/h4>\n<ul>\n<li>M\u00e5tt: (E5): 10,83 &#8220;\u00d7 10,83&#8221; \u00d7 0,93 &#8220;(275 mm \u00d7 275 mm \u00d7 23,5 mm)<\/li>\n<li>M\u00e5tt: (E6): 10.83 &#8220;\u00d7 10,83&#8221; \u00d7 0,93 &#8220;(275 mm \u00d7 275 mm \u00d7 23,5 mm)<\/li>\n<li>Vikt: (E5): 38,8 oz (1,1 kg)<\/li>\n<li>Vikt: (E6): 41,27 oz (1,17 kg)<\/li>\n<li>Material: PC-ABS<\/li>\n<li>Temperatur: 32 \u00b0 f till 104 \u00b0 f (0 \u00b0 c till 40 \u00b0 c)<\/li>\n<li>Luftfuktighet: 5-93<\/li>\n<li>Anslutning: RP-TNC<\/li>\n<\/ul>\n<h4>Garanti<\/h4>\n<ul>\n<li>1 \u00e5rs maskinvarugaranti ing\u00e5r<\/li>\n<\/ul>\n<h4>Best\u00e4llnings information<\/h4>\n<ul>\n<li>MA-ANT-3-E5\/6<\/li>\n<li>MA-MNT-ANT-1 (standard monterings arm)<\/li>\n<li>MA-MNT-ANT-2 (l\u00e5ng monterings arm)<\/li>\n<\/ul>\n<h4>Information om f\u00f6reskrifter<\/h4>\n<ul>\n<li>Certifierad f\u00f6r anv\u00e4ndning med MR42E: MA-ANT-3-E5<\/li>\n<li>Certifierad f\u00f6r anv\u00e4ndning med MR53E: MA-ANT-3-E6<\/li>\n<\/ul>\n<\/div>\n","protected":false},"excerpt":{"rendered":"<p>Wide patch-antennen \u00e4r idealisk f\u00f6r v\u00e4ggmonterade distributioner, estetiska kon sen SUS installationer i applikationer med l\u00e5g densitet och v\u00e4ggmonterad eller takmonterad under 25 fot i applikationer med h\u00f6g densitet. Vissa exempel anv\u00e4ndningsfall \u00e4r i vestibuler med mycket h\u00f6gt i tak men f\u00e5 enheter som ansluter och f\u00f6rel\u00e4sningssalar d\u00e4r installationen \u00e4r n\u00e4ra anv\u00e4ndarna. Denna antenn st\u00f6der merakis smarta antenn funktioner. Det pris som visas \u00e4r f\u00f6r en 5-kopplingens modell; den breda Patchantennen kan k\u00f6pas med 5 eller 6 kontakter.<\/p>\n","protected":false},"featured_media":1922,"comment_status":"open","ping_status":"closed","template":"","meta":[],"product_brand":[],"product_cat":[170],"product_tag":[194],"class_list":{"0":"post-2237","1":"product","2":"type-product","3":"status-publish","4":"has-post-thumbnail","6":"product_cat-antennas-sv","7":"product_tag-antenn","9":"first","10":"instock","11":"taxable","12":"shipping-taxable","13":"purchasable","14":"product-type-simple"},"yoast_head":"<!-- This site is optimized with the Yoast SEO plugin v27.3 - https:\/\/yoast.com\/product\/yoast-seo-wordpress\/ -->\n<title>Bred patch-antenn - CISCO MERAKI<\/title>\n<meta name=\"robots\" content=\"index, follow, max-snippet:-1, max-image-preview:large, max-video-preview:-1\" \/>\n<link rel=\"canonical\" href=\"https:\/\/ciscomeraki.systems\/en\/shop\/cisco-sv\/antennas-sv\/wide-patch-antenn\/\" \/>\n<meta property=\"og:locale\" content=\"en_US\" \/>\n<meta property=\"og:type\" content=\"article\" \/>\n<meta property=\"og:title\" content=\"Bred patch-antenn - CISCO MERAKI\" \/>\n<meta property=\"og:description\" content=\"Wide patch-antennen \u00e4r idealisk f\u00f6r v\u00e4ggmonterade distributioner, estetiska kon sen SUS installationer i applikationer med l\u00e5g densitet och v\u00e4ggmonterad eller takmonterad under 25 fot i applikationer med h\u00f6g densitet. Vissa exempel anv\u00e4ndningsfall \u00e4r i vestibuler med mycket h\u00f6gt i tak men f\u00e5 enheter som ansluter och f\u00f6rel\u00e4sningssalar d\u00e4r installationen \u00e4r n\u00e4ra anv\u00e4ndarna. Denna antenn st\u00f6der merakis smarta antenn funktioner. Det pris som visas \u00e4r f\u00f6r en 5-kopplingens modell; den breda Patchantennen kan k\u00f6pas med 5 eller 6 kontakter.\" \/>\n<meta property=\"og:url\" content=\"https:\/\/ciscomeraki.systems\/en\/shop\/cisco-sv\/antennas-sv\/wide-patch-antenn\/\" \/>\n<meta property=\"og:site_name\" content=\"CISCO MERAKI\" \/>\n<meta property=\"article:publisher\" content=\"https:\/\/www.facebook.com\/ciscomeraki.systems\/\" \/>\n<meta property=\"article:modified_time\" content=\"2026-03-06T19:43:14+00:00\" \/>\n<meta property=\"og:image\" content=\"https:\/\/ciscomeraki.systems\/wp-content\/uploads\/2019\/04\/e5-wide-patch.jpg\" \/>\n\t<meta property=\"og:image:width\" content=\"600\" \/>\n\t<meta property=\"og:image:height\" content=\"346\" \/>\n\t<meta property=\"og:image:type\" content=\"image\/jpeg\" \/>\n<meta name=\"twitter:card\" content=\"summary_large_image\" \/>\n<meta name=\"twitter:label1\" content=\"Est. reading time\" \/>\n\t<meta name=\"twitter:data1\" content=\"1 minute\" \/>\n<script type=\"application\/ld+json\" class=\"yoast-schema-graph\">{\"@context\":\"https:\\\/\\\/schema.org\",\"@graph\":[{\"@type\":\"WebPage\",\"@id\":\"https:\\\/\\\/ciscomeraki.systems\\\/shop\\\/cisco-sv\\\/antennas-sv\\\/wide-patch-antenn\\\/\",\"url\":\"https:\\\/\\\/ciscomeraki.systems\\\/shop\\\/cisco-sv\\\/antennas-sv\\\/wide-patch-antenn\\\/\",\"name\":\"Bred patch-antenn - CISCO MERAKI\",\"isPartOf\":{\"@id\":\"https:\\\/\\\/ciscomeraki.systems\\\/#website\"},\"primaryImageOfPage\":{\"@id\":\"https:\\\/\\\/ciscomeraki.systems\\\/shop\\\/cisco-sv\\\/antennas-sv\\\/wide-patch-antenn\\\/#primaryimage\"},\"image\":{\"@id\":\"https:\\\/\\\/ciscomeraki.systems\\\/shop\\\/cisco-sv\\\/antennas-sv\\\/wide-patch-antenn\\\/#primaryimage\"},\"thumbnailUrl\":\"https:\\\/\\\/ciscomeraki.systems\\\/wp-content\\\/uploads\\\/2019\\\/04\\\/e5-wide-patch.jpg\",\"datePublished\":\"2019-08-16T19:08:32+00:00\",\"dateModified\":\"2026-03-06T19:43:14+00:00\",\"breadcrumb\":{\"@id\":\"https:\\\/\\\/ciscomeraki.systems\\\/shop\\\/cisco-sv\\\/antennas-sv\\\/wide-patch-antenn\\\/#breadcrumb\"},\"inLanguage\":\"en\",\"potentialAction\":[{\"@type\":\"ReadAction\",\"target\":[\"https:\\\/\\\/ciscomeraki.systems\\\/shop\\\/cisco-sv\\\/antennas-sv\\\/wide-patch-antenn\\\/\"]}]},{\"@type\":\"ImageObject\",\"inLanguage\":\"en\",\"@id\":\"https:\\\/\\\/ciscomeraki.systems\\\/shop\\\/cisco-sv\\\/antennas-sv\\\/wide-patch-antenn\\\/#primaryimage\",\"url\":\"https:\\\/\\\/ciscomeraki.systems\\\/wp-content\\\/uploads\\\/2019\\\/04\\\/e5-wide-patch.jpg\",\"contentUrl\":\"https:\\\/\\\/ciscomeraki.systems\\\/wp-content\\\/uploads\\\/2019\\\/04\\\/e5-wide-patch.jpg\",\"width\":600,\"height\":346},{\"@type\":\"BreadcrumbList\",\"@id\":\"https:\\\/\\\/ciscomeraki.systems\\\/shop\\\/cisco-sv\\\/antennas-sv\\\/wide-patch-antenn\\\/#breadcrumb\",\"itemListElement\":[{\"@type\":\"ListItem\",\"position\":1,\"name\":\"Home\",\"item\":\"https:\\\/\\\/ciscomeraki.systems\\\/\"},{\"@type\":\"ListItem\",\"position\":2,\"name\":\"Shop\",\"item\":\"https:\\\/\\\/ciscomeraki.systems\\\/shop\\\/\"},{\"@type\":\"ListItem\",\"position\":3,\"name\":\"Bred patch-antenn\"}]},{\"@type\":\"WebSite\",\"@id\":\"https:\\\/\\\/ciscomeraki.systems\\\/#website\",\"url\":\"https:\\\/\\\/ciscomeraki.systems\\\/\",\"name\":\"Cisco Meraki Systems\",\"description\":\"\",\"potentialAction\":[{\"@type\":\"SearchAction\",\"target\":{\"@type\":\"EntryPoint\",\"urlTemplate\":\"https:\\\/\\\/ciscomeraki.systems\\\/?s={search_term_string}\"},\"query-input\":{\"@type\":\"PropertyValueSpecification\",\"valueRequired\":true,\"valueName\":\"search_term_string\"}}],\"inLanguage\":\"en\"}]}<\/script>\n<!-- \/ Yoast SEO plugin. -->","yoast_head_json":{"title":"Bred patch-antenn - CISCO MERAKI","robots":{"index":"index","follow":"follow","max-snippet":"max-snippet:-1","max-image-preview":"max-image-preview:large","max-video-preview":"max-video-preview:-1"},"canonical":"https:\/\/ciscomeraki.systems\/en\/shop\/cisco-sv\/antennas-sv\/wide-patch-antenn\/","og_locale":"en_US","og_type":"article","og_title":"Bred patch-antenn - CISCO MERAKI","og_description":"Wide patch-antennen \u00e4r idealisk f\u00f6r v\u00e4ggmonterade distributioner, estetiska kon sen SUS installationer i applikationer med l\u00e5g densitet och v\u00e4ggmonterad eller takmonterad under 25 fot i applikationer med h\u00f6g densitet. Vissa exempel anv\u00e4ndningsfall \u00e4r i vestibuler med mycket h\u00f6gt i tak men f\u00e5 enheter som ansluter och f\u00f6rel\u00e4sningssalar d\u00e4r installationen \u00e4r n\u00e4ra anv\u00e4ndarna. Denna antenn st\u00f6der merakis smarta antenn funktioner. Det pris som visas \u00e4r f\u00f6r en 5-kopplingens modell; den breda Patchantennen kan k\u00f6pas med 5 eller 6 kontakter.","og_url":"https:\/\/ciscomeraki.systems\/en\/shop\/cisco-sv\/antennas-sv\/wide-patch-antenn\/","og_site_name":"CISCO MERAKI","article_publisher":"https:\/\/www.facebook.com\/ciscomeraki.systems\/","article_modified_time":"2026-03-06T19:43:14+00:00","og_image":[{"width":600,"height":346,"url":"https:\/\/ciscomeraki.systems\/wp-content\/uploads\/2019\/04\/e5-wide-patch.jpg","type":"image\/jpeg"}],"twitter_card":"summary_large_image","twitter_misc":{"Est. reading time":"1 minute"},"schema":{"@context":"https:\/\/schema.org","@graph":[{"@type":"WebPage","@id":"https:\/\/ciscomeraki.systems\/shop\/cisco-sv\/antennas-sv\/wide-patch-antenn\/","url":"https:\/\/ciscomeraki.systems\/shop\/cisco-sv\/antennas-sv\/wide-patch-antenn\/","name":"Bred patch-antenn - CISCO MERAKI","isPartOf":{"@id":"https:\/\/ciscomeraki.systems\/#website"},"primaryImageOfPage":{"@id":"https:\/\/ciscomeraki.systems\/shop\/cisco-sv\/antennas-sv\/wide-patch-antenn\/#primaryimage"},"image":{"@id":"https:\/\/ciscomeraki.systems\/shop\/cisco-sv\/antennas-sv\/wide-patch-antenn\/#primaryimage"},"thumbnailUrl":"https:\/\/ciscomeraki.systems\/wp-content\/uploads\/2019\/04\/e5-wide-patch.jpg","datePublished":"2019-08-16T19:08:32+00:00","dateModified":"2026-03-06T19:43:14+00:00","breadcrumb":{"@id":"https:\/\/ciscomeraki.systems\/shop\/cisco-sv\/antennas-sv\/wide-patch-antenn\/#breadcrumb"},"inLanguage":"en","potentialAction":[{"@type":"ReadAction","target":["https:\/\/ciscomeraki.systems\/shop\/cisco-sv\/antennas-sv\/wide-patch-antenn\/"]}]},{"@type":"ImageObject","inLanguage":"en","@id":"https:\/\/ciscomeraki.systems\/shop\/cisco-sv\/antennas-sv\/wide-patch-antenn\/#primaryimage","url":"https:\/\/ciscomeraki.systems\/wp-content\/uploads\/2019\/04\/e5-wide-patch.jpg","contentUrl":"https:\/\/ciscomeraki.systems\/wp-content\/uploads\/2019\/04\/e5-wide-patch.jpg","width":600,"height":346},{"@type":"BreadcrumbList","@id":"https:\/\/ciscomeraki.systems\/shop\/cisco-sv\/antennas-sv\/wide-patch-antenn\/#breadcrumb","itemListElement":[{"@type":"ListItem","position":1,"name":"Home","item":"https:\/\/ciscomeraki.systems\/"},{"@type":"ListItem","position":2,"name":"Shop","item":"https:\/\/ciscomeraki.systems\/shop\/"},{"@type":"ListItem","position":3,"name":"Bred patch-antenn"}]},{"@type":"WebSite","@id":"https:\/\/ciscomeraki.systems\/#website","url":"https:\/\/ciscomeraki.systems\/","name":"Cisco Meraki Systems","description":"","potentialAction":[{"@type":"SearchAction","target":{"@type":"EntryPoint","urlTemplate":"https:\/\/ciscomeraki.systems\/?s={search_term_string}"},"query-input":{"@type":"PropertyValueSpecification","valueRequired":true,"valueName":"search_term_string"}}],"inLanguage":"en"}]}},"jetpack_sharing_enabled":true,"_links":{"self":[{"href":"https:\/\/ciscomeraki.systems\/en\/wp-json\/wp\/v2\/product\/2237","targetHints":{"allow":["GET"]}}],"collection":[{"href":"https:\/\/ciscomeraki.systems\/en\/wp-json\/wp\/v2\/product"}],"about":[{"href":"https:\/\/ciscomeraki.systems\/en\/wp-json\/wp\/v2\/types\/product"}],"replies":[{"embeddable":true,"href":"https:\/\/ciscomeraki.systems\/en\/wp-json\/wp\/v2\/comments?post=2237"}],"wp:featuredmedia":[{"embeddable":true,"href":"https:\/\/ciscomeraki.systems\/en\/wp-json\/wp\/v2\/media\/1922"}],"wp:attachment":[{"href":"https:\/\/ciscomeraki.systems\/en\/wp-json\/wp\/v2\/media?parent=2237"}],"wp:term":[{"taxonomy":"product_brand","embeddable":true,"href":"https:\/\/ciscomeraki.systems\/en\/wp-json\/wp\/v2\/product_brand?post=2237"},{"taxonomy":"product_cat","embeddable":true,"href":"https:\/\/ciscomeraki.systems\/en\/wp-json\/wp\/v2\/product_cat?post=2237"},{"taxonomy":"product_tag","embeddable":true,"href":"https:\/\/ciscomeraki.systems\/en\/wp-json\/wp\/v2\/product_tag?post=2237"}],"curies":[{"name":"wp","href":"https:\/\/api.w.org\/{rel}","templated":true}]}}