{"id":2238,"date":"2019-04-24T06:46:17","date_gmt":"2019-08-16T19:10:15","guid":{"rendered":"https:\/\/ciscomeraki.systems\/okategoriserad\/downtilt-panel-omni-antenn\/"},"modified":"2026-03-06T19:43:15","modified_gmt":"2026-03-06T19:43:15","slug":"downtilt-panel-omni-antenn","status":"publish","type":"product","link":"https:\/\/ciscomeraki.systems\/en\/shop\/cisco-sv\/antennas-sv\/downtilt-panel-omni-antenn\/","title":{"rendered":"Downtilt panel Omni antenn"},"content":{"rendered":"<h2 class=\"\">Tekniska specifikationer<\/h2>\n<div class=\"text-columns two\">\n<h4>Elektriska<\/h4>\n<ul>\n<li>Antenntyp: rundstr\u00e5lande<\/li>\n<li>Frekvensomf\u00e5ng: 2,400 \u2013 2,500, 5,150 \u2013 5,875 GHz<\/li>\n<li>F\u00f6rst\u00e4rkning (per antennelement): (D5) 2,9 dbi (2,4)\/3,7 dbi (5)<\/li>\n<li>F\u00f6rst\u00e4rkning (per antennelement): (D6) 2,9 dbi (2,4)\/3,7 dbi (5)<\/li>\n<li>Polarisering: linj\u00e4r, vertikal\/horisontell<\/li>\n<li>Halv effekt lobvinkel\/horisontell: 360 \u00b0<\/li>\n<li>Halv effekt lobvinkel\/vertikal: 60 \u00b0\/60 \u00b0<\/li>\n<li>Centrerad p\u00e5 +\/-45 graders ner vinkel<\/li>\n<\/ul>\n<\/div>\n","protected":false},"excerpt":{"rendered":"<p>Den Downtilt panel rundstr\u00e5lande antenn \u00e4r idealisk f\u00f6r medelstora tak (8 ft-25 ft) estetiska konsensus installationer. Vissa exempel anv\u00e4nder medel densitet distributioner som kub kontorsutrymme och vestibuler. Denna antenn st\u00f6der merakis smarta antenn funktioner. Det pris som visas \u00e4r f\u00f6r en 5-kopplingens modell; den Downtilt panel Omni antenn kan k\u00f6pas med 5 eller 6 kontakter.<\/p>\n","protected":false},"featured_media":1921,"comment_status":"open","ping_status":"closed","template":"","meta":[],"product_brand":[],"product_cat":[170],"product_tag":[194],"class_list":{"0":"post-2238","1":"product","2":"type-product","3":"status-publish","4":"has-post-thumbnail","6":"product_cat-antennas-sv","7":"product_tag-antenn","9":"first","10":"instock","11":"taxable","12":"shipping-taxable","13":"purchasable","14":"product-type-simple"},"yoast_head":"<!-- This site is optimized with the Yoast SEO plugin v27.3 - https:\/\/yoast.com\/product\/yoast-seo-wordpress\/ -->\n<title>Downtilt panel Omni antenn - CISCO MERAKI<\/title>\n<meta name=\"robots\" content=\"index, follow, max-snippet:-1, max-image-preview:large, max-video-preview:-1\" \/>\n<link rel=\"canonical\" href=\"https:\/\/ciscomeraki.systems\/en\/shop\/cisco-sv\/antennas-sv\/downtilt-panel-omni-antenn\/\" \/>\n<meta property=\"og:locale\" content=\"en_US\" \/>\n<meta property=\"og:type\" content=\"article\" \/>\n<meta property=\"og:title\" content=\"Downtilt panel Omni antenn - CISCO MERAKI\" \/>\n<meta property=\"og:description\" content=\"Den Downtilt panel rundstr\u00e5lande antenn \u00e4r idealisk f\u00f6r medelstora tak (8 ft-25 ft) estetiska konsensus installationer. Vissa exempel anv\u00e4nder medel densitet distributioner som kub kontorsutrymme och vestibuler. Denna antenn st\u00f6der merakis smarta antenn funktioner. Det pris som visas \u00e4r f\u00f6r en 5-kopplingens modell; den Downtilt panel Omni antenn kan k\u00f6pas med 5 eller 6 kontakter.\" \/>\n<meta property=\"og:url\" content=\"https:\/\/ciscomeraki.systems\/en\/shop\/cisco-sv\/antennas-sv\/downtilt-panel-omni-antenn\/\" \/>\n<meta property=\"og:site_name\" content=\"CISCO MERAKI\" \/>\n<meta property=\"article:publisher\" content=\"https:\/\/www.facebook.com\/ciscomeraki.systems\/\" \/>\n<meta property=\"article:modified_time\" content=\"2026-03-06T19:43:15+00:00\" \/>\n<meta property=\"og:image\" content=\"https:\/\/ciscomeraki.systems\/wp-content\/uploads\/2019\/04\/c5-panel-omni-1.jpg\" \/>\n\t<meta property=\"og:image:width\" content=\"600\" \/>\n\t<meta property=\"og:image:height\" content=\"347\" \/>\n\t<meta property=\"og:image:type\" content=\"image\/jpeg\" \/>\n<meta name=\"twitter:card\" content=\"summary_large_image\" \/>\n<script type=\"application\/ld+json\" class=\"yoast-schema-graph\">{\"@context\":\"https:\\\/\\\/schema.org\",\"@graph\":[{\"@type\":\"WebPage\",\"@id\":\"https:\\\/\\\/ciscomeraki.systems\\\/shop\\\/cisco-sv\\\/antennas-sv\\\/downtilt-panel-omni-antenn\\\/\",\"url\":\"https:\\\/\\\/ciscomeraki.systems\\\/shop\\\/cisco-sv\\\/antennas-sv\\\/downtilt-panel-omni-antenn\\\/\",\"name\":\"Downtilt panel Omni antenn - CISCO MERAKI\",\"isPartOf\":{\"@id\":\"https:\\\/\\\/ciscomeraki.systems\\\/#website\"},\"primaryImageOfPage\":{\"@id\":\"https:\\\/\\\/ciscomeraki.systems\\\/shop\\\/cisco-sv\\\/antennas-sv\\\/downtilt-panel-omni-antenn\\\/#primaryimage\"},\"image\":{\"@id\":\"https:\\\/\\\/ciscomeraki.systems\\\/shop\\\/cisco-sv\\\/antennas-sv\\\/downtilt-panel-omni-antenn\\\/#primaryimage\"},\"thumbnailUrl\":\"https:\\\/\\\/ciscomeraki.systems\\\/wp-content\\\/uploads\\\/2019\\\/04\\\/c5-panel-omni-1.jpg\",\"datePublished\":\"2019-08-16T19:10:15+00:00\",\"dateModified\":\"2026-03-06T19:43:15+00:00\",\"breadcrumb\":{\"@id\":\"https:\\\/\\\/ciscomeraki.systems\\\/shop\\\/cisco-sv\\\/antennas-sv\\\/downtilt-panel-omni-antenn\\\/#breadcrumb\"},\"inLanguage\":\"en\",\"potentialAction\":[{\"@type\":\"ReadAction\",\"target\":[\"https:\\\/\\\/ciscomeraki.systems\\\/shop\\\/cisco-sv\\\/antennas-sv\\\/downtilt-panel-omni-antenn\\\/\"]}]},{\"@type\":\"ImageObject\",\"inLanguage\":\"en\",\"@id\":\"https:\\\/\\\/ciscomeraki.systems\\\/shop\\\/cisco-sv\\\/antennas-sv\\\/downtilt-panel-omni-antenn\\\/#primaryimage\",\"url\":\"https:\\\/\\\/ciscomeraki.systems\\\/wp-content\\\/uploads\\\/2019\\\/04\\\/c5-panel-omni-1.jpg\",\"contentUrl\":\"https:\\\/\\\/ciscomeraki.systems\\\/wp-content\\\/uploads\\\/2019\\\/04\\\/c5-panel-omni-1.jpg\",\"width\":600,\"height\":347},{\"@type\":\"BreadcrumbList\",\"@id\":\"https:\\\/\\\/ciscomeraki.systems\\\/shop\\\/cisco-sv\\\/antennas-sv\\\/downtilt-panel-omni-antenn\\\/#breadcrumb\",\"itemListElement\":[{\"@type\":\"ListItem\",\"position\":1,\"name\":\"Home\",\"item\":\"https:\\\/\\\/ciscomeraki.systems\\\/\"},{\"@type\":\"ListItem\",\"position\":2,\"name\":\"Shop\",\"item\":\"https:\\\/\\\/ciscomeraki.systems\\\/shop\\\/\"},{\"@type\":\"ListItem\",\"position\":3,\"name\":\"Downtilt panel Omni antenn\"}]},{\"@type\":\"WebSite\",\"@id\":\"https:\\\/\\\/ciscomeraki.systems\\\/#website\",\"url\":\"https:\\\/\\\/ciscomeraki.systems\\\/\",\"name\":\"Cisco Meraki Systems\",\"description\":\"\",\"potentialAction\":[{\"@type\":\"SearchAction\",\"target\":{\"@type\":\"EntryPoint\",\"urlTemplate\":\"https:\\\/\\\/ciscomeraki.systems\\\/?s={search_term_string}\"},\"query-input\":{\"@type\":\"PropertyValueSpecification\",\"valueRequired\":true,\"valueName\":\"search_term_string\"}}],\"inLanguage\":\"en\"}]}<\/script>\n<!-- \/ Yoast SEO plugin. -->","yoast_head_json":{"title":"Downtilt panel Omni antenn - CISCO MERAKI","robots":{"index":"index","follow":"follow","max-snippet":"max-snippet:-1","max-image-preview":"max-image-preview:large","max-video-preview":"max-video-preview:-1"},"canonical":"https:\/\/ciscomeraki.systems\/en\/shop\/cisco-sv\/antennas-sv\/downtilt-panel-omni-antenn\/","og_locale":"en_US","og_type":"article","og_title":"Downtilt panel Omni antenn - CISCO MERAKI","og_description":"Den Downtilt panel rundstr\u00e5lande antenn \u00e4r idealisk f\u00f6r medelstora tak (8 ft-25 ft) estetiska konsensus installationer. Vissa exempel anv\u00e4nder medel densitet distributioner som kub kontorsutrymme och vestibuler. Denna antenn st\u00f6der merakis smarta antenn funktioner. Det pris som visas \u00e4r f\u00f6r en 5-kopplingens modell; den Downtilt panel Omni antenn kan k\u00f6pas med 5 eller 6 kontakter.","og_url":"https:\/\/ciscomeraki.systems\/en\/shop\/cisco-sv\/antennas-sv\/downtilt-panel-omni-antenn\/","og_site_name":"CISCO MERAKI","article_publisher":"https:\/\/www.facebook.com\/ciscomeraki.systems\/","article_modified_time":"2026-03-06T19:43:15+00:00","og_image":[{"width":600,"height":347,"url":"https:\/\/ciscomeraki.systems\/wp-content\/uploads\/2019\/04\/c5-panel-omni-1.jpg","type":"image\/jpeg"}],"twitter_card":"summary_large_image","schema":{"@context":"https:\/\/schema.org","@graph":[{"@type":"WebPage","@id":"https:\/\/ciscomeraki.systems\/shop\/cisco-sv\/antennas-sv\/downtilt-panel-omni-antenn\/","url":"https:\/\/ciscomeraki.systems\/shop\/cisco-sv\/antennas-sv\/downtilt-panel-omni-antenn\/","name":"Downtilt panel Omni antenn - CISCO MERAKI","isPartOf":{"@id":"https:\/\/ciscomeraki.systems\/#website"},"primaryImageOfPage":{"@id":"https:\/\/ciscomeraki.systems\/shop\/cisco-sv\/antennas-sv\/downtilt-panel-omni-antenn\/#primaryimage"},"image":{"@id":"https:\/\/ciscomeraki.systems\/shop\/cisco-sv\/antennas-sv\/downtilt-panel-omni-antenn\/#primaryimage"},"thumbnailUrl":"https:\/\/ciscomeraki.systems\/wp-content\/uploads\/2019\/04\/c5-panel-omni-1.jpg","datePublished":"2019-08-16T19:10:15+00:00","dateModified":"2026-03-06T19:43:15+00:00","breadcrumb":{"@id":"https:\/\/ciscomeraki.systems\/shop\/cisco-sv\/antennas-sv\/downtilt-panel-omni-antenn\/#breadcrumb"},"inLanguage":"en","potentialAction":[{"@type":"ReadAction","target":["https:\/\/ciscomeraki.systems\/shop\/cisco-sv\/antennas-sv\/downtilt-panel-omni-antenn\/"]}]},{"@type":"ImageObject","inLanguage":"en","@id":"https:\/\/ciscomeraki.systems\/shop\/cisco-sv\/antennas-sv\/downtilt-panel-omni-antenn\/#primaryimage","url":"https:\/\/ciscomeraki.systems\/wp-content\/uploads\/2019\/04\/c5-panel-omni-1.jpg","contentUrl":"https:\/\/ciscomeraki.systems\/wp-content\/uploads\/2019\/04\/c5-panel-omni-1.jpg","width":600,"height":347},{"@type":"BreadcrumbList","@id":"https:\/\/ciscomeraki.systems\/shop\/cisco-sv\/antennas-sv\/downtilt-panel-omni-antenn\/#breadcrumb","itemListElement":[{"@type":"ListItem","position":1,"name":"Home","item":"https:\/\/ciscomeraki.systems\/"},{"@type":"ListItem","position":2,"name":"Shop","item":"https:\/\/ciscomeraki.systems\/shop\/"},{"@type":"ListItem","position":3,"name":"Downtilt panel Omni antenn"}]},{"@type":"WebSite","@id":"https:\/\/ciscomeraki.systems\/#website","url":"https:\/\/ciscomeraki.systems\/","name":"Cisco Meraki Systems","description":"","potentialAction":[{"@type":"SearchAction","target":{"@type":"EntryPoint","urlTemplate":"https:\/\/ciscomeraki.systems\/?s={search_term_string}"},"query-input":{"@type":"PropertyValueSpecification","valueRequired":true,"valueName":"search_term_string"}}],"inLanguage":"en"}]}},"jetpack_sharing_enabled":true,"_links":{"self":[{"href":"https:\/\/ciscomeraki.systems\/en\/wp-json\/wp\/v2\/product\/2238","targetHints":{"allow":["GET"]}}],"collection":[{"href":"https:\/\/ciscomeraki.systems\/en\/wp-json\/wp\/v2\/product"}],"about":[{"href":"https:\/\/ciscomeraki.systems\/en\/wp-json\/wp\/v2\/types\/product"}],"replies":[{"embeddable":true,"href":"https:\/\/ciscomeraki.systems\/en\/wp-json\/wp\/v2\/comments?post=2238"}],"wp:featuredmedia":[{"embeddable":true,"href":"https:\/\/ciscomeraki.systems\/en\/wp-json\/wp\/v2\/media\/1921"}],"wp:attachment":[{"href":"https:\/\/ciscomeraki.systems\/en\/wp-json\/wp\/v2\/media?parent=2238"}],"wp:term":[{"taxonomy":"product_brand","embeddable":true,"href":"https:\/\/ciscomeraki.systems\/en\/wp-json\/wp\/v2\/product_brand?post=2238"},{"taxonomy":"product_cat","embeddable":true,"href":"https:\/\/ciscomeraki.systems\/en\/wp-json\/wp\/v2\/product_cat?post=2238"},{"taxonomy":"product_tag","embeddable":true,"href":"https:\/\/ciscomeraki.systems\/en\/wp-json\/wp\/v2\/product_tag?post=2238"}],"curies":[{"name":"wp","href":"https:\/\/api.w.org\/{rel}","templated":true}]}}