{"id":2239,"date":"2019-04-24T06:10:31","date_gmt":"2019-08-16T19:11:27","guid":{"rendered":"https:\/\/ciscomeraki.systems\/okategoriserad\/panel-omni-antenn\/"},"modified":"2026-03-06T19:43:15","modified_gmt":"2026-03-06T19:43:15","slug":"panel-omni-antenn","status":"publish","type":"product","link":"https:\/\/ciscomeraki.systems\/en\/shop\/cisco-sv\/antennas-sv\/panel-omni-antenn\/","title":{"rendered":"Panel Omni antenn"},"content":{"rendered":"<h4>Elektriska<\/h4>\n<ul>\n<li>Antenntyp: Omni<\/li>\n<li>Frekvensomf\u00e5ng: 2,400 \u2013 2,500, 5,150 \u2013 5,875 GHz<\/li>\n<li>F\u00f6rst\u00e4rkning (per antennelement): (C5) 4,9 dbi (2,4)\/4,9 dbi (5)<\/li>\n<li>F\u00f6rst\u00e4rkning (per antennelement): (C6) 4,9 dbi (2,4)\/4,9 dbi (5)<\/li>\n<li>Polarisering: linj\u00e4r, vertikal\/horisontell<\/li>\n<li>Halv effekt lobvinkel\/horisontell: Omni<\/li>\n<li>Halv effekt lobvinkel\/vertikal: 60 \u00b0<\/li>\n<\/ul>\n<h4>Kablar<\/h4>\n<ul>\n<li>G\u00e5nger AA-9303, 1M<\/li>\n<\/ul>\n<h4>Montering<\/h4>\n<ul>\n<li>F\u00e4sten till v\u00e4ggar, och stolpar, takpannor<\/li>\n<li>Inf\u00e4lld l\u00f6sning ing\u00e5r<\/li>\n<li>Ytmontering och r\u00f6rmontering l\u00f6sning s\u00e4ljs separat<\/li>\n<\/ul>\n<h4>Fysiska och milj\u00f6m\u00e4ssiga<\/h4>\n<ul>\n<li>M\u00e5tt: (C5): 11,81 &#8220;\u00d7 1,38&#8221; (300 mm \u00d7 35 mm)<\/li>\n<li>M\u00e5tt: (C6): 11,81 &#8220;\u00d7 1,38&#8221; (300 mm \u00d7 35 mm)<\/li>\n<li>Vikt: (C5): 34,39 oz (0,98 kg)<\/li>\n<li>Vikt: (C6): 37,04 oz (1,05 kg)<\/li>\n<li>Material: PC-ABS<\/li>\n<li>Temperatur: 32 \u00b0 f till 104 \u00b0 f (0 \u00b0 c till 40 \u00b0 c)<\/li>\n<li>Luftfuktighet: 5-95<\/li>\n<li>Anslutning: RP-TNC<\/li>\n<\/ul>\n<h4>Garanti<\/h4>\n<ul>\n<li>1 \u00e5rs maskinvarugaranti ing\u00e5r<\/li>\n<\/ul>\n<h4>Best\u00e4llnings information<\/h4>\n<ul>\n<li>MA-ANT-3-C5\/6<\/li>\n<li>MA-MNT-ANT-3 (horisontellt monteringsf\u00e4ste)<\/li>\n<li>MA-MNT-ANT-4 (vertikalt monteringsf\u00e4ste)<\/li>\n<\/ul>\n<h4>Reglerande<\/h4>\n<ul>\n<li>Certifierad f\u00f6r anv\u00e4ndning med MR42E: MA-ANT-3-C5<\/li>\n<li>Certifierad f\u00f6r anv\u00e4ndning med MR53E: MA-ANT-3-C6<\/li>\n<\/ul>\n","protected":false},"excerpt":{"rendered":"<p>Panelen Omni antenn \u00e4r idealisk f\u00f6r l\u00e5gt tak estetiska konsensus installationer d\u00e4r v\u00e4gg penetration eller ut\u00f6kad r\u00e4ckvidd \u00e4r viktiga. Vissa exempel anv\u00e4nder l\u00e5g densitet distributioner som skolor och hotell f\u00f6r att ge grundl\u00e4ggande l\u00e5g prestanda anslutning. Dessa typer av b\u00e4sta anstr\u00e4ngning distributioner har vanligtvis APs installeras i hallen f\u00f6r att t\u00e4cka angr\u00e4nsande rum. Denna antenn st\u00f6der merakis smarta antenn funktioner. Det pris som visas \u00e4r f\u00f6r en 5-kopplingens modell; Panelen Omni antenn kan k\u00f6pas med 5 eller 6 kontakter.<\/p>\n","protected":false},"featured_media":1920,"comment_status":"open","ping_status":"closed","template":"","meta":[],"product_brand":[],"product_cat":[170],"product_tag":[194],"class_list":{"0":"post-2239","1":"product","2":"type-product","3":"status-publish","4":"has-post-thumbnail","6":"product_cat-antennas-sv","7":"product_tag-antenn","9":"first","10":"instock","11":"taxable","12":"shipping-taxable","13":"purchasable","14":"product-type-simple"},"yoast_head":"<!-- This site is optimized with the Yoast SEO plugin v27.3 - https:\/\/yoast.com\/product\/yoast-seo-wordpress\/ -->\n<title>Panel Omni antenn - CISCO MERAKI<\/title>\n<meta name=\"robots\" content=\"index, follow, max-snippet:-1, max-image-preview:large, max-video-preview:-1\" \/>\n<link rel=\"canonical\" href=\"https:\/\/ciscomeraki.systems\/en\/shop\/cisco-sv\/antennas-sv\/panel-omni-antenn\/\" \/>\n<meta property=\"og:locale\" content=\"en_US\" \/>\n<meta property=\"og:type\" content=\"article\" \/>\n<meta property=\"og:title\" content=\"Panel Omni antenn - CISCO MERAKI\" \/>\n<meta property=\"og:description\" content=\"Panelen Omni antenn \u00e4r idealisk f\u00f6r l\u00e5gt tak estetiska konsensus installationer d\u00e4r v\u00e4gg penetration eller ut\u00f6kad r\u00e4ckvidd \u00e4r viktiga. Vissa exempel anv\u00e4nder l\u00e5g densitet distributioner som skolor och hotell f\u00f6r att ge grundl\u00e4ggande l\u00e5g prestanda anslutning. Dessa typer av b\u00e4sta anstr\u00e4ngning distributioner har vanligtvis APs installeras i hallen f\u00f6r att t\u00e4cka angr\u00e4nsande rum. Denna antenn st\u00f6der merakis smarta antenn funktioner. Det pris som visas \u00e4r f\u00f6r en 5-kopplingens modell; Panelen Omni antenn kan k\u00f6pas med 5 eller 6 kontakter.\" \/>\n<meta property=\"og:url\" content=\"https:\/\/ciscomeraki.systems\/en\/shop\/cisco-sv\/antennas-sv\/panel-omni-antenn\/\" \/>\n<meta property=\"og:site_name\" content=\"CISCO MERAKI\" \/>\n<meta property=\"article:publisher\" content=\"https:\/\/www.facebook.com\/ciscomeraki.systems\/\" \/>\n<meta property=\"article:modified_time\" content=\"2026-03-06T19:43:15+00:00\" \/>\n<meta property=\"og:image\" content=\"https:\/\/ciscomeraki.systems\/wp-content\/uploads\/2019\/04\/c5-panel-omni.jpg\" \/>\n\t<meta property=\"og:image:width\" content=\"600\" \/>\n\t<meta property=\"og:image:height\" content=\"347\" \/>\n\t<meta property=\"og:image:type\" content=\"image\/jpeg\" \/>\n<meta name=\"twitter:card\" content=\"summary_large_image\" \/>\n<meta name=\"twitter:label1\" content=\"Est. reading time\" \/>\n\t<meta name=\"twitter:data1\" content=\"1 minute\" \/>\n<script type=\"application\/ld+json\" class=\"yoast-schema-graph\">{\"@context\":\"https:\\\/\\\/schema.org\",\"@graph\":[{\"@type\":\"WebPage\",\"@id\":\"https:\\\/\\\/ciscomeraki.systems\\\/shop\\\/cisco-sv\\\/antennas-sv\\\/panel-omni-antenn\\\/\",\"url\":\"https:\\\/\\\/ciscomeraki.systems\\\/shop\\\/cisco-sv\\\/antennas-sv\\\/panel-omni-antenn\\\/\",\"name\":\"Panel Omni antenn - CISCO MERAKI\",\"isPartOf\":{\"@id\":\"https:\\\/\\\/ciscomeraki.systems\\\/#website\"},\"primaryImageOfPage\":{\"@id\":\"https:\\\/\\\/ciscomeraki.systems\\\/shop\\\/cisco-sv\\\/antennas-sv\\\/panel-omni-antenn\\\/#primaryimage\"},\"image\":{\"@id\":\"https:\\\/\\\/ciscomeraki.systems\\\/shop\\\/cisco-sv\\\/antennas-sv\\\/panel-omni-antenn\\\/#primaryimage\"},\"thumbnailUrl\":\"https:\\\/\\\/ciscomeraki.systems\\\/wp-content\\\/uploads\\\/2019\\\/04\\\/c5-panel-omni.jpg\",\"datePublished\":\"2019-08-16T19:11:27+00:00\",\"dateModified\":\"2026-03-06T19:43:15+00:00\",\"breadcrumb\":{\"@id\":\"https:\\\/\\\/ciscomeraki.systems\\\/shop\\\/cisco-sv\\\/antennas-sv\\\/panel-omni-antenn\\\/#breadcrumb\"},\"inLanguage\":\"en\",\"potentialAction\":[{\"@type\":\"ReadAction\",\"target\":[\"https:\\\/\\\/ciscomeraki.systems\\\/shop\\\/cisco-sv\\\/antennas-sv\\\/panel-omni-antenn\\\/\"]}]},{\"@type\":\"ImageObject\",\"inLanguage\":\"en\",\"@id\":\"https:\\\/\\\/ciscomeraki.systems\\\/shop\\\/cisco-sv\\\/antennas-sv\\\/panel-omni-antenn\\\/#primaryimage\",\"url\":\"https:\\\/\\\/ciscomeraki.systems\\\/wp-content\\\/uploads\\\/2019\\\/04\\\/c5-panel-omni.jpg\",\"contentUrl\":\"https:\\\/\\\/ciscomeraki.systems\\\/wp-content\\\/uploads\\\/2019\\\/04\\\/c5-panel-omni.jpg\",\"width\":600,\"height\":347},{\"@type\":\"BreadcrumbList\",\"@id\":\"https:\\\/\\\/ciscomeraki.systems\\\/shop\\\/cisco-sv\\\/antennas-sv\\\/panel-omni-antenn\\\/#breadcrumb\",\"itemListElement\":[{\"@type\":\"ListItem\",\"position\":1,\"name\":\"Home\",\"item\":\"https:\\\/\\\/ciscomeraki.systems\\\/\"},{\"@type\":\"ListItem\",\"position\":2,\"name\":\"Shop\",\"item\":\"https:\\\/\\\/ciscomeraki.systems\\\/shop\\\/\"},{\"@type\":\"ListItem\",\"position\":3,\"name\":\"Panel Omni antenn\"}]},{\"@type\":\"WebSite\",\"@id\":\"https:\\\/\\\/ciscomeraki.systems\\\/#website\",\"url\":\"https:\\\/\\\/ciscomeraki.systems\\\/\",\"name\":\"Cisco Meraki Systems\",\"description\":\"\",\"potentialAction\":[{\"@type\":\"SearchAction\",\"target\":{\"@type\":\"EntryPoint\",\"urlTemplate\":\"https:\\\/\\\/ciscomeraki.systems\\\/?s={search_term_string}\"},\"query-input\":{\"@type\":\"PropertyValueSpecification\",\"valueRequired\":true,\"valueName\":\"search_term_string\"}}],\"inLanguage\":\"en\"}]}<\/script>\n<!-- \/ Yoast SEO plugin. -->","yoast_head_json":{"title":"Panel Omni antenn - CISCO MERAKI","robots":{"index":"index","follow":"follow","max-snippet":"max-snippet:-1","max-image-preview":"max-image-preview:large","max-video-preview":"max-video-preview:-1"},"canonical":"https:\/\/ciscomeraki.systems\/en\/shop\/cisco-sv\/antennas-sv\/panel-omni-antenn\/","og_locale":"en_US","og_type":"article","og_title":"Panel Omni antenn - CISCO MERAKI","og_description":"Panelen Omni antenn \u00e4r idealisk f\u00f6r l\u00e5gt tak estetiska konsensus installationer d\u00e4r v\u00e4gg penetration eller ut\u00f6kad r\u00e4ckvidd \u00e4r viktiga. Vissa exempel anv\u00e4nder l\u00e5g densitet distributioner som skolor och hotell f\u00f6r att ge grundl\u00e4ggande l\u00e5g prestanda anslutning. Dessa typer av b\u00e4sta anstr\u00e4ngning distributioner har vanligtvis APs installeras i hallen f\u00f6r att t\u00e4cka angr\u00e4nsande rum. Denna antenn st\u00f6der merakis smarta antenn funktioner. Det pris som visas \u00e4r f\u00f6r en 5-kopplingens modell; Panelen Omni antenn kan k\u00f6pas med 5 eller 6 kontakter.","og_url":"https:\/\/ciscomeraki.systems\/en\/shop\/cisco-sv\/antennas-sv\/panel-omni-antenn\/","og_site_name":"CISCO MERAKI","article_publisher":"https:\/\/www.facebook.com\/ciscomeraki.systems\/","article_modified_time":"2026-03-06T19:43:15+00:00","og_image":[{"width":600,"height":347,"url":"https:\/\/ciscomeraki.systems\/wp-content\/uploads\/2019\/04\/c5-panel-omni.jpg","type":"image\/jpeg"}],"twitter_card":"summary_large_image","twitter_misc":{"Est. reading time":"1 minute"},"schema":{"@context":"https:\/\/schema.org","@graph":[{"@type":"WebPage","@id":"https:\/\/ciscomeraki.systems\/shop\/cisco-sv\/antennas-sv\/panel-omni-antenn\/","url":"https:\/\/ciscomeraki.systems\/shop\/cisco-sv\/antennas-sv\/panel-omni-antenn\/","name":"Panel Omni antenn - CISCO MERAKI","isPartOf":{"@id":"https:\/\/ciscomeraki.systems\/#website"},"primaryImageOfPage":{"@id":"https:\/\/ciscomeraki.systems\/shop\/cisco-sv\/antennas-sv\/panel-omni-antenn\/#primaryimage"},"image":{"@id":"https:\/\/ciscomeraki.systems\/shop\/cisco-sv\/antennas-sv\/panel-omni-antenn\/#primaryimage"},"thumbnailUrl":"https:\/\/ciscomeraki.systems\/wp-content\/uploads\/2019\/04\/c5-panel-omni.jpg","datePublished":"2019-08-16T19:11:27+00:00","dateModified":"2026-03-06T19:43:15+00:00","breadcrumb":{"@id":"https:\/\/ciscomeraki.systems\/shop\/cisco-sv\/antennas-sv\/panel-omni-antenn\/#breadcrumb"},"inLanguage":"en","potentialAction":[{"@type":"ReadAction","target":["https:\/\/ciscomeraki.systems\/shop\/cisco-sv\/antennas-sv\/panel-omni-antenn\/"]}]},{"@type":"ImageObject","inLanguage":"en","@id":"https:\/\/ciscomeraki.systems\/shop\/cisco-sv\/antennas-sv\/panel-omni-antenn\/#primaryimage","url":"https:\/\/ciscomeraki.systems\/wp-content\/uploads\/2019\/04\/c5-panel-omni.jpg","contentUrl":"https:\/\/ciscomeraki.systems\/wp-content\/uploads\/2019\/04\/c5-panel-omni.jpg","width":600,"height":347},{"@type":"BreadcrumbList","@id":"https:\/\/ciscomeraki.systems\/shop\/cisco-sv\/antennas-sv\/panel-omni-antenn\/#breadcrumb","itemListElement":[{"@type":"ListItem","position":1,"name":"Home","item":"https:\/\/ciscomeraki.systems\/"},{"@type":"ListItem","position":2,"name":"Shop","item":"https:\/\/ciscomeraki.systems\/shop\/"},{"@type":"ListItem","position":3,"name":"Panel Omni antenn"}]},{"@type":"WebSite","@id":"https:\/\/ciscomeraki.systems\/#website","url":"https:\/\/ciscomeraki.systems\/","name":"Cisco Meraki Systems","description":"","potentialAction":[{"@type":"SearchAction","target":{"@type":"EntryPoint","urlTemplate":"https:\/\/ciscomeraki.systems\/?s={search_term_string}"},"query-input":{"@type":"PropertyValueSpecification","valueRequired":true,"valueName":"search_term_string"}}],"inLanguage":"en"}]}},"jetpack_sharing_enabled":true,"_links":{"self":[{"href":"https:\/\/ciscomeraki.systems\/en\/wp-json\/wp\/v2\/product\/2239","targetHints":{"allow":["GET"]}}],"collection":[{"href":"https:\/\/ciscomeraki.systems\/en\/wp-json\/wp\/v2\/product"}],"about":[{"href":"https:\/\/ciscomeraki.systems\/en\/wp-json\/wp\/v2\/types\/product"}],"replies":[{"embeddable":true,"href":"https:\/\/ciscomeraki.systems\/en\/wp-json\/wp\/v2\/comments?post=2239"}],"wp:featuredmedia":[{"embeddable":true,"href":"https:\/\/ciscomeraki.systems\/en\/wp-json\/wp\/v2\/media\/1920"}],"wp:attachment":[{"href":"https:\/\/ciscomeraki.systems\/en\/wp-json\/wp\/v2\/media?parent=2239"}],"wp:term":[{"taxonomy":"product_brand","embeddable":true,"href":"https:\/\/ciscomeraki.systems\/en\/wp-json\/wp\/v2\/product_brand?post=2239"},{"taxonomy":"product_cat","embeddable":true,"href":"https:\/\/ciscomeraki.systems\/en\/wp-json\/wp\/v2\/product_cat?post=2239"},{"taxonomy":"product_tag","embeddable":true,"href":"https:\/\/ciscomeraki.systems\/en\/wp-json\/wp\/v2\/product_tag?post=2239"}],"curies":[{"name":"wp","href":"https:\/\/api.w.org\/{rel}","templated":true}]}}