{"id":2240,"date":"2019-04-24T05:58:20","date_gmt":"2019-08-16T19:14:08","guid":{"rendered":"https:\/\/ciscomeraki.systems\/okategoriserad\/dipolantenn-3-5-7-dbi\/"},"modified":"2026-03-06T19:43:15","modified_gmt":"2026-03-06T19:43:15","slug":"dipole-antenn-3-5-7-dbi","status":"publish","type":"product","link":"https:\/\/ciscomeraki.systems\/en\/shop\/cisco-sv\/antennas-sv\/dipole-antenn-3-5-7-dbi\/","title":{"rendered":"Dipolantenn (3\/5.7 dBi)"},"content":{"rendered":"<h4>Elektriska<\/h4>\n<ul>\n<li>Antenntyp: dipol<\/li>\n<li>Frekvensomf\u00e5ng: 2,400 \u2013 2,500, 5,150 \u2013 5,875 GHz<\/li>\n<li>F\u00f6rst\u00e4rkning: 3 dBi (2,4)\/5,7 dBi (5)<\/li>\n<li>Polarisering: linj\u00e4r, vertikal\/horisontell<\/li>\n<li>Halv effekt lobvinkel\/horisontell: Omni<\/li>\n<li>Halv effekt lobvinkel\/vertikal: 40 \u00b0<\/li>\n<\/ul>\n<h4>Fysiska och milj\u00f6m\u00e4ssiga<\/h4>\n<ul>\n<li>M\u00e5tt: 3,51 &#8220;\u00d7 0,57&#8221; (89,3 mm \u00d7 14,5 mm)<\/li>\n<li>Vikt: 0,71 oz (20,19 g)<\/li>\n<li>Material: PC-ABS<\/li>\n<li>Temperatur: 32 \u00b0 f till 104 \u00b0 f (0 \u00b0 c till 40 \u00b0 c)<\/li>\n<li>Luftfuktighet: 5-95<\/li>\n<li>Anslutning: RP-TNC<\/li>\n<\/ul>\n<h4>Garanti<\/h4>\n<ul>\n<li>1 \u00e5rs maskinvarugaranti ing\u00e5r<\/li>\n<\/ul>\n<h4>Reglerande<\/h4>\n<ul>\n<li>Certifierad f\u00f6r anv\u00e4ndning med MR42E: MA-ANT-3-B5 (5 pack)<\/li>\n<li>Certifierad f\u00f6r anv\u00e4ndning med MR53E: MA-ANT-3-B6 (6 Pack)<\/li>\n<\/ul>\n","protected":false},"excerpt":{"rendered":"<p>Dipolantennen \u00e4r idealisk f\u00f6r installationer med l\u00e5gt tak d\u00e4r v\u00e4gg intr\u00e4ngning eller ut\u00f6kad r\u00e4ckvidd \u00e4r viktiga. Vissa exempel anv\u00e4ndningsfall \u00e4r l\u00e5g densitet distributioner som skolor och hotell f\u00f6r att ge grundl\u00e4ggande anslutning. Dessa typer av b\u00e4st anstr\u00e4ngnings distributioner har vanligtvis APs installerade p\u00e5 v\u00e4ggar eller oj\u00e4mna ytor. Antennen \u00e4r b\u00f6jbar. Det pris som visas \u00e4r f\u00f6r en enda enhet; Dipolantennen kan k\u00f6pas i enheter om 1, 5 eller 6.<\/p>\n","protected":false},"featured_media":1919,"comment_status":"open","ping_status":"closed","template":"","meta":[],"product_brand":[],"product_cat":[170],"product_tag":[194],"class_list":{"0":"post-2240","1":"product","2":"type-product","3":"status-publish","4":"has-post-thumbnail","6":"product_cat-antennas-sv","7":"product_tag-antenn","9":"first","10":"instock","11":"taxable","12":"shipping-taxable","13":"purchasable","14":"product-type-simple"},"yoast_head":"<!-- This site is optimized with the Yoast SEO plugin v27.3 - https:\/\/yoast.com\/product\/yoast-seo-wordpress\/ -->\n<title>Dipolantenn (3\/5.7 dBi) - CISCO MERAKI<\/title>\n<meta name=\"robots\" content=\"index, follow, max-snippet:-1, max-image-preview:large, max-video-preview:-1\" \/>\n<link rel=\"canonical\" href=\"https:\/\/ciscomeraki.systems\/en\/shop\/cisco-sv\/antennas-sv\/dipole-antenn-3-5-7-dbi\/\" \/>\n<meta property=\"og:locale\" content=\"en_US\" \/>\n<meta property=\"og:type\" content=\"article\" \/>\n<meta property=\"og:title\" content=\"Dipolantenn (3\/5.7 dBi) - CISCO MERAKI\" \/>\n<meta property=\"og:description\" content=\"Dipolantennen \u00e4r idealisk f\u00f6r installationer med l\u00e5gt tak d\u00e4r v\u00e4gg intr\u00e4ngning eller ut\u00f6kad r\u00e4ckvidd \u00e4r viktiga. Vissa exempel anv\u00e4ndningsfall \u00e4r l\u00e5g densitet distributioner som skolor och hotell f\u00f6r att ge grundl\u00e4ggande anslutning. Dessa typer av b\u00e4st anstr\u00e4ngnings distributioner har vanligtvis APs installerade p\u00e5 v\u00e4ggar eller oj\u00e4mna ytor. Antennen \u00e4r b\u00f6jbar. Det pris som visas \u00e4r f\u00f6r en enda enhet; Dipolantennen kan k\u00f6pas i enheter om 1, 5 eller 6.\" \/>\n<meta property=\"og:url\" content=\"https:\/\/ciscomeraki.systems\/en\/shop\/cisco-sv\/antennas-sv\/dipole-antenn-3-5-7-dbi\/\" \/>\n<meta property=\"og:site_name\" content=\"CISCO MERAKI\" \/>\n<meta property=\"article:publisher\" content=\"https:\/\/www.facebook.com\/ciscomeraki.systems\/\" \/>\n<meta property=\"article:modified_time\" content=\"2026-03-06T19:43:15+00:00\" \/>\n<meta property=\"og:image\" content=\"https:\/\/ciscomeraki.systems\/wp-content\/uploads\/2019\/04\/b5-dipole.jpg\" \/>\n\t<meta property=\"og:image:width\" content=\"600\" \/>\n\t<meta property=\"og:image:height\" content=\"346\" \/>\n\t<meta property=\"og:image:type\" content=\"image\/jpeg\" \/>\n<meta name=\"twitter:card\" content=\"summary_large_image\" \/>\n<script type=\"application\/ld+json\" class=\"yoast-schema-graph\">{\"@context\":\"https:\\\/\\\/schema.org\",\"@graph\":[{\"@type\":\"WebPage\",\"@id\":\"https:\\\/\\\/ciscomeraki.systems\\\/shop\\\/cisco-sv\\\/antennas-sv\\\/dipole-antenn-3-5-7-dbi\\\/\",\"url\":\"https:\\\/\\\/ciscomeraki.systems\\\/shop\\\/cisco-sv\\\/antennas-sv\\\/dipole-antenn-3-5-7-dbi\\\/\",\"name\":\"Dipolantenn (3\\\/5.7 dBi) - CISCO MERAKI\",\"isPartOf\":{\"@id\":\"https:\\\/\\\/ciscomeraki.systems\\\/#website\"},\"primaryImageOfPage\":{\"@id\":\"https:\\\/\\\/ciscomeraki.systems\\\/shop\\\/cisco-sv\\\/antennas-sv\\\/dipole-antenn-3-5-7-dbi\\\/#primaryimage\"},\"image\":{\"@id\":\"https:\\\/\\\/ciscomeraki.systems\\\/shop\\\/cisco-sv\\\/antennas-sv\\\/dipole-antenn-3-5-7-dbi\\\/#primaryimage\"},\"thumbnailUrl\":\"https:\\\/\\\/ciscomeraki.systems\\\/wp-content\\\/uploads\\\/2019\\\/04\\\/b5-dipole.jpg\",\"datePublished\":\"2019-08-16T19:14:08+00:00\",\"dateModified\":\"2026-03-06T19:43:15+00:00\",\"breadcrumb\":{\"@id\":\"https:\\\/\\\/ciscomeraki.systems\\\/shop\\\/cisco-sv\\\/antennas-sv\\\/dipole-antenn-3-5-7-dbi\\\/#breadcrumb\"},\"inLanguage\":\"en\",\"potentialAction\":[{\"@type\":\"ReadAction\",\"target\":[\"https:\\\/\\\/ciscomeraki.systems\\\/shop\\\/cisco-sv\\\/antennas-sv\\\/dipole-antenn-3-5-7-dbi\\\/\"]}]},{\"@type\":\"ImageObject\",\"inLanguage\":\"en\",\"@id\":\"https:\\\/\\\/ciscomeraki.systems\\\/shop\\\/cisco-sv\\\/antennas-sv\\\/dipole-antenn-3-5-7-dbi\\\/#primaryimage\",\"url\":\"https:\\\/\\\/ciscomeraki.systems\\\/wp-content\\\/uploads\\\/2019\\\/04\\\/b5-dipole.jpg\",\"contentUrl\":\"https:\\\/\\\/ciscomeraki.systems\\\/wp-content\\\/uploads\\\/2019\\\/04\\\/b5-dipole.jpg\",\"width\":600,\"height\":346},{\"@type\":\"BreadcrumbList\",\"@id\":\"https:\\\/\\\/ciscomeraki.systems\\\/shop\\\/cisco-sv\\\/antennas-sv\\\/dipole-antenn-3-5-7-dbi\\\/#breadcrumb\",\"itemListElement\":[{\"@type\":\"ListItem\",\"position\":1,\"name\":\"Home\",\"item\":\"https:\\\/\\\/ciscomeraki.systems\\\/\"},{\"@type\":\"ListItem\",\"position\":2,\"name\":\"Shop\",\"item\":\"https:\\\/\\\/ciscomeraki.systems\\\/shop\\\/\"},{\"@type\":\"ListItem\",\"position\":3,\"name\":\"Dipolantenn (3\\\/5.7 dBi)\"}]},{\"@type\":\"WebSite\",\"@id\":\"https:\\\/\\\/ciscomeraki.systems\\\/#website\",\"url\":\"https:\\\/\\\/ciscomeraki.systems\\\/\",\"name\":\"Cisco Meraki Systems\",\"description\":\"\",\"potentialAction\":[{\"@type\":\"SearchAction\",\"target\":{\"@type\":\"EntryPoint\",\"urlTemplate\":\"https:\\\/\\\/ciscomeraki.systems\\\/?s={search_term_string}\"},\"query-input\":{\"@type\":\"PropertyValueSpecification\",\"valueRequired\":true,\"valueName\":\"search_term_string\"}}],\"inLanguage\":\"en\"}]}<\/script>\n<!-- \/ Yoast SEO plugin. -->","yoast_head_json":{"title":"Dipolantenn (3\/5.7 dBi) - CISCO MERAKI","robots":{"index":"index","follow":"follow","max-snippet":"max-snippet:-1","max-image-preview":"max-image-preview:large","max-video-preview":"max-video-preview:-1"},"canonical":"https:\/\/ciscomeraki.systems\/en\/shop\/cisco-sv\/antennas-sv\/dipole-antenn-3-5-7-dbi\/","og_locale":"en_US","og_type":"article","og_title":"Dipolantenn (3\/5.7 dBi) - CISCO MERAKI","og_description":"Dipolantennen \u00e4r idealisk f\u00f6r installationer med l\u00e5gt tak d\u00e4r v\u00e4gg intr\u00e4ngning eller ut\u00f6kad r\u00e4ckvidd \u00e4r viktiga. Vissa exempel anv\u00e4ndningsfall \u00e4r l\u00e5g densitet distributioner som skolor och hotell f\u00f6r att ge grundl\u00e4ggande anslutning. Dessa typer av b\u00e4st anstr\u00e4ngnings distributioner har vanligtvis APs installerade p\u00e5 v\u00e4ggar eller oj\u00e4mna ytor. Antennen \u00e4r b\u00f6jbar. Det pris som visas \u00e4r f\u00f6r en enda enhet; Dipolantennen kan k\u00f6pas i enheter om 1, 5 eller 6.","og_url":"https:\/\/ciscomeraki.systems\/en\/shop\/cisco-sv\/antennas-sv\/dipole-antenn-3-5-7-dbi\/","og_site_name":"CISCO MERAKI","article_publisher":"https:\/\/www.facebook.com\/ciscomeraki.systems\/","article_modified_time":"2026-03-06T19:43:15+00:00","og_image":[{"width":600,"height":346,"url":"https:\/\/ciscomeraki.systems\/wp-content\/uploads\/2019\/04\/b5-dipole.jpg","type":"image\/jpeg"}],"twitter_card":"summary_large_image","schema":{"@context":"https:\/\/schema.org","@graph":[{"@type":"WebPage","@id":"https:\/\/ciscomeraki.systems\/shop\/cisco-sv\/antennas-sv\/dipole-antenn-3-5-7-dbi\/","url":"https:\/\/ciscomeraki.systems\/shop\/cisco-sv\/antennas-sv\/dipole-antenn-3-5-7-dbi\/","name":"Dipolantenn (3\/5.7 dBi) - CISCO MERAKI","isPartOf":{"@id":"https:\/\/ciscomeraki.systems\/#website"},"primaryImageOfPage":{"@id":"https:\/\/ciscomeraki.systems\/shop\/cisco-sv\/antennas-sv\/dipole-antenn-3-5-7-dbi\/#primaryimage"},"image":{"@id":"https:\/\/ciscomeraki.systems\/shop\/cisco-sv\/antennas-sv\/dipole-antenn-3-5-7-dbi\/#primaryimage"},"thumbnailUrl":"https:\/\/ciscomeraki.systems\/wp-content\/uploads\/2019\/04\/b5-dipole.jpg","datePublished":"2019-08-16T19:14:08+00:00","dateModified":"2026-03-06T19:43:15+00:00","breadcrumb":{"@id":"https:\/\/ciscomeraki.systems\/shop\/cisco-sv\/antennas-sv\/dipole-antenn-3-5-7-dbi\/#breadcrumb"},"inLanguage":"en","potentialAction":[{"@type":"ReadAction","target":["https:\/\/ciscomeraki.systems\/shop\/cisco-sv\/antennas-sv\/dipole-antenn-3-5-7-dbi\/"]}]},{"@type":"ImageObject","inLanguage":"en","@id":"https:\/\/ciscomeraki.systems\/shop\/cisco-sv\/antennas-sv\/dipole-antenn-3-5-7-dbi\/#primaryimage","url":"https:\/\/ciscomeraki.systems\/wp-content\/uploads\/2019\/04\/b5-dipole.jpg","contentUrl":"https:\/\/ciscomeraki.systems\/wp-content\/uploads\/2019\/04\/b5-dipole.jpg","width":600,"height":346},{"@type":"BreadcrumbList","@id":"https:\/\/ciscomeraki.systems\/shop\/cisco-sv\/antennas-sv\/dipole-antenn-3-5-7-dbi\/#breadcrumb","itemListElement":[{"@type":"ListItem","position":1,"name":"Home","item":"https:\/\/ciscomeraki.systems\/"},{"@type":"ListItem","position":2,"name":"Shop","item":"https:\/\/ciscomeraki.systems\/shop\/"},{"@type":"ListItem","position":3,"name":"Dipolantenn (3\/5.7 dBi)"}]},{"@type":"WebSite","@id":"https:\/\/ciscomeraki.systems\/#website","url":"https:\/\/ciscomeraki.systems\/","name":"Cisco Meraki Systems","description":"","potentialAction":[{"@type":"SearchAction","target":{"@type":"EntryPoint","urlTemplate":"https:\/\/ciscomeraki.systems\/?s={search_term_string}"},"query-input":{"@type":"PropertyValueSpecification","valueRequired":true,"valueName":"search_term_string"}}],"inLanguage":"en"}]}},"jetpack_sharing_enabled":true,"_links":{"self":[{"href":"https:\/\/ciscomeraki.systems\/en\/wp-json\/wp\/v2\/product\/2240","targetHints":{"allow":["GET"]}}],"collection":[{"href":"https:\/\/ciscomeraki.systems\/en\/wp-json\/wp\/v2\/product"}],"about":[{"href":"https:\/\/ciscomeraki.systems\/en\/wp-json\/wp\/v2\/types\/product"}],"replies":[{"embeddable":true,"href":"https:\/\/ciscomeraki.systems\/en\/wp-json\/wp\/v2\/comments?post=2240"}],"wp:featuredmedia":[{"embeddable":true,"href":"https:\/\/ciscomeraki.systems\/en\/wp-json\/wp\/v2\/media\/1919"}],"wp:attachment":[{"href":"https:\/\/ciscomeraki.systems\/en\/wp-json\/wp\/v2\/media?parent=2240"}],"wp:term":[{"taxonomy":"product_brand","embeddable":true,"href":"https:\/\/ciscomeraki.systems\/en\/wp-json\/wp\/v2\/product_brand?post=2240"},{"taxonomy":"product_cat","embeddable":true,"href":"https:\/\/ciscomeraki.systems\/en\/wp-json\/wp\/v2\/product_cat?post=2240"},{"taxonomy":"product_tag","embeddable":true,"href":"https:\/\/ciscomeraki.systems\/en\/wp-json\/wp\/v2\/product_tag?post=2240"}],"curies":[{"name":"wp","href":"https:\/\/api.w.org\/{rel}","templated":true}]}}