{"id":2243,"date":"2019-05-02T12:13:41","date_gmt":"2019-08-16T19:18:16","guid":{"rendered":"https:\/\/ciscomeraki.systems\/okategoriserad\/mr45-hw\/"},"modified":"2026-03-06T19:43:03","modified_gmt":"2026-03-06T19:43:03","slug":"mr45-hw","status":"publish","type":"product","link":"https:\/\/ciscomeraki.systems\/en\/shop\/cisco-sv\/meraki-mr-sv\/mr45-hw\/","title":{"rendered":"MR45-HW"},"content":{"rendered":"<p>Meraki MR45 Molnhanterad Inomhusap<\/p>\n<h4>Idealiska anv\u00e4ndningsfall<\/h4>\n<ul class=\"list flat\">\n<li>Prestanda kritiska tr\u00e5dl\u00f6sa LAN<\/li>\n<li>Milj\u00f6er med h\u00f6g densitet<\/li>\n<\/ul>\n<h4>Maskinvarufunktioner<\/h4>\n<ul class=\"list flat\">\n<li>4 radioapparater: 2,4 GHz, 5 GHz, Dual-band<\/li>\n<li>Inb\u00e4ddad WIDS\/WIPS och Bluetooth<\/li>\n<li>4-Stream MU-MIMO 802.11 AX kompatibel<\/li>\n<li>1 \u00d7 2,5 Gbps Multigigabit Ethernet-port<\/li>\n<li>PoE: 802.3 at<\/li>\n<li>N\u00c4TADAPTER tillg\u00e4nglig<\/li>\n<\/ul>\n<h4>Cloud Management<\/h4>\n<ul class=\"list flat\">\n<li>Synlighet och kontroll i hela n\u00e4tverket<\/li>\n<li>Sj\u00e4lv etablering f\u00f6r snabb distribution<\/li>\n<li>Automatisk rapportering<\/li>\n<li>S\u00f6ml\u00f6s firmware-uppdateringar<\/li>\n<\/ul>\n<h4>Enterprise Security<\/h4>\n<ul class=\"list flat\">\n<li>802.1 x och inbyggd Active Directory-integrering<\/li>\n<li>Air marskalk: real tid WIPs med kriminalteknik<\/li>\n<li>Tillst\u00e5ndsk\u00e4nsligt skikt 3-7 brandv\u00e4gg<\/li>\n<li>Identitetsbaserade grupprinciper<\/li>\n<li>Bygget-i Antivirus avs\u00f6ka (NAC)<\/li>\n<\/ul>\n<h4>G\u00e4st\u00e5tkomst<\/h4>\n<ul class=\"list flat\">\n<li>1-Klicka p\u00e5 s\u00e4ker g\u00e4st\u00e5tkomst<\/li>\n<li>Brandv\u00e4gg f\u00f6r g\u00e4st isolering<\/li>\n<li>Anpassningsbara startsidor<\/li>\n<li>Integrerad Facebook-inloggning<\/li>\n<\/ul>\n<h4>RF-optimering<\/h4>\n<ul class=\"list flat\">\n<li>Dubbla samtidiga radioapparater med MU-MIMO support<\/li>\n<li>Radioapparater optimerade f\u00f6r frekvens-vs-Range prestanda<\/li>\n<li>Tredje radio dedikerad till s\u00e4kerhet och RF-hantering<\/li>\n<li>Inbyggd RF-spektrumanv\u00e4ndning i realtid<\/li>\n<li>Molnbaserad automatisk RF-optimering<\/li>\n<\/ul>\n<h4>Layer 7 Traffic forma<\/h4>\n<ul class=\"list flat\">\n<li>Klassificerar hundratals applikationer<\/li>\n<li>Skapa bandbreddsbegr\u00e4nsningar per program<\/li>\n<li>Prioritera produktivitetsappar<\/li>\n<li>Begr\u00e4nsa eller blockera fritids trafik<\/li>\n<\/ul>\n<h4>Analys av n\u00e4rvaro plats<\/h4>\n<ul class=\"list flat\">\n<li>M\u00e4ta bes\u00f6karens f\u00e5ngst hastighet, bes\u00f6ksl\u00e4ngd och \u00e5terkommande bes\u00f6ksfrekvens<\/li>\n<li>M\u00e4t bes\u00f6ks trender \u00f6ver tid och j\u00e4mf\u00f6r resultat mellan olika platser<\/li>\n<\/ul>\n<h4>Enhetshantering<\/h4>\n<ul class=\"list flat\">\n<li>Skapa enhetsspecifika brandv\u00e4ggsregler<\/li>\n<li>\u00d6vervaka och sp\u00e5ra enhetsinventering<\/li>\n<li>Distribuera program och framtvinga s\u00e4kerhetsinst\u00e4llningar<\/li>\n<\/ul>\n<p>&nbsp;<\/p>\n","protected":false},"excerpt":{"rendered":"<h1>Wi-Fi 6 (802.11 AX) kompatibelt med ultigigabit Ethernet<\/h1>\n<h2>Wi-Fi 6 prestanda och effektivitet, och en dedikerad s\u00e4kerhet radio<\/h2>\n","protected":false},"featured_media":1916,"comment_status":"open","ping_status":"closed","template":"","meta":[],"product_brand":[],"product_cat":[173],"product_tag":[191],"class_list":{"0":"post-2243","1":"product","2":"type-product","3":"status-publish","4":"has-post-thumbnail","6":"product_cat-meraki-mr-sv","7":"product_tag-atkomstpunkt","9":"first","10":"instock","11":"taxable","12":"shipping-taxable","13":"purchasable","14":"product-type-simple"},"yoast_head":"<!-- This site is optimized with the Yoast SEO plugin v27.3 - https:\/\/yoast.com\/product\/yoast-seo-wordpress\/ -->\n<title>MR45-HW - CISCO MERAKI<\/title>\n<meta name=\"robots\" content=\"index, follow, max-snippet:-1, max-image-preview:large, max-video-preview:-1\" \/>\n<link rel=\"canonical\" href=\"https:\/\/ciscomeraki.systems\/en\/shop\/cisco-sv\/meraki-mr-sv\/mr45-hw\/\" \/>\n<meta property=\"og:locale\" content=\"en_US\" \/>\n<meta property=\"og:type\" content=\"article\" \/>\n<meta property=\"og:title\" content=\"MR45-HW - CISCO MERAKI\" \/>\n<meta property=\"og:description\" content=\"Wi-Fi 6 (802.11 AX) kompatibelt med ultigigabit Ethernet Wi-Fi 6 prestanda och effektivitet, och en dedikerad s\u00e4kerhet radio\" \/>\n<meta property=\"og:url\" content=\"https:\/\/ciscomeraki.systems\/en\/shop\/cisco-sv\/meraki-mr-sv\/mr45-hw\/\" \/>\n<meta property=\"og:site_name\" content=\"CISCO MERAKI\" \/>\n<meta property=\"article:publisher\" content=\"https:\/\/www.facebook.com\/ciscomeraki.systems\/\" \/>\n<meta property=\"article:modified_time\" content=\"2026-03-06T19:43:03+00:00\" \/>\n<meta property=\"og:image\" content=\"https:\/\/ciscomeraki.systems\/wp-content\/uploads\/2019\/04\/MR45.jpg\" \/>\n\t<meta property=\"og:image:width\" content=\"600\" \/>\n\t<meta property=\"og:image:height\" content=\"399\" \/>\n\t<meta property=\"og:image:type\" content=\"image\/jpeg\" \/>\n<meta name=\"twitter:card\" content=\"summary_large_image\" \/>\n<meta name=\"twitter:label1\" content=\"Est. reading time\" \/>\n\t<meta name=\"twitter:data1\" content=\"1 minute\" \/>\n<script type=\"application\/ld+json\" class=\"yoast-schema-graph\">{\"@context\":\"https:\\\/\\\/schema.org\",\"@graph\":[{\"@type\":\"WebPage\",\"@id\":\"https:\\\/\\\/ciscomeraki.systems\\\/shop\\\/cisco-sv\\\/meraki-mr-sv\\\/mr45-hw\\\/\",\"url\":\"https:\\\/\\\/ciscomeraki.systems\\\/shop\\\/cisco-sv\\\/meraki-mr-sv\\\/mr45-hw\\\/\",\"name\":\"MR45-HW - CISCO MERAKI\",\"isPartOf\":{\"@id\":\"https:\\\/\\\/ciscomeraki.systems\\\/#website\"},\"primaryImageOfPage\":{\"@id\":\"https:\\\/\\\/ciscomeraki.systems\\\/shop\\\/cisco-sv\\\/meraki-mr-sv\\\/mr45-hw\\\/#primaryimage\"},\"image\":{\"@id\":\"https:\\\/\\\/ciscomeraki.systems\\\/shop\\\/cisco-sv\\\/meraki-mr-sv\\\/mr45-hw\\\/#primaryimage\"},\"thumbnailUrl\":\"https:\\\/\\\/ciscomeraki.systems\\\/wp-content\\\/uploads\\\/2019\\\/04\\\/MR45.jpg\",\"datePublished\":\"2019-08-16T19:18:16+00:00\",\"dateModified\":\"2026-03-06T19:43:03+00:00\",\"breadcrumb\":{\"@id\":\"https:\\\/\\\/ciscomeraki.systems\\\/shop\\\/cisco-sv\\\/meraki-mr-sv\\\/mr45-hw\\\/#breadcrumb\"},\"inLanguage\":\"en\",\"potentialAction\":[{\"@type\":\"ReadAction\",\"target\":[\"https:\\\/\\\/ciscomeraki.systems\\\/shop\\\/cisco-sv\\\/meraki-mr-sv\\\/mr45-hw\\\/\"]}]},{\"@type\":\"ImageObject\",\"inLanguage\":\"en\",\"@id\":\"https:\\\/\\\/ciscomeraki.systems\\\/shop\\\/cisco-sv\\\/meraki-mr-sv\\\/mr45-hw\\\/#primaryimage\",\"url\":\"https:\\\/\\\/ciscomeraki.systems\\\/wp-content\\\/uploads\\\/2019\\\/04\\\/MR45.jpg\",\"contentUrl\":\"https:\\\/\\\/ciscomeraki.systems\\\/wp-content\\\/uploads\\\/2019\\\/04\\\/MR45.jpg\",\"width\":600,\"height\":399},{\"@type\":\"BreadcrumbList\",\"@id\":\"https:\\\/\\\/ciscomeraki.systems\\\/shop\\\/cisco-sv\\\/meraki-mr-sv\\\/mr45-hw\\\/#breadcrumb\",\"itemListElement\":[{\"@type\":\"ListItem\",\"position\":1,\"name\":\"Home\",\"item\":\"https:\\\/\\\/ciscomeraki.systems\\\/\"},{\"@type\":\"ListItem\",\"position\":2,\"name\":\"Shop\",\"item\":\"https:\\\/\\\/ciscomeraki.systems\\\/shop\\\/\"},{\"@type\":\"ListItem\",\"position\":3,\"name\":\"MR45-HW\"}]},{\"@type\":\"WebSite\",\"@id\":\"https:\\\/\\\/ciscomeraki.systems\\\/#website\",\"url\":\"https:\\\/\\\/ciscomeraki.systems\\\/\",\"name\":\"Cisco Meraki Systems\",\"description\":\"\",\"potentialAction\":[{\"@type\":\"SearchAction\",\"target\":{\"@type\":\"EntryPoint\",\"urlTemplate\":\"https:\\\/\\\/ciscomeraki.systems\\\/?s={search_term_string}\"},\"query-input\":{\"@type\":\"PropertyValueSpecification\",\"valueRequired\":true,\"valueName\":\"search_term_string\"}}],\"inLanguage\":\"en\"}]}<\/script>\n<!-- \/ Yoast SEO plugin. -->","yoast_head_json":{"title":"MR45-HW - CISCO MERAKI","robots":{"index":"index","follow":"follow","max-snippet":"max-snippet:-1","max-image-preview":"max-image-preview:large","max-video-preview":"max-video-preview:-1"},"canonical":"https:\/\/ciscomeraki.systems\/en\/shop\/cisco-sv\/meraki-mr-sv\/mr45-hw\/","og_locale":"en_US","og_type":"article","og_title":"MR45-HW - CISCO MERAKI","og_description":"Wi-Fi 6 (802.11 AX) kompatibelt med ultigigabit Ethernet Wi-Fi 6 prestanda och effektivitet, och en dedikerad s\u00e4kerhet radio","og_url":"https:\/\/ciscomeraki.systems\/en\/shop\/cisco-sv\/meraki-mr-sv\/mr45-hw\/","og_site_name":"CISCO MERAKI","article_publisher":"https:\/\/www.facebook.com\/ciscomeraki.systems\/","article_modified_time":"2026-03-06T19:43:03+00:00","og_image":[{"width":600,"height":399,"url":"https:\/\/ciscomeraki.systems\/wp-content\/uploads\/2019\/04\/MR45.jpg","type":"image\/jpeg"}],"twitter_card":"summary_large_image","twitter_misc":{"Est. reading time":"1 minute"},"schema":{"@context":"https:\/\/schema.org","@graph":[{"@type":"WebPage","@id":"https:\/\/ciscomeraki.systems\/shop\/cisco-sv\/meraki-mr-sv\/mr45-hw\/","url":"https:\/\/ciscomeraki.systems\/shop\/cisco-sv\/meraki-mr-sv\/mr45-hw\/","name":"MR45-HW - CISCO MERAKI","isPartOf":{"@id":"https:\/\/ciscomeraki.systems\/#website"},"primaryImageOfPage":{"@id":"https:\/\/ciscomeraki.systems\/shop\/cisco-sv\/meraki-mr-sv\/mr45-hw\/#primaryimage"},"image":{"@id":"https:\/\/ciscomeraki.systems\/shop\/cisco-sv\/meraki-mr-sv\/mr45-hw\/#primaryimage"},"thumbnailUrl":"https:\/\/ciscomeraki.systems\/wp-content\/uploads\/2019\/04\/MR45.jpg","datePublished":"2019-08-16T19:18:16+00:00","dateModified":"2026-03-06T19:43:03+00:00","breadcrumb":{"@id":"https:\/\/ciscomeraki.systems\/shop\/cisco-sv\/meraki-mr-sv\/mr45-hw\/#breadcrumb"},"inLanguage":"en","potentialAction":[{"@type":"ReadAction","target":["https:\/\/ciscomeraki.systems\/shop\/cisco-sv\/meraki-mr-sv\/mr45-hw\/"]}]},{"@type":"ImageObject","inLanguage":"en","@id":"https:\/\/ciscomeraki.systems\/shop\/cisco-sv\/meraki-mr-sv\/mr45-hw\/#primaryimage","url":"https:\/\/ciscomeraki.systems\/wp-content\/uploads\/2019\/04\/MR45.jpg","contentUrl":"https:\/\/ciscomeraki.systems\/wp-content\/uploads\/2019\/04\/MR45.jpg","width":600,"height":399},{"@type":"BreadcrumbList","@id":"https:\/\/ciscomeraki.systems\/shop\/cisco-sv\/meraki-mr-sv\/mr45-hw\/#breadcrumb","itemListElement":[{"@type":"ListItem","position":1,"name":"Home","item":"https:\/\/ciscomeraki.systems\/"},{"@type":"ListItem","position":2,"name":"Shop","item":"https:\/\/ciscomeraki.systems\/shop\/"},{"@type":"ListItem","position":3,"name":"MR45-HW"}]},{"@type":"WebSite","@id":"https:\/\/ciscomeraki.systems\/#website","url":"https:\/\/ciscomeraki.systems\/","name":"Cisco Meraki Systems","description":"","potentialAction":[{"@type":"SearchAction","target":{"@type":"EntryPoint","urlTemplate":"https:\/\/ciscomeraki.systems\/?s={search_term_string}"},"query-input":{"@type":"PropertyValueSpecification","valueRequired":true,"valueName":"search_term_string"}}],"inLanguage":"en"}]}},"jetpack_sharing_enabled":true,"_links":{"self":[{"href":"https:\/\/ciscomeraki.systems\/en\/wp-json\/wp\/v2\/product\/2243","targetHints":{"allow":["GET"]}}],"collection":[{"href":"https:\/\/ciscomeraki.systems\/en\/wp-json\/wp\/v2\/product"}],"about":[{"href":"https:\/\/ciscomeraki.systems\/en\/wp-json\/wp\/v2\/types\/product"}],"replies":[{"embeddable":true,"href":"https:\/\/ciscomeraki.systems\/en\/wp-json\/wp\/v2\/comments?post=2243"}],"wp:featuredmedia":[{"embeddable":true,"href":"https:\/\/ciscomeraki.systems\/en\/wp-json\/wp\/v2\/media\/1916"}],"wp:attachment":[{"href":"https:\/\/ciscomeraki.systems\/en\/wp-json\/wp\/v2\/media?parent=2243"}],"wp:term":[{"taxonomy":"product_brand","embeddable":true,"href":"https:\/\/ciscomeraki.systems\/en\/wp-json\/wp\/v2\/product_brand?post=2243"},{"taxonomy":"product_cat","embeddable":true,"href":"https:\/\/ciscomeraki.systems\/en\/wp-json\/wp\/v2\/product_cat?post=2243"},{"taxonomy":"product_tag","embeddable":true,"href":"https:\/\/ciscomeraki.systems\/en\/wp-json\/wp\/v2\/product_tag?post=2243"}],"curies":[{"name":"wp","href":"https:\/\/api.w.org\/{rel}","templated":true}]}}