{"id":2263,"date":"2018-06-17T16:02:26","date_gmt":"2019-08-16T19:51:27","guid":{"rendered":"https:\/\/ciscomeraki.systems\/okategoriserad\/10-gbe-sfp-lr-fibersandtagare\/"},"modified":"2026-03-06T19:43:33","modified_gmt":"2026-03-06T19:43:33","slug":"10-gbe-sfp-lr-fiber-transceiver-2","status":"publish","type":"product","link":"https:\/\/ciscomeraki.systems\/en\/shop\/meraki-accessories-sv\/10-gbe-sfp-lr-fiber-transceiver-2\/","title":{"rendered":"10 GbE SFP + LR-fibers\u00e4ndtagare"},"content":{"rendered":"<p class=\"subtitle\">F\u00f6r: MX250, MX400, MX450, MX600<\/p>\n<ul>\n<li>Standard: 10GBASE-LR<\/li>\n<li>R\u00e4ckvidd: inom 10km<\/li>\n<\/ul>\n","protected":false},"excerpt":{"rendered":"<p class=\"subtitle\">F\u00f6r: MX250, MX400, MX450, MX600<\/p>\n<ul>\n<li>Standard: 10GBASE-LR<\/li>\n<li>R\u00e4ckvidd: inom 10km<\/li>\n<\/ul>\n","protected":false},"featured_media":1851,"comment_status":"open","ping_status":"closed","template":"","meta":[],"product_brand":[],"product_cat":[179],"product_tag":[193],"class_list":{"0":"post-2263","1":"product","2":"type-product","3":"status-publish","4":"has-post-thumbnail","6":"product_cat-meraki-accessories-sv","7":"product_tag-tillbehor","9":"first","10":"instock","11":"taxable","12":"shipping-taxable","13":"purchasable","14":"product-type-simple"},"yoast_head":"<!-- This site is optimized with the Yoast SEO plugin v27.3 - https:\/\/yoast.com\/product\/yoast-seo-wordpress\/ -->\n<title>10 GbE SFP + LR-fibers\u00e4ndtagare - CISCO MERAKI<\/title>\n<meta name=\"robots\" content=\"index, follow, max-snippet:-1, max-image-preview:large, max-video-preview:-1\" \/>\n<link rel=\"canonical\" href=\"https:\/\/ciscomeraki.systems\/en\/shop\/meraki-accessories-sv\/10-gbe-sfp-lr-fiber-transceiver-2\/\" \/>\n<meta property=\"og:locale\" content=\"en_US\" \/>\n<meta property=\"og:type\" content=\"article\" \/>\n<meta property=\"og:title\" content=\"10 GbE SFP + LR-fibers\u00e4ndtagare - CISCO MERAKI\" \/>\n<meta property=\"og:description\" content=\"F\u00f6r: MX250, MX400, MX450, MX600    Standard: 10GBASE-LR  R\u00e4ckvidd: inom 10km\" \/>\n<meta property=\"og:url\" content=\"https:\/\/ciscomeraki.systems\/en\/shop\/meraki-accessories-sv\/10-gbe-sfp-lr-fiber-transceiver-2\/\" \/>\n<meta property=\"og:site_name\" content=\"CISCO MERAKI\" \/>\n<meta property=\"article:publisher\" content=\"https:\/\/www.facebook.com\/ciscomeraki.systems\/\" \/>\n<meta property=\"article:modified_time\" content=\"2026-03-06T19:43:33+00:00\" \/>\n<meta property=\"og:image\" content=\"https:\/\/ciscomeraki.systems\/wp-content\/uploads\/2018\/06\/sfp-10gb-sr-2.jpg\" \/>\n\t<meta property=\"og:image:width\" content=\"263\" \/>\n\t<meta property=\"og:image:height\" content=\"152\" \/>\n\t<meta property=\"og:image:type\" content=\"image\/jpeg\" \/>\n<meta name=\"twitter:card\" content=\"summary_large_image\" \/>\n<script type=\"application\/ld+json\" class=\"yoast-schema-graph\">{\"@context\":\"https:\\\/\\\/schema.org\",\"@graph\":[{\"@type\":\"WebPage\",\"@id\":\"https:\\\/\\\/ciscomeraki.systems\\\/shop\\\/meraki-accessories-sv\\\/10-gbe-sfp-lr-fiber-transceiver-2\\\/\",\"url\":\"https:\\\/\\\/ciscomeraki.systems\\\/shop\\\/meraki-accessories-sv\\\/10-gbe-sfp-lr-fiber-transceiver-2\\\/\",\"name\":\"10 GbE SFP + LR-fibers\u00e4ndtagare - CISCO MERAKI\",\"isPartOf\":{\"@id\":\"https:\\\/\\\/ciscomeraki.systems\\\/#website\"},\"primaryImageOfPage\":{\"@id\":\"https:\\\/\\\/ciscomeraki.systems\\\/shop\\\/meraki-accessories-sv\\\/10-gbe-sfp-lr-fiber-transceiver-2\\\/#primaryimage\"},\"image\":{\"@id\":\"https:\\\/\\\/ciscomeraki.systems\\\/shop\\\/meraki-accessories-sv\\\/10-gbe-sfp-lr-fiber-transceiver-2\\\/#primaryimage\"},\"thumbnailUrl\":\"https:\\\/\\\/ciscomeraki.systems\\\/wp-content\\\/uploads\\\/2018\\\/06\\\/sfp-10gb-sr-2.jpg\",\"datePublished\":\"2019-08-16T19:51:27+00:00\",\"dateModified\":\"2026-03-06T19:43:33+00:00\",\"breadcrumb\":{\"@id\":\"https:\\\/\\\/ciscomeraki.systems\\\/shop\\\/meraki-accessories-sv\\\/10-gbe-sfp-lr-fiber-transceiver-2\\\/#breadcrumb\"},\"inLanguage\":\"en\",\"potentialAction\":[{\"@type\":\"ReadAction\",\"target\":[\"https:\\\/\\\/ciscomeraki.systems\\\/shop\\\/meraki-accessories-sv\\\/10-gbe-sfp-lr-fiber-transceiver-2\\\/\"]}]},{\"@type\":\"ImageObject\",\"inLanguage\":\"en\",\"@id\":\"https:\\\/\\\/ciscomeraki.systems\\\/shop\\\/meraki-accessories-sv\\\/10-gbe-sfp-lr-fiber-transceiver-2\\\/#primaryimage\",\"url\":\"https:\\\/\\\/ciscomeraki.systems\\\/wp-content\\\/uploads\\\/2018\\\/06\\\/sfp-10gb-sr-2.jpg\",\"contentUrl\":\"https:\\\/\\\/ciscomeraki.systems\\\/wp-content\\\/uploads\\\/2018\\\/06\\\/sfp-10gb-sr-2.jpg\",\"width\":263,\"height\":152},{\"@type\":\"BreadcrumbList\",\"@id\":\"https:\\\/\\\/ciscomeraki.systems\\\/shop\\\/meraki-accessories-sv\\\/10-gbe-sfp-lr-fiber-transceiver-2\\\/#breadcrumb\",\"itemListElement\":[{\"@type\":\"ListItem\",\"position\":1,\"name\":\"Home\",\"item\":\"https:\\\/\\\/ciscomeraki.systems\\\/\"},{\"@type\":\"ListItem\",\"position\":2,\"name\":\"Shop\",\"item\":\"https:\\\/\\\/ciscomeraki.systems\\\/shop\\\/\"},{\"@type\":\"ListItem\",\"position\":3,\"name\":\"10 GbE SFP + LR-fibers\u00e4ndtagare\"}]},{\"@type\":\"WebSite\",\"@id\":\"https:\\\/\\\/ciscomeraki.systems\\\/#website\",\"url\":\"https:\\\/\\\/ciscomeraki.systems\\\/\",\"name\":\"Cisco Meraki Systems\",\"description\":\"\",\"potentialAction\":[{\"@type\":\"SearchAction\",\"target\":{\"@type\":\"EntryPoint\",\"urlTemplate\":\"https:\\\/\\\/ciscomeraki.systems\\\/?s={search_term_string}\"},\"query-input\":{\"@type\":\"PropertyValueSpecification\",\"valueRequired\":true,\"valueName\":\"search_term_string\"}}],\"inLanguage\":\"en\"}]}<\/script>\n<!-- \/ Yoast SEO plugin. -->","yoast_head_json":{"title":"10 GbE SFP + LR-fibers\u00e4ndtagare - CISCO MERAKI","robots":{"index":"index","follow":"follow","max-snippet":"max-snippet:-1","max-image-preview":"max-image-preview:large","max-video-preview":"max-video-preview:-1"},"canonical":"https:\/\/ciscomeraki.systems\/en\/shop\/meraki-accessories-sv\/10-gbe-sfp-lr-fiber-transceiver-2\/","og_locale":"en_US","og_type":"article","og_title":"10 GbE SFP + LR-fibers\u00e4ndtagare - CISCO MERAKI","og_description":"F\u00f6r: MX250, MX400, MX450, MX600    Standard: 10GBASE-LR  R\u00e4ckvidd: inom 10km","og_url":"https:\/\/ciscomeraki.systems\/en\/shop\/meraki-accessories-sv\/10-gbe-sfp-lr-fiber-transceiver-2\/","og_site_name":"CISCO MERAKI","article_publisher":"https:\/\/www.facebook.com\/ciscomeraki.systems\/","article_modified_time":"2026-03-06T19:43:33+00:00","og_image":[{"width":263,"height":152,"url":"https:\/\/ciscomeraki.systems\/wp-content\/uploads\/2018\/06\/sfp-10gb-sr-2.jpg","type":"image\/jpeg"}],"twitter_card":"summary_large_image","schema":{"@context":"https:\/\/schema.org","@graph":[{"@type":"WebPage","@id":"https:\/\/ciscomeraki.systems\/shop\/meraki-accessories-sv\/10-gbe-sfp-lr-fiber-transceiver-2\/","url":"https:\/\/ciscomeraki.systems\/shop\/meraki-accessories-sv\/10-gbe-sfp-lr-fiber-transceiver-2\/","name":"10 GbE SFP + LR-fibers\u00e4ndtagare - CISCO MERAKI","isPartOf":{"@id":"https:\/\/ciscomeraki.systems\/#website"},"primaryImageOfPage":{"@id":"https:\/\/ciscomeraki.systems\/shop\/meraki-accessories-sv\/10-gbe-sfp-lr-fiber-transceiver-2\/#primaryimage"},"image":{"@id":"https:\/\/ciscomeraki.systems\/shop\/meraki-accessories-sv\/10-gbe-sfp-lr-fiber-transceiver-2\/#primaryimage"},"thumbnailUrl":"https:\/\/ciscomeraki.systems\/wp-content\/uploads\/2018\/06\/sfp-10gb-sr-2.jpg","datePublished":"2019-08-16T19:51:27+00:00","dateModified":"2026-03-06T19:43:33+00:00","breadcrumb":{"@id":"https:\/\/ciscomeraki.systems\/shop\/meraki-accessories-sv\/10-gbe-sfp-lr-fiber-transceiver-2\/#breadcrumb"},"inLanguage":"en","potentialAction":[{"@type":"ReadAction","target":["https:\/\/ciscomeraki.systems\/shop\/meraki-accessories-sv\/10-gbe-sfp-lr-fiber-transceiver-2\/"]}]},{"@type":"ImageObject","inLanguage":"en","@id":"https:\/\/ciscomeraki.systems\/shop\/meraki-accessories-sv\/10-gbe-sfp-lr-fiber-transceiver-2\/#primaryimage","url":"https:\/\/ciscomeraki.systems\/wp-content\/uploads\/2018\/06\/sfp-10gb-sr-2.jpg","contentUrl":"https:\/\/ciscomeraki.systems\/wp-content\/uploads\/2018\/06\/sfp-10gb-sr-2.jpg","width":263,"height":152},{"@type":"BreadcrumbList","@id":"https:\/\/ciscomeraki.systems\/shop\/meraki-accessories-sv\/10-gbe-sfp-lr-fiber-transceiver-2\/#breadcrumb","itemListElement":[{"@type":"ListItem","position":1,"name":"Home","item":"https:\/\/ciscomeraki.systems\/"},{"@type":"ListItem","position":2,"name":"Shop","item":"https:\/\/ciscomeraki.systems\/shop\/"},{"@type":"ListItem","position":3,"name":"10 GbE SFP + LR-fibers\u00e4ndtagare"}]},{"@type":"WebSite","@id":"https:\/\/ciscomeraki.systems\/#website","url":"https:\/\/ciscomeraki.systems\/","name":"Cisco Meraki Systems","description":"","potentialAction":[{"@type":"SearchAction","target":{"@type":"EntryPoint","urlTemplate":"https:\/\/ciscomeraki.systems\/?s={search_term_string}"},"query-input":{"@type":"PropertyValueSpecification","valueRequired":true,"valueName":"search_term_string"}}],"inLanguage":"en"}]}},"jetpack_sharing_enabled":true,"_links":{"self":[{"href":"https:\/\/ciscomeraki.systems\/en\/wp-json\/wp\/v2\/product\/2263","targetHints":{"allow":["GET"]}}],"collection":[{"href":"https:\/\/ciscomeraki.systems\/en\/wp-json\/wp\/v2\/product"}],"about":[{"href":"https:\/\/ciscomeraki.systems\/en\/wp-json\/wp\/v2\/types\/product"}],"replies":[{"embeddable":true,"href":"https:\/\/ciscomeraki.systems\/en\/wp-json\/wp\/v2\/comments?post=2263"}],"wp:featuredmedia":[{"embeddable":true,"href":"https:\/\/ciscomeraki.systems\/en\/wp-json\/wp\/v2\/media\/1851"}],"wp:attachment":[{"href":"https:\/\/ciscomeraki.systems\/en\/wp-json\/wp\/v2\/media?parent=2263"}],"wp:term":[{"taxonomy":"product_brand","embeddable":true,"href":"https:\/\/ciscomeraki.systems\/en\/wp-json\/wp\/v2\/product_brand?post=2263"},{"taxonomy":"product_cat","embeddable":true,"href":"https:\/\/ciscomeraki.systems\/en\/wp-json\/wp\/v2\/product_cat?post=2263"},{"taxonomy":"product_tag","embeddable":true,"href":"https:\/\/ciscomeraki.systems\/en\/wp-json\/wp\/v2\/product_tag?post=2263"}],"curies":[{"name":"wp","href":"https:\/\/api.w.org\/{rel}","templated":true}]}}