{"id":2284,"date":"2018-06-15T16:06:14","date_gmt":"2019-08-16T20:16:45","guid":{"rendered":"https:\/\/ciscomeraki.systems\/okategoriserad\/instickbart-ms410-16-hw\/"},"modified":"2026-03-06T19:43:45","modified_gmt":"2026-03-06T19:43:45","slug":"instickbart-ms410-16-hw","status":"publish","type":"product","link":"https:\/\/ciscomeraki.systems\/en\/shop\/cisco-sv\/meraki-ms-sv\/instickbart-ms410-16-hw\/","title":{"rendered":"INSTICKBART MS410-16-HW"},"content":{"rendered":"<p>Meraki INSTICKBART MS410-16 kunde-mngd 16X GigE SFP switch<\/p>\n<h6>Konfigurationer<\/h6>\n<ul class=\"list flat\">\n<li>16 port 1G fiber aggregering switch<\/li>\n<li>160G fysisk stapling<\/li>\n<\/ul>\n<h6>H\u00e5rdvaruplattform<\/h6>\n<ul class=\"list flat\">\n<li>16 \u00d7 1 GbE SFP-fiber<\/li>\n<li>2 \u00d7 10Gbe SFP +-fiber<\/li>\n<li>1 \u00d7 10\/100\/1000 RJ45-hanteringsport<\/li>\n<li>Icke-blockerande Switch Fabric<\/li>\n<li>72 Gbit\/s v\u00e4xlings kapacitet<\/li>\n<li>Kompakt design (1 RU)<\/li>\n<li>Ultra-tillf\u00f6rlitlig, inkluderar Livstids garanti<\/li>\n<\/ul>\n<h6>V\u00e4xlings m\u00f6jligheter<\/h6>\n<ul class=\"list flat\">\n<li>802.1 p-kvalitet f\u00f6r prioritering av tj\u00e4nster<\/li>\n<li>802.1 q VLAN-m\u00e4rkning f\u00f6r upp till 4 094 VLAN<\/li>\n<li>802.1 d spanning tree Protocol (STP) och 802.1 w snabb spanning tree Broadcast Storm kontroll<\/li>\n<\/ul>\n<h6>Layer 3-funktioner<\/h6>\n<ul class=\"list flat\">\n<li style=\"list-style-type: none;\">\n<ul class=\"list flat\">\n<li>Dynamisk routning (OSPFv2)<\/li>\n<li>Statisk routning<\/li>\n<li>DHCP Relay<\/li>\n<li>DHCP-server<\/li>\n<li>F\u00f6rst i en typ UI-baserad konfiguration<\/li>\n<li>Enkelt att konfigurera routade gr\u00e4nssnitt<\/li>\n<li>Varm ledig redundans (VRRP)<\/li>\n<li>DHCP-redundans<\/li>\n<\/ul>\n<\/li>\n<\/ul>\n<p>&nbsp;<\/p>\n<ul class=\"list flat\">\n<li>* Layer 3 med stapling tillg\u00e4nglig Q2 CY2016<\/li>\n<\/ul>\n<h6>Cloud Management<\/h6>\n<ul class=\"list flat\">\n<li>Enhetlig v\u00e4xel hantering fr\u00e5n aggregering till \u00e5tkomst lager<\/li>\n<li>Synlighet och kontroll \u00f6ver tusentals portar<\/li>\n<li>Inbyggd hantering av flera webbplatser<\/li>\n<li>Zero Touch-etablering<\/li>\n<\/ul>\n<h6>\u00d6vervakning och diagnostik<\/h6>\n<ul class=\"list flat\">\n<li>Testa Gateway-anslutning<\/li>\n<li>Fels\u00f6kningsverktyg i real tid<\/li>\n<li>E-post-och SMS-meddelanden<\/li>\n<\/ul>\n<p>&nbsp;<\/p>\n","protected":false},"excerpt":{"rendered":"<h3>Molnhanterad aggregerings v\u00e4xling f\u00f6r Campus<\/h3>\n","protected":false},"featured_media":1828,"comment_status":"open","ping_status":"closed","template":"","meta":[],"product_brand":[],"product_cat":[174],"product_tag":[211,224],"class_list":{"0":"post-2284","1":"product","2":"type-product","3":"status-publish","4":"has-post-thumbnail","6":"product_cat-meraki-ms-sv","7":"product_tag-meraki-sv","8":"product_tag-vaxlar","10":"first","11":"instock","12":"taxable","13":"shipping-taxable","14":"purchasable","15":"product-type-simple"},"yoast_head":"<!-- This site is optimized with the Yoast SEO plugin v27.3 - https:\/\/yoast.com\/product\/yoast-seo-wordpress\/ -->\n<title>INSTICKBART MS410-16-HW - CISCO MERAKI<\/title>\n<meta name=\"robots\" content=\"index, follow, max-snippet:-1, max-image-preview:large, max-video-preview:-1\" \/>\n<link rel=\"canonical\" href=\"https:\/\/ciscomeraki.systems\/en\/shop\/cisco-sv\/meraki-ms-sv\/instickbart-ms410-16-hw\/\" \/>\n<meta property=\"og:locale\" content=\"en_US\" \/>\n<meta property=\"og:type\" content=\"article\" \/>\n<meta property=\"og:title\" content=\"INSTICKBART MS410-16-HW - CISCO MERAKI\" \/>\n<meta property=\"og:description\" content=\"Molnhanterad aggregerings v\u00e4xling f\u00f6r Campus\" \/>\n<meta property=\"og:url\" content=\"https:\/\/ciscomeraki.systems\/en\/shop\/cisco-sv\/meraki-ms-sv\/instickbart-ms410-16-hw\/\" \/>\n<meta property=\"og:site_name\" content=\"CISCO MERAKI\" \/>\n<meta property=\"article:publisher\" content=\"https:\/\/www.facebook.com\/ciscomeraki.systems\/\" \/>\n<meta property=\"article:modified_time\" content=\"2026-03-06T19:43:45+00:00\" \/>\n<meta property=\"og:image\" content=\"https:\/\/ciscomeraki.systems\/wp-content\/uploads\/2018\/06\/ms410-16-mantle.jpg\" \/>\n\t<meta property=\"og:image:width\" content=\"1588\" \/>\n\t<meta property=\"og:image:height\" content=\"694\" \/>\n\t<meta property=\"og:image:type\" content=\"image\/jpeg\" \/>\n<meta name=\"twitter:card\" content=\"summary_large_image\" \/>\n<meta name=\"twitter:label1\" content=\"Est. reading time\" \/>\n\t<meta name=\"twitter:data1\" content=\"1 minute\" \/>\n<script type=\"application\/ld+json\" class=\"yoast-schema-graph\">{\"@context\":\"https:\\\/\\\/schema.org\",\"@graph\":[{\"@type\":\"WebPage\",\"@id\":\"https:\\\/\\\/ciscomeraki.systems\\\/shop\\\/cisco-sv\\\/meraki-ms-sv\\\/instickbart-ms410-16-hw\\\/\",\"url\":\"https:\\\/\\\/ciscomeraki.systems\\\/shop\\\/cisco-sv\\\/meraki-ms-sv\\\/instickbart-ms410-16-hw\\\/\",\"name\":\"INSTICKBART MS410-16-HW - CISCO MERAKI\",\"isPartOf\":{\"@id\":\"https:\\\/\\\/ciscomeraki.systems\\\/#website\"},\"primaryImageOfPage\":{\"@id\":\"https:\\\/\\\/ciscomeraki.systems\\\/shop\\\/cisco-sv\\\/meraki-ms-sv\\\/instickbart-ms410-16-hw\\\/#primaryimage\"},\"image\":{\"@id\":\"https:\\\/\\\/ciscomeraki.systems\\\/shop\\\/cisco-sv\\\/meraki-ms-sv\\\/instickbart-ms410-16-hw\\\/#primaryimage\"},\"thumbnailUrl\":\"https:\\\/\\\/ciscomeraki.systems\\\/wp-content\\\/uploads\\\/2018\\\/06\\\/ms410-16-mantle.jpg\",\"datePublished\":\"2019-08-16T20:16:45+00:00\",\"dateModified\":\"2026-03-06T19:43:45+00:00\",\"breadcrumb\":{\"@id\":\"https:\\\/\\\/ciscomeraki.systems\\\/shop\\\/cisco-sv\\\/meraki-ms-sv\\\/instickbart-ms410-16-hw\\\/#breadcrumb\"},\"inLanguage\":\"en\",\"potentialAction\":[{\"@type\":\"ReadAction\",\"target\":[\"https:\\\/\\\/ciscomeraki.systems\\\/shop\\\/cisco-sv\\\/meraki-ms-sv\\\/instickbart-ms410-16-hw\\\/\"]}]},{\"@type\":\"ImageObject\",\"inLanguage\":\"en\",\"@id\":\"https:\\\/\\\/ciscomeraki.systems\\\/shop\\\/cisco-sv\\\/meraki-ms-sv\\\/instickbart-ms410-16-hw\\\/#primaryimage\",\"url\":\"https:\\\/\\\/ciscomeraki.systems\\\/wp-content\\\/uploads\\\/2018\\\/06\\\/ms410-16-mantle.jpg\",\"contentUrl\":\"https:\\\/\\\/ciscomeraki.systems\\\/wp-content\\\/uploads\\\/2018\\\/06\\\/ms410-16-mantle.jpg\",\"width\":1588,\"height\":694},{\"@type\":\"BreadcrumbList\",\"@id\":\"https:\\\/\\\/ciscomeraki.systems\\\/shop\\\/cisco-sv\\\/meraki-ms-sv\\\/instickbart-ms410-16-hw\\\/#breadcrumb\",\"itemListElement\":[{\"@type\":\"ListItem\",\"position\":1,\"name\":\"Home\",\"item\":\"https:\\\/\\\/ciscomeraki.systems\\\/\"},{\"@type\":\"ListItem\",\"position\":2,\"name\":\"Shop\",\"item\":\"https:\\\/\\\/ciscomeraki.systems\\\/shop\\\/\"},{\"@type\":\"ListItem\",\"position\":3,\"name\":\"INSTICKBART MS410-16-HW\"}]},{\"@type\":\"WebSite\",\"@id\":\"https:\\\/\\\/ciscomeraki.systems\\\/#website\",\"url\":\"https:\\\/\\\/ciscomeraki.systems\\\/\",\"name\":\"Cisco Meraki Systems\",\"description\":\"\",\"potentialAction\":[{\"@type\":\"SearchAction\",\"target\":{\"@type\":\"EntryPoint\",\"urlTemplate\":\"https:\\\/\\\/ciscomeraki.systems\\\/?s={search_term_string}\"},\"query-input\":{\"@type\":\"PropertyValueSpecification\",\"valueRequired\":true,\"valueName\":\"search_term_string\"}}],\"inLanguage\":\"en\"}]}<\/script>\n<!-- \/ Yoast SEO plugin. -->","yoast_head_json":{"title":"INSTICKBART MS410-16-HW - CISCO MERAKI","robots":{"index":"index","follow":"follow","max-snippet":"max-snippet:-1","max-image-preview":"max-image-preview:large","max-video-preview":"max-video-preview:-1"},"canonical":"https:\/\/ciscomeraki.systems\/en\/shop\/cisco-sv\/meraki-ms-sv\/instickbart-ms410-16-hw\/","og_locale":"en_US","og_type":"article","og_title":"INSTICKBART MS410-16-HW - CISCO MERAKI","og_description":"Molnhanterad aggregerings v\u00e4xling f\u00f6r Campus","og_url":"https:\/\/ciscomeraki.systems\/en\/shop\/cisco-sv\/meraki-ms-sv\/instickbart-ms410-16-hw\/","og_site_name":"CISCO MERAKI","article_publisher":"https:\/\/www.facebook.com\/ciscomeraki.systems\/","article_modified_time":"2026-03-06T19:43:45+00:00","og_image":[{"width":1588,"height":694,"url":"https:\/\/ciscomeraki.systems\/wp-content\/uploads\/2018\/06\/ms410-16-mantle.jpg","type":"image\/jpeg"}],"twitter_card":"summary_large_image","twitter_misc":{"Est. reading time":"1 minute"},"schema":{"@context":"https:\/\/schema.org","@graph":[{"@type":"WebPage","@id":"https:\/\/ciscomeraki.systems\/shop\/cisco-sv\/meraki-ms-sv\/instickbart-ms410-16-hw\/","url":"https:\/\/ciscomeraki.systems\/shop\/cisco-sv\/meraki-ms-sv\/instickbart-ms410-16-hw\/","name":"INSTICKBART MS410-16-HW - CISCO MERAKI","isPartOf":{"@id":"https:\/\/ciscomeraki.systems\/#website"},"primaryImageOfPage":{"@id":"https:\/\/ciscomeraki.systems\/shop\/cisco-sv\/meraki-ms-sv\/instickbart-ms410-16-hw\/#primaryimage"},"image":{"@id":"https:\/\/ciscomeraki.systems\/shop\/cisco-sv\/meraki-ms-sv\/instickbart-ms410-16-hw\/#primaryimage"},"thumbnailUrl":"https:\/\/ciscomeraki.systems\/wp-content\/uploads\/2018\/06\/ms410-16-mantle.jpg","datePublished":"2019-08-16T20:16:45+00:00","dateModified":"2026-03-06T19:43:45+00:00","breadcrumb":{"@id":"https:\/\/ciscomeraki.systems\/shop\/cisco-sv\/meraki-ms-sv\/instickbart-ms410-16-hw\/#breadcrumb"},"inLanguage":"en","potentialAction":[{"@type":"ReadAction","target":["https:\/\/ciscomeraki.systems\/shop\/cisco-sv\/meraki-ms-sv\/instickbart-ms410-16-hw\/"]}]},{"@type":"ImageObject","inLanguage":"en","@id":"https:\/\/ciscomeraki.systems\/shop\/cisco-sv\/meraki-ms-sv\/instickbart-ms410-16-hw\/#primaryimage","url":"https:\/\/ciscomeraki.systems\/wp-content\/uploads\/2018\/06\/ms410-16-mantle.jpg","contentUrl":"https:\/\/ciscomeraki.systems\/wp-content\/uploads\/2018\/06\/ms410-16-mantle.jpg","width":1588,"height":694},{"@type":"BreadcrumbList","@id":"https:\/\/ciscomeraki.systems\/shop\/cisco-sv\/meraki-ms-sv\/instickbart-ms410-16-hw\/#breadcrumb","itemListElement":[{"@type":"ListItem","position":1,"name":"Home","item":"https:\/\/ciscomeraki.systems\/"},{"@type":"ListItem","position":2,"name":"Shop","item":"https:\/\/ciscomeraki.systems\/shop\/"},{"@type":"ListItem","position":3,"name":"INSTICKBART MS410-16-HW"}]},{"@type":"WebSite","@id":"https:\/\/ciscomeraki.systems\/#website","url":"https:\/\/ciscomeraki.systems\/","name":"Cisco Meraki Systems","description":"","potentialAction":[{"@type":"SearchAction","target":{"@type":"EntryPoint","urlTemplate":"https:\/\/ciscomeraki.systems\/?s={search_term_string}"},"query-input":{"@type":"PropertyValueSpecification","valueRequired":true,"valueName":"search_term_string"}}],"inLanguage":"en"}]}},"jetpack_sharing_enabled":true,"_links":{"self":[{"href":"https:\/\/ciscomeraki.systems\/en\/wp-json\/wp\/v2\/product\/2284","targetHints":{"allow":["GET"]}}],"collection":[{"href":"https:\/\/ciscomeraki.systems\/en\/wp-json\/wp\/v2\/product"}],"about":[{"href":"https:\/\/ciscomeraki.systems\/en\/wp-json\/wp\/v2\/types\/product"}],"replies":[{"embeddable":true,"href":"https:\/\/ciscomeraki.systems\/en\/wp-json\/wp\/v2\/comments?post=2284"}],"wp:featuredmedia":[{"embeddable":true,"href":"https:\/\/ciscomeraki.systems\/en\/wp-json\/wp\/v2\/media\/1828"}],"wp:attachment":[{"href":"https:\/\/ciscomeraki.systems\/en\/wp-json\/wp\/v2\/media?parent=2284"}],"wp:term":[{"taxonomy":"product_brand","embeddable":true,"href":"https:\/\/ciscomeraki.systems\/en\/wp-json\/wp\/v2\/product_brand?post=2284"},{"taxonomy":"product_cat","embeddable":true,"href":"https:\/\/ciscomeraki.systems\/en\/wp-json\/wp\/v2\/product_cat?post=2284"},{"taxonomy":"product_tag","embeddable":true,"href":"https:\/\/ciscomeraki.systems\/en\/wp-json\/wp\/v2\/product_tag?post=2284"}],"curies":[{"name":"wp","href":"https:\/\/api.w.org\/{rel}","templated":true}]}}